{"id":30306,"date":"2021-12-09T22:49:05","date_gmt":"2021-12-09T21:49:05","guid":{"rendered":"https:\/\/pepiniereezavin.fr\/?post_type=product&#038;p=30306"},"modified":"2022-04-20T21:12:25","modified_gmt":"2022-04-20T19:12:25","slug":"nephrolepis-cordifolia-plumosa","status":"publish","type":"product","link":"https:\/\/staging.pepiniereezavin.com\/en\/product\/nephrolepis-cordifolia-plumosa\/","title":{"rendered":"Nephrolepis cordifolia &lsquo;Plumosa&rsquo;"},"content":{"rendered":"<p>Les frondes de ce cultivar ont des pennes (segments lat\u00e9raux) <strong>divis\u00e9es une \u00e0 deux fois<\/strong> de plus \u00e0 leur extr\u00e9mit\u00e9. Ceci leur donne une largeur plus grande, et un <strong>port souple et tr\u00e8s gracieux<\/strong>. C&rsquo;est, gr\u00e2ce \u00e0 ses nombreux stolons,\u00a0une excellente plante pour <strong>pot\u00e9es suspendues<\/strong> ou pour <strong>mur v\u00e9g\u00e9tal<\/strong>, o\u00f9 elle forme rapidement un massif spectaculaire. V\u00e9randa ou int\u00e9rieur. Rustique -3\u00b0C, pas test\u00e9 en dessous<\/p>\n<p><span style=\"text-decoration: underline;\">Hauteur adulte<\/span>\u00a0: 80\/100 cm.\u00a0<span style=\"text-decoration: underline;\">Origine g\u00e9ographique<\/span>\u00a0: origine horticole.\u00a0<span style=\"text-decoration: underline;\">Persistance hiver<\/span>\u00a0: Persistant.\u00a0<span style=\"text-decoration: underline;\">Rusticit\u00e9 USDA<\/span>\u00a0: Zone 9.<\/p>","protected":false},"excerpt":{"rendered":"<p>Les frondes de ce cultivar ont des pennes (segments lat\u00e9raux) <strong>divis\u00e9es une \u00e0 deux fois<\/strong> de plus \u00e0 leur extr\u00e9mit\u00e9. Ceci leur donne une largeur plus grande, et un <strong>port souple et tr\u00e8s gracieux<\/strong>. C&rsquo;est, gr\u00e2ce \u00e0 ses nombreux stolons,\u00a0une excellente plante pour <strong>pot\u00e9es suspendues<\/strong> ou pour <strong>mur v\u00e9g\u00e9tal<\/strong>, o\u00f9 elle forme rapidement un massif spectaculaire. V\u00e9randa ou int\u00e9rieur. Rustique -3\u00b0C, pas test\u00e9 en dessous<\/p>\n<p><span style=\"text-decoration: underline;\">Hauteur adulte<\/span>\u00a0: 80\/100 cm.\u00a0<span style=\"text-decoration: underline;\">Origine g\u00e9ographique<\/span>\u00a0: origine horticole.\u00a0<span style=\"text-decoration: underline;\">Persistance hiver<\/span>\u00a0: Persistant.\u00a0<span style=\"text-decoration: underline;\">Rusticit\u00e9 USDA<\/span>\u00a0: Zone 9.<\/p>","protected":false},"featured_media":30345,"template":"","meta":{"site-sidebar-layout":"default","site-content-layout":"default","ast-global-header-display":"","ast-main-header-display":"","ast-hfb-above-header-display":"","ast-hfb-below-header-display":"","ast-hfb-mobile-header-display":"","site-post-title":"","ast-breadcrumbs-content":"","ast-featured-img":"","footer-sml-layout":"","theme-transparent-header-meta":"default","adv-header-id-meta":"","stick-header-meta":"default","header-above-stick-meta":"","header-main-stick-meta":"","header-below-stick-meta":""},"product_cat":[535,543,545],"product_tag":[527,528,529,556,558,533],"class_list":["post-30306","product","type-product","status-publish","has-post-thumbnail","hentry","product_cat-fougeres","product_cat-fougeres-interieur","product_cat-fougeres-climat-doux","product_tag-plantes-origine-africaine","product_tag-plantes-origine-americaine","product_tag-plantes-origine-asiatique","product_tag-plantes-pour-interieur","product_tag-plantes-pour-climats-doux","product_tag-plantes-pour-mur-vegetaux","pa_taille-du-pot-pot-12-14-cm-diametre","desktop-align-center","tablet-align-center","mobile-align-center","ast-product-gallery-layout-horizontal","ast-product-single-variable","ast-product-tabs-layout-horizontal","ast-qv-on-image"],"_links":{"self":[{"href":"https:\/\/staging.pepiniereezavin.com\/en\/wp-json\/wp\/v2\/product\/30306","targetHints":{"allow":["GET"]}}],"collection":[{"href":"https:\/\/staging.pepiniereezavin.com\/en\/wp-json\/wp\/v2\/product"}],"about":[{"href":"https:\/\/staging.pepiniereezavin.com\/en\/wp-json\/wp\/v2\/types\/product"}],"wp:featuredmedia":[{"embeddable":true,"href":"https:\/\/staging.pepiniereezavin.com\/en\/wp-json\/wp\/v2\/media\/30345"}],"wp:attachment":[{"href":"https:\/\/staging.pepiniereezavin.com\/en\/wp-json\/wp\/v2\/media?parent=30306"}],"wp:term":[{"taxonomy":"product_cat","embeddable":true,"href":"https:\/\/staging.pepiniereezavin.com\/en\/wp-json\/wp\/v2\/product_cat?post=30306"},{"taxonomy":"product_tag","embeddable":true,"href":"https:\/\/staging.pepiniereezavin.com\/en\/wp-json\/wp\/v2\/product_tag?post=30306"}],"curies":[{"name":"wp","href":"https:\/\/api.w.org\/{rel}","templated":true}]}}