{"id":30307,"date":"2021-12-09T22:49:06","date_gmt":"2021-12-09T21:49:06","guid":{"rendered":"https:\/\/pepiniereezavin.fr\/?post_type=product&#038;p=30307"},"modified":"2022-09-14T20:01:50","modified_gmt":"2022-09-14T18:01:50","slug":"nephrolepis-cordifolia-dennis-petticoats","status":"publish","type":"product","link":"https:\/\/staging.pepiniereezavin.com\/en\/product\/nephrolepis-cordifolia-dennis-petticoats\/","title":{"rendered":"Nephrolepis cordifolia &lsquo;Dennis Petticoats&rsquo;"},"content":{"rendered":"<p>Cet \u00e9tonnant cultivar vient du march\u00e9 aux plantes de Bangkok il y a 25 ans. Les frondes sont termin\u00e9es par des <strong>pompons<\/strong> (ramifications des derniers segments des frondes), dont le poids donne \u00e0 cette vari\u00e9t\u00e9 un <strong>port souple<\/strong>, courbe, tr\u00e8s d\u00e9coratif en <strong>pot\u00e9e<\/strong>,\u00a0<strong>suspension<\/strong> ou <strong>mur v\u00e9g\u00e9tal<\/strong>. A support\u00e9 des\u00a0gels tr\u00e8s brefs. Int\u00e9rieur ou v\u00e9randa. Croissance rapide et <strong>culture facile<\/strong>.<\/p>\n<p><span style=\"text-decoration: underline;\">Hauteur adulte<\/span>\u00a0: 40\/60 (80) cm. <span style=\"text-decoration: underline;\">Origine g\u00e9ographique<\/span>\u00a0: origine horticole. <span style=\"text-decoration: underline;\">Persistance hiver<\/span>\u00a0: Persistant. <span style=\"text-decoration: underline;\">Rusticit\u00e9 USDA<\/span>\u00a0: Zone 9.<\/p>","protected":false},"excerpt":{"rendered":"<p>Cet \u00e9tonnant cultivar vient du march\u00e9 aux plantes de Bangkok il y a 25 ans. Les frondes sont termin\u00e9es par des <strong>pompons<\/strong> (ramifications des derniers segments des frondes), dont le poids donne \u00e0 cette vari\u00e9t\u00e9 un <strong>port souple<\/strong>, courbe, tr\u00e8s d\u00e9coratif en <strong>pot\u00e9e<\/strong>,\u00a0<strong>suspension<\/strong> ou <strong>mur v\u00e9g\u00e9tal<\/strong>. A support\u00e9 des\u00a0gels tr\u00e8s brefs. Int\u00e9rieur ou v\u00e9randa. Croissance rapide et <strong>culture facile<\/strong>.<\/p>\n<p><span style=\"text-decoration: underline;\">Hauteur adulte<\/span>\u00a0: 40\/60 (80) cm. <span style=\"text-decoration: underline;\">Origine g\u00e9ographique<\/span>\u00a0: origine horticole. <span style=\"text-decoration: underline;\">Persistance hiver<\/span>\u00a0: Persistant. <span style=\"text-decoration: underline;\">Rusticit\u00e9 USDA<\/span>\u00a0: Zone 9.<\/p>","protected":false},"featured_media":30347,"template":"","meta":{"site-sidebar-layout":"default","site-content-layout":"default","ast-global-header-display":"","ast-main-header-display":"","ast-hfb-above-header-display":"","ast-hfb-below-header-display":"","ast-hfb-mobile-header-display":"","site-post-title":"","ast-breadcrumbs-content":"","ast-featured-img":"","footer-sml-layout":"","theme-transparent-header-meta":"default","adv-header-id-meta":"","stick-header-meta":"default","header-above-stick-meta":"","header-main-stick-meta":"","header-below-stick-meta":""},"product_cat":[535,543],"product_tag":[527,528,529,556,533],"class_list":["post-30307","product","type-product","status-publish","has-post-thumbnail","hentry","product_cat-fougeres","product_cat-fougeres-interieur","product_tag-plantes-origine-africaine","product_tag-plantes-origine-americaine","product_tag-plantes-origine-asiatique","product_tag-plantes-pour-interieur","product_tag-plantes-pour-mur-vegetaux","pa_taille-du-pot-pot-12-14-cm-diametre","desktop-align-center","tablet-align-center","mobile-align-center","ast-product-gallery-layout-horizontal","ast-product-single-variable","ast-product-tabs-layout-horizontal","ast-qv-on-image"],"_links":{"self":[{"href":"https:\/\/staging.pepiniereezavin.com\/en\/wp-json\/wp\/v2\/product\/30307","targetHints":{"allow":["GET"]}}],"collection":[{"href":"https:\/\/staging.pepiniereezavin.com\/en\/wp-json\/wp\/v2\/product"}],"about":[{"href":"https:\/\/staging.pepiniereezavin.com\/en\/wp-json\/wp\/v2\/types\/product"}],"wp:featuredmedia":[{"embeddable":true,"href":"https:\/\/staging.pepiniereezavin.com\/en\/wp-json\/wp\/v2\/media\/30347"}],"wp:attachment":[{"href":"https:\/\/staging.pepiniereezavin.com\/en\/wp-json\/wp\/v2\/media?parent=30307"}],"wp:term":[{"taxonomy":"product_cat","embeddable":true,"href":"https:\/\/staging.pepiniereezavin.com\/en\/wp-json\/wp\/v2\/product_cat?post=30307"},{"taxonomy":"product_tag","embeddable":true,"href":"https:\/\/staging.pepiniereezavin.com\/en\/wp-json\/wp\/v2\/product_tag?post=30307"}],"curies":[{"name":"wp","href":"https:\/\/api.w.org\/{rel}","templated":true}]}}