{"id":30309,"date":"2021-12-09T22:49:06","date_gmt":"2021-12-09T21:49:06","guid":{"rendered":"https:\/\/pepiniereezavin.fr\/?post_type=product&#038;p=30309"},"modified":"2022-09-28T11:56:24","modified_gmt":"2022-09-28T09:56:24","slug":"nephrolepis-cordifolia-duffii","status":"publish","type":"product","link":"https:\/\/staging.pepiniereezavin.com\/en\/product\/nephrolepis-cordifolia-duffii\/","title":{"rendered":"Nephrolepis cordifolia &lsquo;Duffii&rsquo;"},"content":{"rendered":"<p>Les frondes de ce cultivar ont des segments lat\u00e9raux ronds (5 \u00e0 8 mm de diam\u00e8tre) et regroup\u00e9s 2 par 2. Le port est donc compact et les frondes \u00e9troites s&rsquo;arquent \u00e9l\u00e9gamment. La parent\u00e9 de ce cultivar avec <em>Nephrolepis cordifolia<\/em> n&rsquo;est pas \u00e9vidente car la plante n&rsquo;a pas de tubercules, et est nettement moins rustique, mais <em>Nephrolepis cordifolia &lsquo;Duffii&rsquo;<\/em> est cit\u00e9 dans la litt\u00e9rature comme tel&#8230; Les stolons nombreux permettent d&rsquo;avoir rapidement une pot\u00e9e bien remplie.\u00a0En int\u00e9rieur, forme un tr\u00e8s bon couvre sol au pieds d&rsquo;une plante plus grande.\u00a0Hors gel en hiver.<\/p>\n<p><span style=\"text-decoration: underline;\">Hauteur adulte<\/span>\u00a0: 40\/60 cm.\u00a0<span style=\"text-decoration: underline;\">Origine g\u00e9ographique<\/span>\u00a0: origine horticole, de Nouvelle-Z\u00e9lande, zone Pacifique.\u00a0<span style=\"text-decoration: underline;\">Persistance hiver<\/span>\u00a0: Persistant.\u00a0<span style=\"text-decoration: underline;\">Rusticit\u00e9 USDA<\/span>\u00a0: Zone 9.<\/p>","protected":false},"excerpt":{"rendered":"<p>Les frondes de ce cultivar ont des segments lat\u00e9raux ronds (5 \u00e0 8 mm de diam\u00e8tre) et regroup\u00e9s 2 par 2. Le port est donc compact et les frondes \u00e9troites s&rsquo;arquent \u00e9l\u00e9gamment. La parent\u00e9 de ce cultivar avec <em>Nephrolepis cordifolia<\/em> n&rsquo;est pas \u00e9vidente car la plante n&rsquo;a pas de tubercules, et est nettement moins rustique, mais <em>Nephrolepis cordifolia &lsquo;Duffii&rsquo;<\/em> est cit\u00e9 dans la litt\u00e9rature comme tel&#8230; Les stolons nombreux permettent d&rsquo;avoir rapidement une pot\u00e9e bien remplie.\u00a0En int\u00e9rieur, forme un tr\u00e8s bon couvre sol au pieds d&rsquo;une plante plus grande.\u00a0Hors gel en hiver.<\/p>\n<p><span style=\"text-decoration: underline;\">Hauteur adulte<\/span>\u00a0: 40\/60 cm.\u00a0<span style=\"text-decoration: underline;\">Origine g\u00e9ographique<\/span>\u00a0: origine horticole, de Nouvelle-Z\u00e9lande, zone Pacifique.\u00a0<span style=\"text-decoration: underline;\">Persistance hiver<\/span>\u00a0: Persistant.\u00a0<span style=\"text-decoration: underline;\">Rusticit\u00e9 USDA<\/span>\u00a0: Zone 9.<\/p>","protected":false},"featured_media":30349,"template":"","meta":{"site-sidebar-layout":"default","site-content-layout":"default","ast-global-header-display":"","ast-main-header-display":"","ast-hfb-above-header-display":"","ast-hfb-below-header-display":"","ast-hfb-mobile-header-display":"","site-post-title":"","ast-breadcrumbs-content":"","ast-featured-img":"","footer-sml-layout":"","theme-transparent-header-meta":"default","adv-header-id-meta":"","stick-header-meta":"default","header-above-stick-meta":"","header-main-stick-meta":"","header-below-stick-meta":""},"product_cat":[535,543,544],"product_tag":[526,527,528,529,556,533,557],"class_list":["post-30309","product","type-product","status-publish","has-post-thumbnail","hentry","product_cat-fougeres","product_cat-fougeres-interieur","product_cat-fougeres-terrarium","product_tag-plantes-couvre-sol","product_tag-plantes-origine-africaine","product_tag-plantes-origine-americaine","product_tag-plantes-origine-asiatique","product_tag-plantes-pour-interieur","product_tag-plantes-pour-mur-vegetaux","product_tag-plantes-pour-terrarium","pa_taille-du-pot-pot-12-14-cm-diametre","desktop-align-center","tablet-align-center","mobile-align-center","ast-product-gallery-layout-horizontal","ast-product-single-variable","ast-product-tabs-layout-horizontal","ast-qv-on-image"],"_links":{"self":[{"href":"https:\/\/staging.pepiniereezavin.com\/en\/wp-json\/wp\/v2\/product\/30309","targetHints":{"allow":["GET"]}}],"collection":[{"href":"https:\/\/staging.pepiniereezavin.com\/en\/wp-json\/wp\/v2\/product"}],"about":[{"href":"https:\/\/staging.pepiniereezavin.com\/en\/wp-json\/wp\/v2\/types\/product"}],"wp:featuredmedia":[{"embeddable":true,"href":"https:\/\/staging.pepiniereezavin.com\/en\/wp-json\/wp\/v2\/media\/30349"}],"wp:attachment":[{"href":"https:\/\/staging.pepiniereezavin.com\/en\/wp-json\/wp\/v2\/media?parent=30309"}],"wp:term":[{"taxonomy":"product_cat","embeddable":true,"href":"https:\/\/staging.pepiniereezavin.com\/en\/wp-json\/wp\/v2\/product_cat?post=30309"},{"taxonomy":"product_tag","embeddable":true,"href":"https:\/\/staging.pepiniereezavin.com\/en\/wp-json\/wp\/v2\/product_tag?post=30309"}],"curies":[{"name":"wp","href":"https:\/\/api.w.org\/{rel}","templated":true}]}}