{"id":30310,"date":"2021-12-09T22:49:06","date_gmt":"2021-12-09T21:49:06","guid":{"rendered":"https:\/\/pepiniereezavin.fr\/?post_type=product&#038;p=30310"},"modified":"2022-07-29T10:49:37","modified_gmt":"2022-07-29T08:49:37","slug":"nephrolepis-exaltata-burkwoodii","status":"publish","type":"product","link":"https:\/\/staging.pepiniereezavin.com\/en\/product\/nephrolepis-exaltata-burkwoodii\/","title":{"rendered":"Nephrolepis exaltata &lsquo;Burkwoodii&rsquo;"},"content":{"rendered":"<p><em>Nephrolepis exaltata &lsquo;Burkwoodii&rsquo;\u00a0<\/em>a des frondes dress\u00e9es, aux segments lat\u00e9raux tr\u00e8s ramifi\u00e9es et se chevauchant. C&rsquo;est une plante d&rsquo;int\u00e9rieur remarquable par son <strong>graphisme tr\u00e8s g\u00e9om\u00e9trique<\/strong>, et son <strong>port compact<\/strong>. Les stolons nombreux permettent \u00e0 la plante de former une touffe dense.\u00a0<em>Nephrolepis exaltata &lsquo;Burkwoodii&rsquo;<\/em> est\u00a0une excellente plante d&rsquo;int\u00e9rieur ou de v\u00e9randa, de culture facile.<\/p>\n<p><span style=\"text-decoration: underline;\">Hauteur adulte<\/span>\u00a0: 40\/60 cm.\u00a0<span style=\"text-decoration: underline;\">Origine g\u00e9ographique<\/span>\u00a0: origine horticole.\u00a0<span style=\"text-decoration: underline;\">Persistance hiver<\/span>\u00a0: Persistant.\u00a0<span style=\"text-decoration: underline;\">Rusticit\u00e9 USDA<\/span>\u00a0:\u00a0Zone 11 (+4.4\u00b0C\/+10\u00b0C).<\/p>","protected":false},"excerpt":{"rendered":"<p><em>Nephrolepis exaltata &lsquo;Burkwoodii&rsquo;\u00a0<\/em>a des frondes dress\u00e9es, aux segments lat\u00e9raux tr\u00e8s ramifi\u00e9es et se chevauchant. C&rsquo;est une plante d&rsquo;int\u00e9rieur remarquable par son\u00a0<strong>graphisme tr\u00e8s g\u00e9om\u00e9trique<\/strong>, et son\u00a0<strong>port compact<\/strong>. Les stolons nombreux permettent \u00e0 la plante de former une touffe dense.\u00a0<em>Nephrolepis exaltata &lsquo;Burkwoodii&rsquo;<\/em>\u00a0est\u00a0une excellente plante d&rsquo;int\u00e9rieur ou de v\u00e9randa, de culture facile.<\/p>\n<p><span style=\"text-decoration: underline;\">Hauteur adulte<\/span>\u00a0: 40\/60 cm.\u00a0<span style=\"text-decoration: underline;\">Origine g\u00e9ographique<\/span>\u00a0: origine horticole.\u00a0<span style=\"text-decoration: underline;\">Persistance hiver<\/span>\u00a0: Persistant.\u00a0<span style=\"text-decoration: underline;\">Rusticit\u00e9 USDA<\/span>\u00a0:\u00a0Zone 11 (+4.4\u00b0C\/+10\u00b0C).<\/p>","protected":false},"featured_media":30352,"template":"","meta":{"site-sidebar-layout":"default","site-content-layout":"default","ast-global-header-display":"","ast-main-header-display":"","ast-hfb-above-header-display":"","ast-hfb-below-header-display":"","ast-hfb-mobile-header-display":"","site-post-title":"","ast-breadcrumbs-content":"","ast-featured-img":"","footer-sml-layout":"","theme-transparent-header-meta":"default","adv-header-id-meta":"","stick-header-meta":"default","header-above-stick-meta":"","header-main-stick-meta":"","header-below-stick-meta":""},"product_cat":[535,543],"product_tag":[528,556,533],"class_list":["post-30310","product","type-product","status-publish","has-post-thumbnail","hentry","product_cat-fougeres","product_cat-fougeres-interieur","product_tag-plantes-origine-americaine","product_tag-plantes-pour-interieur","product_tag-plantes-pour-mur-vegetaux","pa_taille-du-pot-pot-12-14-cm-diametre","desktop-align-center","tablet-align-center","mobile-align-center","ast-product-gallery-layout-horizontal","ast-product-single-variable","ast-product-tabs-layout-horizontal","ast-qv-on-image"],"_links":{"self":[{"href":"https:\/\/staging.pepiniereezavin.com\/en\/wp-json\/wp\/v2\/product\/30310","targetHints":{"allow":["GET"]}}],"collection":[{"href":"https:\/\/staging.pepiniereezavin.com\/en\/wp-json\/wp\/v2\/product"}],"about":[{"href":"https:\/\/staging.pepiniereezavin.com\/en\/wp-json\/wp\/v2\/types\/product"}],"wp:featuredmedia":[{"embeddable":true,"href":"https:\/\/staging.pepiniereezavin.com\/en\/wp-json\/wp\/v2\/media\/30352"}],"wp:attachment":[{"href":"https:\/\/staging.pepiniereezavin.com\/en\/wp-json\/wp\/v2\/media?parent=30310"}],"wp:term":[{"taxonomy":"product_cat","embeddable":true,"href":"https:\/\/staging.pepiniereezavin.com\/en\/wp-json\/wp\/v2\/product_cat?post=30310"},{"taxonomy":"product_tag","embeddable":true,"href":"https:\/\/staging.pepiniereezavin.com\/en\/wp-json\/wp\/v2\/product_tag?post=30310"}],"curies":[{"name":"wp","href":"https:\/\/api.w.org\/{rel}","templated":true}]}}