{"id":30312,"date":"2021-12-09T22:49:06","date_gmt":"2021-12-09T21:49:06","guid":{"rendered":"https:\/\/pepiniereezavin.fr\/?post_type=product&#038;p=30312"},"modified":"2022-07-29T10:59:20","modified_gmt":"2022-07-29T08:59:20","slug":"nephrolepis-exaltata-verona","status":"publish","type":"product","link":"https:\/\/staging.pepiniereezavin.com\/en\/product\/nephrolepis-exaltata-verona\/","title":{"rendered":"Nephrolepis exaltata &lsquo;Verona&rsquo;"},"content":{"rendered":"<p>Voici un cultivar assez volumineux une fois adulte : une belle pot\u00e9e atteint facilement 1 \u00e0 2 m de diam\u00e8tre. Les frondes allong\u00e9es sont<strong> redivis\u00e9es aux bouts des pennes lat\u00e9rales<\/strong> seulement, et dans un plan diff\u00e9rent de celui du limbe central. De plus, elles deviennent <strong>retombantes<\/strong> au fur et \u00e0 mesure de leur croissance. Le port est donc a\u00e9r\u00e9 et retombant. Tr\u00e8s d\u00e9coratif, \u00e9l\u00e9gant, architectural, bref, une splendeur! pour int\u00e9rieur ou v\u00e9randa. Culture facile.<\/p>\n<p><span style=\"text-decoration: underline;\">Hauteur adulte<\/span>\u00a0: 80\/100 cm.\u00a0<span style=\"text-decoration: underline;\">Origine g\u00e9ographique<\/span>\u00a0: origine horticole.\u00a0<span style=\"text-decoration: underline;\">Persistance hiver<\/span>\u00a0: Persistant.\u00a0<span style=\"text-decoration: underline;\">Rusticit\u00e9 USDA<\/span>\u00a0: Zone 9.<\/p>","protected":false},"excerpt":{"rendered":"<p>Voici un cultivar assez volumineux une fois adulte : une belle pot\u00e9e atteint facilement 1 \u00e0 2 m de diam\u00e8tre. Les frondes allong\u00e9es sont<strong> redivis\u00e9es aux bouts des pennes lat\u00e9rales<\/strong> seulement, et dans un plan diff\u00e9rent de celui du limbe central. De plus, elles deviennent <strong>retombantes<\/strong> au fur et \u00e0 mesure de leur croissance. Le port est donc a\u00e9r\u00e9 et retombant. Tr\u00e8s d\u00e9coratif, \u00e9l\u00e9gant, architectural, bref, une splendeur! pour int\u00e9rieur ou v\u00e9randa. Culture facile.<\/p>\n<p><span style=\"text-decoration: underline;\">Hauteur adulte<\/span>\u00a0: 80\/100 cm.\u00a0<span style=\"text-decoration: underline;\">Origine g\u00e9ographique<\/span>\u00a0: origine horticole.\u00a0<span style=\"text-decoration: underline;\">Persistance hiver<\/span>\u00a0: Persistant.\u00a0<span style=\"text-decoration: underline;\">Rusticit\u00e9 USDA<\/span>\u00a0: Zone 9.<\/p>","protected":false},"featured_media":30355,"template":"","meta":{"site-sidebar-layout":"default","site-content-layout":"default","ast-global-header-display":"","ast-main-header-display":"","ast-hfb-above-header-display":"","ast-hfb-below-header-display":"","ast-hfb-mobile-header-display":"","site-post-title":"","ast-breadcrumbs-content":"","ast-featured-img":"","footer-sml-layout":"","theme-transparent-header-meta":"default","adv-header-id-meta":"","stick-header-meta":"default","header-above-stick-meta":"","header-main-stick-meta":"","header-below-stick-meta":""},"product_cat":[535,543],"product_tag":[528,556,533],"class_list":["post-30312","product","type-product","status-publish","has-post-thumbnail","hentry","product_cat-fougeres","product_cat-fougeres-interieur","product_tag-plantes-origine-americaine","product_tag-plantes-pour-interieur","product_tag-plantes-pour-mur-vegetaux","pa_taille-du-pot-pot-12-14-cm-diametre","desktop-align-center","tablet-align-center","mobile-align-center","ast-product-gallery-layout-horizontal","ast-product-gallery-with-no-image","ast-product-single-variable","ast-product-tabs-layout-horizontal","ast-qv-on-image"],"_links":{"self":[{"href":"https:\/\/staging.pepiniereezavin.com\/en\/wp-json\/wp\/v2\/product\/30312","targetHints":{"allow":["GET"]}}],"collection":[{"href":"https:\/\/staging.pepiniereezavin.com\/en\/wp-json\/wp\/v2\/product"}],"about":[{"href":"https:\/\/staging.pepiniereezavin.com\/en\/wp-json\/wp\/v2\/types\/product"}],"wp:featuredmedia":[{"embeddable":true,"href":"https:\/\/staging.pepiniereezavin.com\/en\/wp-json\/wp\/v2\/media\/30355"}],"wp:attachment":[{"href":"https:\/\/staging.pepiniereezavin.com\/en\/wp-json\/wp\/v2\/media?parent=30312"}],"wp:term":[{"taxonomy":"product_cat","embeddable":true,"href":"https:\/\/staging.pepiniereezavin.com\/en\/wp-json\/wp\/v2\/product_cat?post=30312"},{"taxonomy":"product_tag","embeddable":true,"href":"https:\/\/staging.pepiniereezavin.com\/en\/wp-json\/wp\/v2\/product_tag?post=30312"}],"curies":[{"name":"wp","href":"https:\/\/api.w.org\/{rel}","templated":true}]}}