{"id":30315,"date":"2021-12-09T22:49:06","date_gmt":"2021-12-09T21:49:06","guid":{"rendered":"https:\/\/pepiniereezavin.fr\/?post_type=product&#038;p=30315"},"modified":"2022-04-20T21:08:58","modified_gmt":"2022-04-20T19:08:58","slug":"niphidium-crassifolium","status":"publish","type":"product","link":"https:\/\/staging.pepiniereezavin.com\/en\/product\/niphidium-crassifolium\/","title":{"rendered":"Niphidium crassifolium"},"content":{"rendered":"<p>Les foug\u00e8res \u00e0 <strong>frondes enti\u00e8res dress\u00e9es<\/strong> ne sont pas tr\u00e8s courantes, et cette esp\u00e8ce d&rsquo;Am\u00e9rique centrale poss\u00e8de des frondes<strong> coriaces<\/strong> de toute beaut\u00e9. La face inf\u00e9rieure est couverte de sores jaune orang\u00e9 sans indusie. Port dress\u00e9, plante robuste, tenant en ext\u00e9rieur ici lors de <strong>gels brefs<\/strong>, depuis 10 ans, avec peu d&rsquo;arrosage. Cette rusticit\u00e9 est tr\u00e8s \u00e9tonnante, mais a \u00e9t\u00e9 v\u00e9rifi\u00e9e en plusieurs endroits du littoral. A installer en sol pas trop humide en permanence. Niphidium crassifolium fait aussi une excellente plante d&rsquo;int\u00e9rieur, de v\u00e9randa ou de jardin d&rsquo;hiver, demandant peu d&rsquo;entretien.<\/p>\n<p><span style=\"text-decoration: underline;\">Hauteur adulte<\/span>\u00a0: 60\/80 cm.\u00a0<span style=\"text-decoration: underline;\">Origine g\u00e9ographique<\/span>\u00a0: Am\u00e9rique centrale et du sud\u00a0<span style=\"text-decoration: underline;\">Persistance hiver<\/span>\u00a0: Persistant.\u00a0<span style=\"text-decoration: underline;\">Rusticit\u00e9 USDA<\/span>\u00a0: Zone 8\/9.<\/p>","protected":false},"excerpt":{"rendered":"<p>Les foug\u00e8res \u00e0 <strong>frondes enti\u00e8res dress\u00e9es<\/strong> ne sont pas tr\u00e8s courantes, et cette esp\u00e8ce d&rsquo;Am\u00e9rique centrale poss\u00e8de des frondes<strong> coriaces<\/strong> de toute beaut\u00e9. La face inf\u00e9rieure est couverte de sores jaune orang\u00e9 sans indusie. Port dress\u00e9, plante robuste, tenant en ext\u00e9rieur ici lors de <strong>gels brefs<\/strong>, depuis 10 ans, avec peu d&rsquo;arrosage. Cette rusticit\u00e9 est tr\u00e8s \u00e9tonnante, mais a \u00e9t\u00e9 v\u00e9rifi\u00e9e en plusieurs endroits du littoral. A installer en sol pas trop humide en permanence. Niphidium crassifolium fait aussi une excellente plante d&rsquo;int\u00e9rieur, de v\u00e9randa ou de jardin d&rsquo;hiver, demandant peu d&rsquo;entretien.<\/p>\n<p><span style=\"text-decoration: underline;\">Hauteur adulte<\/span>\u00a0: 60\/80 cm.\u00a0<span style=\"text-decoration: underline;\">Origine g\u00e9ographique<\/span>\u00a0: Am\u00e9rique centrale et du sud.\u00a0<span style=\"text-decoration: underline;\">Persistance hiver<\/span>\u00a0: Persistant.\u00a0<span style=\"text-decoration: underline;\">Rusticit\u00e9 USDA<\/span>\u00a0: Zone 8\/9.<\/p>","protected":false},"featured_media":30361,"template":"","meta":{"site-sidebar-layout":"default","site-content-layout":"default","ast-global-header-display":"","ast-main-header-display":"","ast-hfb-above-header-display":"","ast-hfb-below-header-display":"","ast-hfb-mobile-header-display":"","site-post-title":"","ast-breadcrumbs-content":"","ast-featured-img":"","footer-sml-layout":"","theme-transparent-header-meta":"default","adv-header-id-meta":"","stick-header-meta":"default","header-above-stick-meta":"","header-main-stick-meta":"","header-below-stick-meta":""},"product_cat":[535,543,545],"product_tag":[525,528,556,533],"class_list":["post-30315","product","type-product","status-publish","has-post-thumbnail","hentry","product_cat-fougeres","product_cat-fougeres-interieur","product_cat-fougeres-climat-doux","product_tag-plantes-a-feuillage-coriace","product_tag-plantes-origine-americaine","product_tag-plantes-pour-interieur","product_tag-plantes-pour-mur-vegetaux","pa_taille-du-pot-pot-12-14-cm-diametre","desktop-align-center","tablet-align-center","mobile-align-center","ast-product-gallery-layout-horizontal","ast-product-single-variable","ast-product-tabs-layout-horizontal","ast-qv-on-image"],"_links":{"self":[{"href":"https:\/\/staging.pepiniereezavin.com\/en\/wp-json\/wp\/v2\/product\/30315","targetHints":{"allow":["GET"]}}],"collection":[{"href":"https:\/\/staging.pepiniereezavin.com\/en\/wp-json\/wp\/v2\/product"}],"about":[{"href":"https:\/\/staging.pepiniereezavin.com\/en\/wp-json\/wp\/v2\/types\/product"}],"wp:featuredmedia":[{"embeddable":true,"href":"https:\/\/staging.pepiniereezavin.com\/en\/wp-json\/wp\/v2\/media\/30361"}],"wp:attachment":[{"href":"https:\/\/staging.pepiniereezavin.com\/en\/wp-json\/wp\/v2\/media?parent=30315"}],"wp:term":[{"taxonomy":"product_cat","embeddable":true,"href":"https:\/\/staging.pepiniereezavin.com\/en\/wp-json\/wp\/v2\/product_cat?post=30315"},{"taxonomy":"product_tag","embeddable":true,"href":"https:\/\/staging.pepiniereezavin.com\/en\/wp-json\/wp\/v2\/product_tag?post=30315"}],"curies":[{"name":"wp","href":"https:\/\/api.w.org\/{rel}","templated":true}]}}