{"id":30317,"date":"2021-12-09T22:49:07","date_gmt":"2021-12-09T21:49:07","guid":{"rendered":"https:\/\/pepiniereezavin.fr\/?post_type=product&#038;p=30317"},"modified":"2022-11-11T09:14:02","modified_gmt":"2022-11-11T08:14:02","slug":"onychium-japonicum","status":"publish","type":"product","link":"https:\/\/staging.pepiniereezavin.com\/en\/product\/onychium-japonicum\/","title":{"rendered":"Onychium japonicum"},"content":{"rendered":"<p>Cette <strong>foug\u00e8re\u00a0drageonnante<\/strong> est un couvre sol original : ses frondes \u00e0 <strong>segments tr\u00e8s fins<\/strong> lui ont valu son nom anglais de foug\u00e8re-carotte. Sa croissance est vigoureuse dans un endroit \u00e0 l&rsquo;ombre ou en mi-ombre, avec un sol frais humif\u00e8re, qu&rsquo;il soit calcaire ou acide. Rustique -8\u00b0C ici. Tient \u00e0 Bruxelles en jardin. Tr\u00e8s gracieux par la finesse de son feuillage. Convient comme plante d&rsquo;int\u00e9rieur (atmosph\u00e8re humide), <strong>v\u00e9randa<\/strong> ou <strong>mur v\u00e9g\u00e9tal<\/strong>.<\/p>\n<p><span style=\"text-decoration: underline;\">Hauteur adulte<\/span>\u00a0: 40\/60 cm. <span style=\"text-decoration: underline;\">Origine g\u00e9ographique<\/span>\u00a0: Asie Sud Est, Japon, Himalaya Sud. <span style=\"text-decoration: underline;\">Persistance hiver<\/span>\u00a0: Persistante \u00e0 semi-persistante. <span style=\"text-decoration: underline;\">Rusticit\u00e9 USDA<\/span>\u00a0: Zone 7\/8<\/p>","protected":false},"excerpt":{"rendered":"<p>Cette <strong>foug\u00e8re\u00a0drageonnante<\/strong> est un couvre sol original : ses frondes \u00e0 <strong>segments tr\u00e8s fins<\/strong> lui ont valu son nom anglais de foug\u00e8re-carotte. Sa croissance est vigoureuse dans un endroit \u00e0 l&rsquo;ombre ou en mi-ombre, avec un sol frais humif\u00e8re, qu&rsquo;il soit calcaire ou acide. Rustique -8\u00b0C ici. Tient \u00e0 Bruxelles en jardin. Tr\u00e8s gracieux par la finesse de son feuillage. Convient comme plante d&rsquo;int\u00e9rieur (atmosph\u00e8re humide), <strong>v\u00e9randa<\/strong> ou <strong>mur v\u00e9g\u00e9tal<\/strong>.<\/p>\n<p><span style=\"text-decoration: underline;\">Hauteur adulte<\/span>\u00a0: 40\/60 cm. <span style=\"text-decoration: underline;\">Origine g\u00e9ographique<\/span>\u00a0: Asie Sud Est, Japon, Himalaya Sud. <span style=\"text-decoration: underline;\">Persistance hiver<\/span>\u00a0: Persistante \u00e0 semi-persistante. <span style=\"text-decoration: underline;\">Rusticit\u00e9 USDA<\/span>\u00a0: Zone 7\/8<\/p>","protected":false},"featured_media":30390,"template":"","meta":{"site-sidebar-layout":"default","site-content-layout":"default","ast-global-header-display":"","ast-main-header-display":"","ast-hfb-above-header-display":"","ast-hfb-below-header-display":"","ast-hfb-mobile-header-display":"","site-post-title":"","ast-breadcrumbs-content":"","ast-featured-img":"","footer-sml-layout":"","theme-transparent-header-meta":"default","adv-header-id-meta":"","stick-header-meta":"default","header-above-stick-meta":"","header-main-stick-meta":"","header-below-stick-meta":""},"product_cat":[535,543,545],"product_tag":[529,556,558,533],"class_list":["post-30317","product","type-product","status-publish","has-post-thumbnail","hentry","product_cat-fougeres","product_cat-fougeres-interieur","product_cat-fougeres-climat-doux","product_tag-plantes-origine-asiatique","product_tag-plantes-pour-interieur","product_tag-plantes-pour-climats-doux","product_tag-plantes-pour-mur-vegetaux","pa_taille-du-pot-pot-12-14-cm-diametre","desktop-align-center","tablet-align-center","mobile-align-center","ast-product-gallery-layout-horizontal","ast-product-single-variable","ast-product-tabs-layout-horizontal","ast-qv-on-image"],"_links":{"self":[{"href":"https:\/\/staging.pepiniereezavin.com\/en\/wp-json\/wp\/v2\/product\/30317","targetHints":{"allow":["GET"]}}],"collection":[{"href":"https:\/\/staging.pepiniereezavin.com\/en\/wp-json\/wp\/v2\/product"}],"about":[{"href":"https:\/\/staging.pepiniereezavin.com\/en\/wp-json\/wp\/v2\/types\/product"}],"wp:featuredmedia":[{"embeddable":true,"href":"https:\/\/staging.pepiniereezavin.com\/en\/wp-json\/wp\/v2\/media\/30390"}],"wp:attachment":[{"href":"https:\/\/staging.pepiniereezavin.com\/en\/wp-json\/wp\/v2\/media?parent=30317"}],"wp:term":[{"taxonomy":"product_cat","embeddable":true,"href":"https:\/\/staging.pepiniereezavin.com\/en\/wp-json\/wp\/v2\/product_cat?post=30317"},{"taxonomy":"product_tag","embeddable":true,"href":"https:\/\/staging.pepiniereezavin.com\/en\/wp-json\/wp\/v2\/product_tag?post=30317"}],"curies":[{"name":"wp","href":"https:\/\/api.w.org\/{rel}","templated":true}]}}