{"id":30370,"date":"2021-12-09T22:49:29","date_gmt":"2021-12-09T21:49:29","guid":{"rendered":"https:\/\/pepiniereezavin.fr\/?post_type=product&#038;p=30370"},"modified":"2022-10-13T19:41:38","modified_gmt":"2022-10-13T17:41:38","slug":"pellaea-falcata","status":"publish","type":"product","link":"https:\/\/staging.pepiniereezavin.com\/en\/product\/pellaea-falcata\/","title":{"rendered":"Pellaea falcata"},"content":{"rendered":"<p><em>Pellaea falcata<\/em> forme une touffe de frondes vert fonc\u00e9 \u00e0 segments\u00a0 allong\u00e9s et pointus. Les <strong>reflets bleus<\/strong>\u00a0du feuillage sont propres \u00e0 cette esp\u00e8ce.\u00a0Persistant en ext\u00e9rieur ici. C&rsquo;est aussi une plante possible en int\u00e9rieur, avec\u00a0un faible besoin en eau, et une allure compacte tr\u00e8s \u00e9l\u00e9gante.<\/p>\n<p><span style=\"text-decoration: underline;\">Hauteur adulte<\/span>\u00a0: 40\/60 cm.\u00a0<span style=\"text-decoration: underline;\">Origine g\u00e9ographique<\/span>\u00a0:\u00a0De l&rsquo;Inde \u00e0 la Nouvelle-Z\u00e9lande.\u00a0<span style=\"text-decoration: underline;\">Persistance hiver<\/span>\u00a0: Persistante.\u00a0<span style=\"text-decoration: underline;\">Rusticit\u00e9 USDA<\/span>\u00a0: Zone 8\/9.<\/p>","protected":false},"excerpt":{"rendered":"<p><em>Pellaea falcata<\/em> forme une touffe de frondes vert fonc\u00e9 \u00e0 segments\u00a0 allong\u00e9s et pointus. Les <strong>reflets bleus<\/strong>\u00a0du feuillage sont propres \u00e0 cette esp\u00e8ce.\u00a0Persistant en ext\u00e9rieur ici. C&rsquo;est aussi une plante possible en int\u00e9rieur, avec\u00a0un faible besoin en eau, et une allure compacte tr\u00e8s \u00e9l\u00e9gante.<\/p>\n<p><span style=\"text-decoration: underline;\">Hauteur adulte<\/span>\u00a0: 40\/60 cm.\u00a0<span style=\"text-decoration: underline;\">Origine g\u00e9ographique<\/span>\u00a0:\u00a0De l&rsquo;Inde \u00e0 la Nouvelle-Z\u00e9lande.\u00a0<span style=\"text-decoration: underline;\">Persistance hiver<\/span>\u00a0: Persistante.\u00a0<span style=\"text-decoration: underline;\">Rusticit\u00e9 USDA<\/span>\u00a0: Zone 8\/9.<\/p>","protected":false},"featured_media":30395,"template":"","meta":{"site-sidebar-layout":"default","site-content-layout":"default","ast-global-header-display":"","ast-main-header-display":"","ast-hfb-above-header-display":"","ast-hfb-below-header-display":"","ast-hfb-mobile-header-display":"","site-post-title":"","ast-breadcrumbs-content":"","ast-featured-img":"","footer-sml-layout":"","theme-transparent-header-meta":"default","adv-header-id-meta":"","stick-header-meta":"default","header-above-stick-meta":"","header-main-stick-meta":"","header-below-stick-meta":""},"product_cat":[535,543,545],"product_tag":[529,531,556,558,533],"class_list":["post-30370","product","type-product","status-publish","has-post-thumbnail","hentry","product_cat-fougeres","product_cat-fougeres-interieur","product_cat-fougeres-climat-doux","product_tag-plantes-origine-asiatique","product_tag-plantes-origine-oceanienne","product_tag-plantes-pour-interieur","product_tag-plantes-pour-climats-doux","product_tag-plantes-pour-mur-vegetaux","pa_taille-du-pot-pot-12-14-cm-diametre","desktop-align-center","tablet-align-center","mobile-align-center","ast-product-gallery-layout-horizontal","ast-product-single-variable","ast-product-tabs-layout-horizontal","ast-qv-on-image"],"_links":{"self":[{"href":"https:\/\/staging.pepiniereezavin.com\/en\/wp-json\/wp\/v2\/product\/30370","targetHints":{"allow":["GET"]}}],"collection":[{"href":"https:\/\/staging.pepiniereezavin.com\/en\/wp-json\/wp\/v2\/product"}],"about":[{"href":"https:\/\/staging.pepiniereezavin.com\/en\/wp-json\/wp\/v2\/types\/product"}],"wp:featuredmedia":[{"embeddable":true,"href":"https:\/\/staging.pepiniereezavin.com\/en\/wp-json\/wp\/v2\/media\/30395"}],"wp:attachment":[{"href":"https:\/\/staging.pepiniereezavin.com\/en\/wp-json\/wp\/v2\/media?parent=30370"}],"wp:term":[{"taxonomy":"product_cat","embeddable":true,"href":"https:\/\/staging.pepiniereezavin.com\/en\/wp-json\/wp\/v2\/product_cat?post=30370"},{"taxonomy":"product_tag","embeddable":true,"href":"https:\/\/staging.pepiniereezavin.com\/en\/wp-json\/wp\/v2\/product_tag?post=30370"}],"curies":[{"name":"wp","href":"https:\/\/api.w.org\/{rel}","templated":true}]}}