{"id":30374,"date":"2021-12-09T22:49:30","date_gmt":"2021-12-09T21:49:30","guid":{"rendered":"https:\/\/pepiniereezavin.fr\/?post_type=product&#038;p=30374"},"modified":"2022-12-01T17:56:26","modified_gmt":"2022-12-01T16:56:26","slug":"phymatosorus-cuspidatus","status":"publish","type":"product","link":"https:\/\/staging.pepiniereezavin.com\/en\/product\/phymatosorus-cuspidatus\/","title":{"rendered":"Phymatosorus cuspidatus"},"content":{"rendered":"<p>Cette foug\u00e8re poss\u00e8de un <strong>\u00e9pais\u00a0rhizome vert clair<\/strong> d&rsquo;environ 2 cm de diam\u00e8tre, couvert d&rsquo;\u00e9cailles rondes marron fonc\u00e9 \u00e9parses. Ses<strong> frondes imposantes (1.5 m x 40 cm)<\/strong> apparaissent le long du rhizome, qui sort fr\u00e9quemment du pot, pour ressembler \u00e0 un serpent vert immobile! Les segments des frondes sont plus individualis\u00e9s\u00a0et pointus que chez son cousin <em>Phlebodium<\/em>. Le limbe est <strong>vert \u00e9meraude<\/strong>. C&rsquo;est une tr\u00e8s belle plante d&rsquo;int\u00e9rieur, ou de v\u00e9randa, ou sur un mur v\u00e9g\u00e9tal, en partie haute, avec ses grandes frondes (+ de 1 m) s&rsquo;arquant \u00e9l\u00e9gamment. En climat bord de mer, elle peut tr\u00e8s bien \u00eatre install\u00e9e en ext\u00e9rieur, \u00e0 l&rsquo;ombre.\u00a0Rustique ici \u00e0 -5\u00b0 au sec.<\/p>\n<p><span style=\"text-decoration: underline;\">Hauteur adulte<\/span>\u00a0: 40\/60 (100) cm.\u00a0<span style=\"text-decoration: underline;\">Origine g\u00e9ographique<\/span>\u00a0: Asie du Sud-Est.\u00a0<span style=\"text-decoration: underline;\">Persistance hiver<\/span>\u00a0: Persistante si hors gel.\u00a0<span style=\"text-decoration: underline;\">Rusticit\u00e9 USDA<\/span>\u00a0: Zone 9. Supporte des gels brefs si d\u00e9gel quotidien (et si la terre est s\u00e8che).<\/p>","protected":false},"excerpt":{"rendered":"<p>Cette foug\u00e8re poss\u00e8de un <strong>\u00e9pais\u00a0rhizome vert clair<\/strong> d&rsquo;environ 2 cm de diam\u00e8tre, couvert d&rsquo;\u00e9cailles rondes marron fonc\u00e9 \u00e9parses. Ses<strong> frondes imposantes (1.5 m x 40 cm)<\/strong> apparaissent le long du rhizome, qui sort fr\u00e9quemment du pot, pour ressembler \u00e0 un serpent vert immobile! Les segments des frondes sont plus individualis\u00e9s\u00a0et pointus que chez son cousin <em>Phlebodium<\/em>. Le limbe est <strong>vert \u00e9meraude<\/strong>. C&rsquo;est une tr\u00e8s belle plante d&rsquo;int\u00e9rieur, ou de v\u00e9randa, ou sur un mur v\u00e9g\u00e9tal, en partie haute, avec ses grandes frondes (+ de 1 m) s&rsquo;arquant \u00e9l\u00e9gamment. En climat bord de mer, elle peut tr\u00e8s bien \u00eatre install\u00e9e en ext\u00e9rieur, \u00e0 l&rsquo;ombre.\u00a0Rustique ici \u00e0 -5\u00b0 au sec.<\/p>\n<p><span style=\"text-decoration: underline;\">Hauteur adulte<\/span>\u00a0: 40\/60 (100) cm.\u00a0<span style=\"text-decoration: underline;\">Origine g\u00e9ographique<\/span>\u00a0: Asie du Sud-Est.\u00a0<span style=\"text-decoration: underline;\">Persistance hiver<\/span>\u00a0: Persistante si hors gel.\u00a0<span style=\"text-decoration: underline;\">Rusticit\u00e9 USDA<\/span>\u00a0: Zone 9. Supporte des gels brefs si d\u00e9gel quotidien (et si la terre est s\u00e8che).<\/p>","protected":false},"featured_media":30403,"template":"","meta":{"site-sidebar-layout":"default","site-content-layout":"default","ast-global-header-display":"","ast-main-header-display":"","ast-hfb-above-header-display":"","ast-hfb-below-header-display":"","ast-hfb-mobile-header-display":"","site-post-title":"","ast-breadcrumbs-content":"","ast-featured-img":"","footer-sml-layout":"","theme-transparent-header-meta":"default","adv-header-id-meta":"","stick-header-meta":"default","header-above-stick-meta":"","header-main-stick-meta":"","header-below-stick-meta":""},"product_cat":[535,543],"product_tag":[525,529,556,533],"class_list":["post-30374","product","type-product","status-publish","has-post-thumbnail","hentry","product_cat-fougeres","product_cat-fougeres-interieur","product_tag-plantes-a-feuillage-coriace","product_tag-plantes-origine-asiatique","product_tag-plantes-pour-interieur","product_tag-plantes-pour-mur-vegetaux","pa_taille-du-pot-pot-12-14-cm-diametre","pa_taille-du-pot-pot-15-18-cm-diametre","desktop-align-center","tablet-align-center","mobile-align-center","ast-product-gallery-layout-horizontal","ast-product-single-variable","ast-product-tabs-layout-horizontal","ast-qv-on-image"],"_links":{"self":[{"href":"https:\/\/staging.pepiniereezavin.com\/en\/wp-json\/wp\/v2\/product\/30374","targetHints":{"allow":["GET"]}}],"collection":[{"href":"https:\/\/staging.pepiniereezavin.com\/en\/wp-json\/wp\/v2\/product"}],"about":[{"href":"https:\/\/staging.pepiniereezavin.com\/en\/wp-json\/wp\/v2\/types\/product"}],"wp:featuredmedia":[{"embeddable":true,"href":"https:\/\/staging.pepiniereezavin.com\/en\/wp-json\/wp\/v2\/media\/30403"}],"wp:attachment":[{"href":"https:\/\/staging.pepiniereezavin.com\/en\/wp-json\/wp\/v2\/media?parent=30374"}],"wp:term":[{"taxonomy":"product_cat","embeddable":true,"href":"https:\/\/staging.pepiniereezavin.com\/en\/wp-json\/wp\/v2\/product_cat?post=30374"},{"taxonomy":"product_tag","embeddable":true,"href":"https:\/\/staging.pepiniereezavin.com\/en\/wp-json\/wp\/v2\/product_tag?post=30374"}],"curies":[{"name":"wp","href":"https:\/\/api.w.org\/{rel}","templated":true}]}}