{"id":30375,"date":"2021-12-09T22:49:30","date_gmt":"2021-12-09T21:49:30","guid":{"rendered":"https:\/\/pepiniereezavin.fr\/?post_type=product&#038;p=30375"},"modified":"2023-01-05T07:16:01","modified_gmt":"2023-01-05T06:16:01","slug":"platycerium-bifurcatum","status":"publish","type":"product","link":"https:\/\/staging.pepiniereezavin.com\/en\/product\/platycerium-bifurcatum\/","title":{"rendered":"Platycerium bifurcatum"},"content":{"rendered":"<p>La foug\u00e8re<strong> corne de cerf <\/strong>est une plante \u00e9piphyte (non parasite)\u00a0qui,\u00a0adulte, atteint\u00a0environ 2 m de diam\u00e8tre. C&rsquo;est la taille qu&rsquo;a notre pied, que nous cultivons depuis 20 ans! En int\u00e9rieur, elle gardera des proportions plus contenues (quoique!) Cette esp\u00e8ce australienne \u00e9met de<strong> nombreux bourgeons lat\u00e9raux<\/strong>, qui lui permettent de s&rsquo;accro\u00eetre en tous sens. Arroser bien, une fois par semaine, pas plus. Ralentir les arrosages en hiver, et prot\u00e9ger des gels.<\/p>\n<p><span style=\"text-decoration: underline;\">Hauteur adulte<\/span>\u00a0: 40\/60 (100) cm.\u00a0<span style=\"text-decoration: underline;\">Origine g\u00e9ographique<\/span>\u00a0: Asie du Sud-Est.\u00a0<span style=\"text-decoration: underline;\">Persistance hiver<\/span>\u00a0: Persistante si hors gel.\u00a0<span style=\"text-decoration: underline;\">Rusticit\u00e9 USDA<\/span>\u00a0: Zone 9. Supporte des gels brefs avec d\u00e9gel quotidien si au sec.<\/p>","protected":false},"excerpt":{"rendered":"<p>La foug\u00e8re<strong>\u00a0corne de cerf\u00a0<\/strong>est une plante \u00e9piphyte (non parasite)\u00a0qui,\u00a0adulte, atteint\u00a0environ 2 m de diam\u00e8tre. C&rsquo;est la taille qu&rsquo;a notre pied, que nous cultivons depuis 20 ans! En int\u00e9rieur, elle gardera des proportions plus contenues (quoique!) Cette esp\u00e8ce australienne \u00e9met de<strong>\u00a0nombreux bourgeons lat\u00e9raux<\/strong>, qui lui permettent de s&rsquo;accro\u00eetre en tous sens. Arroser bien, une fois par semaine, pas plus. Ralentir les arrosages en hiver, et prot\u00e9ger des gels.<\/p>\n<p><span style=\"text-decoration: underline;\">Hauteur adulte<\/span>\u00a0: 40\/60 (100) cm.\u00a0<span style=\"text-decoration: underline;\">Origine g\u00e9ographique<\/span>\u00a0: Asie du Sud-Est.\u00a0<span style=\"text-decoration: underline;\">Persistance hiver<\/span>\u00a0: Persistante si hors gel.\u00a0<span style=\"text-decoration: underline;\">Rusticit\u00e9 USDA<\/span>\u00a0: Zone 9. Supporte des gels brefs avec d\u00e9gel quotidien si au sec.<\/p>","protected":false},"featured_media":30407,"template":"","meta":{"site-sidebar-layout":"default","site-content-layout":"default","ast-global-header-display":"","ast-main-header-display":"","ast-hfb-above-header-display":"","ast-hfb-below-header-display":"","ast-hfb-mobile-header-display":"","site-post-title":"","ast-breadcrumbs-content":"","ast-featured-img":"","footer-sml-layout":"","theme-transparent-header-meta":"default","adv-header-id-meta":"","stick-header-meta":"default","header-above-stick-meta":"","header-main-stick-meta":"","header-below-stick-meta":""},"product_cat":[535,543],"product_tag":[531,556,533],"class_list":["post-30375","product","type-product","status-publish","has-post-thumbnail","hentry","product_cat-fougeres","product_cat-fougeres-interieur","product_tag-plantes-origine-oceanienne","product_tag-plantes-pour-interieur","product_tag-plantes-pour-mur-vegetaux","pa_taille-du-pot-pot-12-14-cm-diametre","desktop-align-center","tablet-align-center","mobile-align-center","ast-product-gallery-layout-horizontal","ast-product-single-variable","ast-product-tabs-layout-horizontal","ast-qv-on-image"],"_links":{"self":[{"href":"https:\/\/staging.pepiniereezavin.com\/en\/wp-json\/wp\/v2\/product\/30375","targetHints":{"allow":["GET"]}}],"collection":[{"href":"https:\/\/staging.pepiniereezavin.com\/en\/wp-json\/wp\/v2\/product"}],"about":[{"href":"https:\/\/staging.pepiniereezavin.com\/en\/wp-json\/wp\/v2\/types\/product"}],"wp:featuredmedia":[{"embeddable":true,"href":"https:\/\/staging.pepiniereezavin.com\/en\/wp-json\/wp\/v2\/media\/30407"}],"wp:attachment":[{"href":"https:\/\/staging.pepiniereezavin.com\/en\/wp-json\/wp\/v2\/media?parent=30375"}],"wp:term":[{"taxonomy":"product_cat","embeddable":true,"href":"https:\/\/staging.pepiniereezavin.com\/en\/wp-json\/wp\/v2\/product_cat?post=30375"},{"taxonomy":"product_tag","embeddable":true,"href":"https:\/\/staging.pepiniereezavin.com\/en\/wp-json\/wp\/v2\/product_tag?post=30375"}],"curies":[{"name":"wp","href":"https:\/\/api.w.org\/{rel}","templated":true}]}}