{"id":30376,"date":"2021-12-09T22:49:30","date_gmt":"2021-12-09T21:49:30","guid":{"rendered":"https:\/\/pepiniereezavin.fr\/?post_type=product&#038;p=30376"},"modified":"2022-12-24T18:41:02","modified_gmt":"2022-12-24T17:41:02","slug":"polypodium-cambricum","status":"publish","type":"product","link":"https:\/\/staging.pepiniereezavin.com\/en\/product\/polypodium-cambricum\/","title":{"rendered":"Polypodium cambricum"},"content":{"rendered":"<p>(= <em>Polypodium australe<\/em>) Le <strong>Polypode du Pays de Galles <\/strong>ou<strong> Polypode austral<\/strong> est\u00a0une foug\u00e8re \u00ab\u00a0<strong>valeur-s\u00fbre<\/strong>\u00a0\u00bb pour votre jardin. Cette forme oc\u00e9anique et m\u00e9diterran\u00e9enne de polypode a une p\u00e9riode de <strong>v\u00e9g\u00e9tation hivernale<\/strong> : les jeunes crosses apparaissent en automne, les frondes s&rsquo;\u00e9panouissent pendant tout l&rsquo;hiver et le printemps, puis s\u00e8chent lorsque la s\u00e9cheresse arrive en d\u00e9but d&rsquo;\u00e9t\u00e9. Si l&rsquo;\u00e9t\u00e9 est humide, alors <em>Polypodium cambricum<\/em> garde ses frondes toute l&rsquo;ann\u00e9e. C&rsquo;est une formidable plante pour une <strong>rocaille<\/strong> de mi-ombre ou d&rsquo;ombre: aucun entretien, et en plus elle est <strong>magnifique en hiver<\/strong>. Les plantes bien d\u00e9velopp\u00e9es pr\u00e9sentent des segments lat\u00e9raux cr\u00e9nel\u00e9s. Son port courbe et son rhizome tra\u00e7ant lui donnent une propension particuli\u00e8re pour former de beaux massifs sur un <strong>mur v\u00e9g\u00e9tal<\/strong> d&rsquo;ext\u00e9rieur ou d&rsquo;int\u00e9rieur.<\/p>\n<p><span style=\"text-decoration: underline;\">Hauteur adulte<\/span>\u00a0: 20\/40\u00a0cm.\u00a0<span style=\"text-decoration: underline;\">Origine g\u00e9ographique<\/span>\u00a0: Europe occidentale, Asie (Turquie), Afrique du Nord (+ Macaron\u00e9sie).\u00a0<span style=\"text-decoration: underline;\">Persistance hiver<\/span>\u00a0: Persistante.\u00a0<span style=\"text-decoration: underline;\">Rusticit\u00e9 USDA<\/span>\u00a0: Zone 6.<\/p>","protected":false},"excerpt":{"rendered":"<p>(= <em>Polypodium australe<\/em>) Le <strong>Polypode du Pays de Galles <\/strong>ou<strong> Polypode austral<\/strong> est\u00a0une foug\u00e8re \u00ab\u00a0<strong>valeur-s\u00fbre<\/strong>\u00a0\u00bb pour votre jardin. Cette forme oc\u00e9anique et m\u00e9diterran\u00e9enne de polypode a une p\u00e9riode de <strong>v\u00e9g\u00e9tation hivernale<\/strong> : les jeunes crosses apparaissent en automne, les frondes s&rsquo;\u00e9panouissent pendant tout l&rsquo;hiver et le printemps, puis s\u00e8chent lorsque la s\u00e9cheresse arrive en d\u00e9but d&rsquo;\u00e9t\u00e9. Si l&rsquo;\u00e9t\u00e9 est humide, alors <em>Polypodium cambricum<\/em> garde ses frondes toute l&rsquo;ann\u00e9e. C&rsquo;est une formidable plante pour une <strong>rocaille<\/strong> de mi-ombre ou d&rsquo;ombre: aucun entretien, et en plus elle est <strong>magnifique en hiver<\/strong>. Les plantes bien d\u00e9velopp\u00e9es pr\u00e9sentent des segments lat\u00e9raux cr\u00e9nel\u00e9s. Son port courbe et son rhizome tra\u00e7ant lui donnent une propension particuli\u00e8re pour former de beaux massifs sur un <strong>mur v\u00e9g\u00e9tal<\/strong> d&rsquo;ext\u00e9rieur ou d&rsquo;int\u00e9rieur.<\/p>\n<p><span style=\"text-decoration: underline;\">Hauteur adulte<\/span>\u00a0: 20\/40\u00a0cm.\u00a0<span style=\"text-decoration: underline;\">Origine g\u00e9ographique<\/span>\u00a0: Europe occidentale, Asie (Turquie), Afrique du Nord (+ Macaron\u00e9sie).\u00a0<span style=\"text-decoration: underline;\">Persistance hiver<\/span>\u00a0: Persistante.\u00a0<span style=\"text-decoration: underline;\">Rusticit\u00e9 USDA<\/span>\u00a0: Zone 6.<\/p>","protected":false},"featured_media":30411,"template":"","meta":{"site-sidebar-layout":"default","site-content-layout":"default","ast-global-header-display":"","ast-main-header-display":"","ast-hfb-above-header-display":"","ast-hfb-below-header-display":"","ast-hfb-mobile-header-display":"","site-post-title":"","ast-breadcrumbs-content":"","ast-featured-img":"","footer-sml-layout":"","theme-transparent-header-meta":"default","adv-header-id-meta":"","stick-header-meta":"default","header-above-stick-meta":"","header-main-stick-meta":"","header-below-stick-meta":""},"product_cat":[535,545],"product_tag":[527,529,530,558,533,534],"class_list":["post-30376","product","type-product","status-publish","has-post-thumbnail","hentry","product_cat-fougeres","product_cat-fougeres-climat-doux","product_tag-plantes-origine-africaine","product_tag-plantes-origine-asiatique","product_tag-plantes-origine-europeenne","product_tag-plantes-pour-climats-doux","product_tag-plantes-pour-mur-vegetaux","product_tag-plantes-pour-ombre-seche","pa_taille-du-pot-pot-12-14-cm-diametre","desktop-align-center","tablet-align-center","mobile-align-center","ast-product-gallery-layout-horizontal","ast-product-single-variable","ast-product-tabs-layout-horizontal","ast-qv-on-image"],"_links":{"self":[{"href":"https:\/\/staging.pepiniereezavin.com\/en\/wp-json\/wp\/v2\/product\/30376","targetHints":{"allow":["GET"]}}],"collection":[{"href":"https:\/\/staging.pepiniereezavin.com\/en\/wp-json\/wp\/v2\/product"}],"about":[{"href":"https:\/\/staging.pepiniereezavin.com\/en\/wp-json\/wp\/v2\/types\/product"}],"wp:featuredmedia":[{"embeddable":true,"href":"https:\/\/staging.pepiniereezavin.com\/en\/wp-json\/wp\/v2\/media\/30411"}],"wp:attachment":[{"href":"https:\/\/staging.pepiniereezavin.com\/en\/wp-json\/wp\/v2\/media?parent=30376"}],"wp:term":[{"taxonomy":"product_cat","embeddable":true,"href":"https:\/\/staging.pepiniereezavin.com\/en\/wp-json\/wp\/v2\/product_cat?post=30376"},{"taxonomy":"product_tag","embeddable":true,"href":"https:\/\/staging.pepiniereezavin.com\/en\/wp-json\/wp\/v2\/product_tag?post=30376"}],"curies":[{"name":"wp","href":"https:\/\/api.w.org\/{rel}","templated":true}]}}