{"id":30378,"date":"2021-12-09T22:49:30","date_gmt":"2021-12-09T21:49:30","guid":{"rendered":"https:\/\/pepiniereezavin.fr\/?post_type=product&#038;p=30378"},"modified":"2022-05-09T18:10:20","modified_gmt":"2022-05-09T16:10:20","slug":"polypodium-cambricum-omnilacerum-oxford","status":"publish","type":"product","link":"https:\/\/staging.pepiniereezavin.com\/en\/product\/polypodium-cambricum-omnilacerum-oxford\/","title":{"rendered":"Polypodium cambricum &lsquo;Omnilacerum Oxford&rsquo;"},"content":{"rendered":"<p>(= <em>P. cambricum &lsquo;Omnilacerum Superbum&rsquo; = P. australe &lsquo;Omnilacerum Oxford&rsquo; = P. australe\u00a0&lsquo;Omnilacerum Superbum&rsquo;<\/em>) Cette forme, <strong>une des plus hautes<\/strong> (60 cm), d\u00e9couverte en Cornouailles \u00e0 la fin du XIX\u00e8me si\u00e8cle, a des frondes\u00a0dress\u00e9es, \u00e0 segments lat\u00e9raux relativement \u00e9troits et profond\u00e9ment d\u00e9coup\u00e9s. \u00a0Elle forme une touffe qui s&rsquo;\u00e9tend lentement gr\u00e2ce aux rhizomes ramifi\u00e9s \u00e0 la surface du sol et dans la liti\u00e8re. <strong>Culture tr\u00e8s facile<\/strong> en rocaille, bordure, mur v\u00e9g\u00e9tal&#8230; Repos estival si sec.<\/p>\n<p><span style=\"text-decoration: underline;\">Hauteur adulte<\/span>\u00a0: 40\/60 cm.\u00a0<span style=\"text-decoration: underline;\">Origine g\u00e9ographique<\/span>\u00a0: Souche anglaise (Cornouailles).\u00a0<span style=\"text-decoration: underline;\">Persistance hiver<\/span>\u00a0: Persistante.\u00a0<span style=\"text-decoration: underline;\">Rusticit\u00e9 USDA<\/span>\u00a0: Zone 6.<\/p>","protected":false},"excerpt":{"rendered":"<p>(= <em>P. cambricum &lsquo;Omnilacerum Superbum&rsquo; = P. australe &lsquo;Omnilacerum Oxford&rsquo; = P. australe\u00a0&lsquo;Omnilacerum Superbum&rsquo;<\/em>) Cette forme, <strong>une des plus hautes<\/strong> (60 cm), d\u00e9couverte en Cornouailles \u00e0 la fin du XIX\u00e8me si\u00e8cle, a des frondes\u00a0dress\u00e9es, \u00e0 segments lat\u00e9raux relativement \u00e9troits et profond\u00e9ment d\u00e9coup\u00e9s. \u00a0Elle forme une touffe qui s&rsquo;\u00e9tend lentement gr\u00e2ce aux rhizomes ramifi\u00e9s \u00e0 la surface du sol et dans la liti\u00e8re. <strong>Culture tr\u00e8s facile<\/strong> en rocaille, bordure, mur v\u00e9g\u00e9tal&#8230; Repos estival si sec.<\/p>\n<p><span style=\"text-decoration: underline;\">Hauteur adulte<\/span>\u00a0: 40\/60 cm.\u00a0<span style=\"text-decoration: underline;\">Origine g\u00e9ographique<\/span>\u00a0: Souche anglaise (Cornouailles).\u00a0<span style=\"text-decoration: underline;\">Persistance hiver<\/span>\u00a0: Persistante.\u00a0<span style=\"text-decoration: underline;\">Rusticit\u00e9 USDA<\/span>\u00a0: Zone 6.<\/p>","protected":false},"featured_media":30413,"template":"","meta":{"site-sidebar-layout":"default","site-content-layout":"default","ast-global-header-display":"","ast-main-header-display":"","ast-hfb-above-header-display":"","ast-hfb-below-header-display":"","ast-hfb-mobile-header-display":"","site-post-title":"","ast-breadcrumbs-content":"","ast-featured-img":"","footer-sml-layout":"","theme-transparent-header-meta":"default","adv-header-id-meta":"","stick-header-meta":"default","header-above-stick-meta":"","header-main-stick-meta":"","header-below-stick-meta":""},"product_cat":[535,545,546],"product_tag":[530,558,559,533,534],"class_list":["post-30378","product","type-product","status-publish","has-post-thumbnail","hentry","product_cat-fougeres","product_cat-fougeres-climat-doux","product_cat-fougeres-climat-frais","product_tag-plantes-origine-europeenne","product_tag-plantes-pour-climats-doux","product_tag-plantes-pour-climats-frais","product_tag-plantes-pour-mur-vegetaux","product_tag-plantes-pour-ombre-seche","pa_taille-du-pot-pot-12-14-cm-diametre","desktop-align-center","tablet-align-center","mobile-align-center","ast-product-gallery-layout-horizontal","ast-product-single-variable","ast-product-tabs-layout-horizontal","ast-qv-on-image"],"_links":{"self":[{"href":"https:\/\/staging.pepiniereezavin.com\/en\/wp-json\/wp\/v2\/product\/30378","targetHints":{"allow":["GET"]}}],"collection":[{"href":"https:\/\/staging.pepiniereezavin.com\/en\/wp-json\/wp\/v2\/product"}],"about":[{"href":"https:\/\/staging.pepiniereezavin.com\/en\/wp-json\/wp\/v2\/types\/product"}],"wp:featuredmedia":[{"embeddable":true,"href":"https:\/\/staging.pepiniereezavin.com\/en\/wp-json\/wp\/v2\/media\/30413"}],"wp:attachment":[{"href":"https:\/\/staging.pepiniereezavin.com\/en\/wp-json\/wp\/v2\/media?parent=30378"}],"wp:term":[{"taxonomy":"product_cat","embeddable":true,"href":"https:\/\/staging.pepiniereezavin.com\/en\/wp-json\/wp\/v2\/product_cat?post=30378"},{"taxonomy":"product_tag","embeddable":true,"href":"https:\/\/staging.pepiniereezavin.com\/en\/wp-json\/wp\/v2\/product_tag?post=30378"}],"curies":[{"name":"wp","href":"https:\/\/api.w.org\/{rel}","templated":true}]}}