{"id":30379,"date":"2021-12-09T22:49:30","date_gmt":"2021-12-09T21:49:30","guid":{"rendered":"https:\/\/pepiniereezavin.fr\/?post_type=product&#038;p=30379"},"modified":"2022-09-28T12:15:39","modified_gmt":"2022-09-28T10:15:39","slug":"polypodium-cambricum-prestonii","status":"publish","type":"product","link":"https:\/\/staging.pepiniereezavin.com\/en\/product\/polypodium-cambricum-prestonii\/","title":{"rendered":"Polypodium cambricum &lsquo;Prestonii&rsquo;"},"content":{"rendered":"<p>(= <em>Polypodium australe &lsquo;Prestonii&rsquo;<\/em>) Cette forme fut d\u00e9couverte en Angleterre (Lancashire) \u00e0 la fin du XIX\u00e8me si\u00e8cle. Ses frondes ont des pennes lat\u00e9rales jusqu&rsquo;\u00e0 trois fois d\u00e9coup\u00e9es , avec les<strong> lobes des pennes\u00a0se superposant<\/strong>, et les segments terminaux <strong>pointus et vrill\u00e9s<\/strong>. \u00a0La plante est vigoureuse et forme une excellente plante de rocaille \u00e0 port tr\u00e8s dense. La croissance est surtout hivernale, comme pour les <em>Polypodium cambricum<\/em>. A mettre en valeur au <strong>jardin<\/strong> ou dans la <strong>v\u00e9randa<\/strong> (pour profiter de sa belle v\u00e9g\u00e9tation hivernale), ou sur un <strong>mur v\u00e9g\u00e9tal<\/strong>, sur lequel <em>Polypodium cambricum &lsquo;Prestonii&rsquo;<\/em> sera persistant toute l&rsquo;ann\u00e9e.<\/p>\n<p><span style=\"text-decoration: underline;\">Hauteur adulte<\/span>\u00a0: 20\/30 cm.\u00a0<span style=\"text-decoration: underline;\">Origine g\u00e9ographique<\/span>\u00a0: Souche anglaise (Lancashire).\u00a0<span style=\"text-decoration: underline;\">Persistance hiver<\/span>\u00a0: Persistante. \u00a0<span style=\"text-decoration: underline;\">Rusticit\u00e9 USDA<\/span>\u00a0: Zone 6.<\/p>","protected":false},"excerpt":{"rendered":"<p>(= <em>Polypodium australe &lsquo;Prestonii&rsquo;<\/em>) Cette forme fut d\u00e9couverte en Angleterre (Lancashire) \u00e0 la fin du XIX\u00e8me si\u00e8cle. Ses frondes ont des pennes lat\u00e9rales jusqu&rsquo;\u00e0 trois fois d\u00e9coup\u00e9es , avec les<strong> lobes des pennes\u00a0se superposant<\/strong>, et les segments terminaux <strong>pointus et vrill\u00e9s<\/strong>. \u00a0La plante est vigoureuse et forme une excellente plante de rocaille \u00e0 port tr\u00e8s dense. La croissance est surtout hivernale, comme pour les <em>Polypodium cambricum<\/em>. A mettre en valeur au <strong>jardin<\/strong> ou dans la <strong>v\u00e9randa<\/strong> (pour profiter de sa belle v\u00e9g\u00e9tation hivernale), ou sur un <strong>mur v\u00e9g\u00e9tal<\/strong>, sur lequel <em>Polypodium cambricum &lsquo;Prestonii&rsquo;<\/em> sera persistant toute l&rsquo;ann\u00e9e.<\/p>\n<p><span style=\"text-decoration: underline;\">Hauteur adulte<\/span>\u00a0: 20\/30 cm.\u00a0<span style=\"text-decoration: underline;\">Origine g\u00e9ographique<\/span>\u00a0: Souche anglaise (Lancashire).\u00a0<span style=\"text-decoration: underline;\">Persistance hiver<\/span>\u00a0: Persistante. \u00a0<span style=\"text-decoration: underline;\">Rusticit\u00e9 USDA<\/span>\u00a0: Zone 6.<\/p>","protected":false},"featured_media":30415,"template":"","meta":{"site-sidebar-layout":"default","site-content-layout":"default","ast-global-header-display":"","ast-main-header-display":"","ast-hfb-above-header-display":"","ast-hfb-below-header-display":"","ast-hfb-mobile-header-display":"","site-post-title":"","ast-breadcrumbs-content":"","ast-featured-img":"","footer-sml-layout":"","theme-transparent-header-meta":"default","adv-header-id-meta":"","stick-header-meta":"default","header-above-stick-meta":"","header-main-stick-meta":"","header-below-stick-meta":""},"product_cat":[535,545],"product_tag":[530,558,533,534],"class_list":["post-30379","product","type-product","status-publish","has-post-thumbnail","hentry","product_cat-fougeres","product_cat-fougeres-climat-doux","product_tag-plantes-origine-europeenne","product_tag-plantes-pour-climats-doux","product_tag-plantes-pour-mur-vegetaux","product_tag-plantes-pour-ombre-seche","pa_taille-du-pot-pot-12-14-cm-diametre","desktop-align-center","tablet-align-center","mobile-align-center","ast-product-gallery-layout-horizontal","ast-product-single-variable","ast-product-tabs-layout-horizontal","ast-qv-on-image"],"_links":{"self":[{"href":"https:\/\/staging.pepiniereezavin.com\/en\/wp-json\/wp\/v2\/product\/30379","targetHints":{"allow":["GET"]}}],"collection":[{"href":"https:\/\/staging.pepiniereezavin.com\/en\/wp-json\/wp\/v2\/product"}],"about":[{"href":"https:\/\/staging.pepiniereezavin.com\/en\/wp-json\/wp\/v2\/types\/product"}],"wp:featuredmedia":[{"embeddable":true,"href":"https:\/\/staging.pepiniereezavin.com\/en\/wp-json\/wp\/v2\/media\/30415"}],"wp:attachment":[{"href":"https:\/\/staging.pepiniereezavin.com\/en\/wp-json\/wp\/v2\/media?parent=30379"}],"wp:term":[{"taxonomy":"product_cat","embeddable":true,"href":"https:\/\/staging.pepiniereezavin.com\/en\/wp-json\/wp\/v2\/product_cat?post=30379"},{"taxonomy":"product_tag","embeddable":true,"href":"https:\/\/staging.pepiniereezavin.com\/en\/wp-json\/wp\/v2\/product_tag?post=30379"}],"curies":[{"name":"wp","href":"https:\/\/api.w.org\/{rel}","templated":true}]}}