{"id":30380,"date":"2021-12-09T22:49:31","date_gmt":"2021-12-09T21:49:31","guid":{"rendered":"https:\/\/pepiniereezavin.fr\/?post_type=product&#038;p=30380"},"modified":"2022-10-11T10:38:50","modified_gmt":"2022-10-11T08:38:50","slug":"polypodium-cambricum-pulcherrimum","status":"publish","type":"product","link":"https:\/\/staging.pepiniereezavin.com\/en\/product\/polypodium-cambricum-pulcherrimum\/","title":{"rendered":"Polypodium cambricum &lsquo;Pulcherrimum&rsquo;"},"content":{"rendered":"<p><a href=\"https:\/\/staging.pepiniereezavin.com\/wp-content\/uploads\/2015\/02\/SaintJean_automne_2013_poly.cambricum350x246.jpg\"><img loading=\"lazy\" decoding=\"async\" class=\"wp-image-2344 alignright\" src=\"https:\/\/staging.pepiniereezavin.com\/wp-content\/uploads\/2015\/02\/SaintJean_automne_2013_poly.cambricum350x246-300x211.jpg\" alt=\"SaintJean_automne_2013_poly.cambricum(350x246)\" width=\"228\" height=\"161\" \/><\/a>(=\u00a0<em>Polypodium australe &lsquo;Pulcherrimum&rsquo;<\/em>). Les frondes ont des pennes lat\u00e9rales jusqu&rsquo;\u00e0 trois fois d\u00e9coup\u00e9es , avec les <strong>lobes des pennes\u00a0se superposant<\/strong>. Segments terminaux <strong>arrondis<\/strong>. C&rsquo;est une excellente plante de rocaille \u00e0 port tr\u00e8s dense, et \u00e0<strong> v\u00e9g\u00e9tation vigoureuse<\/strong>. A utiliser en bordure, ou sur un mur v\u00e9g\u00e9tal\u00a0sur lequel <em>Polypodium cambricum &lsquo;Pulcherrimum&rsquo;<\/em> sera persistant toute l&rsquo;ann\u00e9e. La croissance est surtout hivernale, comme pour les <em>Polypodium cambricum<\/em>.<\/p>\n<p><span style=\"text-decoration: underline;\">Hauteur adulte<\/span>\u00a0: 20\/40 cm.\u00a0<span style=\"text-decoration: underline;\">Origine g\u00e9ographique<\/span>\u00a0: Souche anglaise.\u00a0<span style=\"text-decoration: underline;\">Persistance hiver<\/span>\u00a0: Persistante.\u00a0<span style=\"text-decoration: underline;\">Rusticit\u00e9 USDA<\/span>\u00a0: Zone 6.<\/p>","protected":false},"excerpt":{"rendered":"<p><a href=\"https:\/\/staging.pepiniereezavin.com\/wp-content\/uploads\/2015\/02\/SaintJean_automne_2013_poly.cambricum350x246.jpg\"><img loading=\"lazy\" decoding=\"async\" class=\"wp-image-2344 alignright\" src=\"https:\/\/staging.pepiniereezavin.com\/wp-content\/uploads\/2015\/02\/SaintJean_automne_2013_poly.cambricum350x246-300x211.jpg\" alt=\"SaintJean_automne_2013_poly.cambricum(350x246)\" width=\"228\" height=\"161\" \/><\/a>(=\u00a0<em>Polypodium australe &lsquo;Pulcherrimum&rsquo;<\/em>). Les frondes ont des pennes lat\u00e9rales jusqu&rsquo;\u00e0 trois fois d\u00e9coup\u00e9es , avec les <strong>lobes des pennes\u00a0se superposant<\/strong>. Segments terminaux <strong>arrondis<\/strong>. C&rsquo;est une excellente plante de rocaille \u00e0 port tr\u00e8s dense, et \u00e0<strong> v\u00e9g\u00e9tation vigoureuse<\/strong>. A utiliser en bordure, ou sur un mur v\u00e9g\u00e9tal\u00a0sur lequel <em>Polypodium cambricum &lsquo;Pulcherrimum&rsquo;<\/em> sera persistant toute l&rsquo;ann\u00e9e. La croissance est surtout hivernale, comme pour les <em>Polypodium cambricum<\/em>.<\/p>\n<p><span style=\"text-decoration: underline;\">Hauteur adulte<\/span>\u00a0: 20\/40 cm.\u00a0<span style=\"text-decoration: underline;\">Origine g\u00e9ographique<\/span>\u00a0: Souche anglaise.\u00a0<span style=\"text-decoration: underline;\">Persistance hiver<\/span>\u00a0: Persistante.\u00a0<span style=\"text-decoration: underline;\">Rusticit\u00e9 USDA<\/span>\u00a0: Zone 6.<\/p>","protected":false},"featured_media":30418,"template":"","meta":{"site-sidebar-layout":"default","site-content-layout":"default","ast-global-header-display":"","ast-main-header-display":"","ast-hfb-above-header-display":"","ast-hfb-below-header-display":"","ast-hfb-mobile-header-display":"","site-post-title":"","ast-breadcrumbs-content":"","ast-featured-img":"","footer-sml-layout":"","theme-transparent-header-meta":"default","adv-header-id-meta":"","stick-header-meta":"default","header-above-stick-meta":"","header-main-stick-meta":"","header-below-stick-meta":""},"product_cat":[535,545],"product_tag":[530,558,533,534],"class_list":["post-30380","product","type-product","status-publish","has-post-thumbnail","hentry","product_cat-fougeres","product_cat-fougeres-climat-doux","product_tag-plantes-origine-europeenne","product_tag-plantes-pour-climats-doux","product_tag-plantes-pour-mur-vegetaux","product_tag-plantes-pour-ombre-seche","pa_taille-du-pot-pot-12-14-cm-diametre","desktop-align-center","tablet-align-center","mobile-align-center","ast-product-gallery-layout-horizontal","ast-product-single-variable","ast-product-tabs-layout-horizontal","ast-qv-on-image"],"_links":{"self":[{"href":"https:\/\/staging.pepiniereezavin.com\/en\/wp-json\/wp\/v2\/product\/30380","targetHints":{"allow":["GET"]}}],"collection":[{"href":"https:\/\/staging.pepiniereezavin.com\/en\/wp-json\/wp\/v2\/product"}],"about":[{"href":"https:\/\/staging.pepiniereezavin.com\/en\/wp-json\/wp\/v2\/types\/product"}],"wp:featuredmedia":[{"embeddable":true,"href":"https:\/\/staging.pepiniereezavin.com\/en\/wp-json\/wp\/v2\/media\/30418"}],"wp:attachment":[{"href":"https:\/\/staging.pepiniereezavin.com\/en\/wp-json\/wp\/v2\/media?parent=30380"}],"wp:term":[{"taxonomy":"product_cat","embeddable":true,"href":"https:\/\/staging.pepiniereezavin.com\/en\/wp-json\/wp\/v2\/product_cat?post=30380"},{"taxonomy":"product_tag","embeddable":true,"href":"https:\/\/staging.pepiniereezavin.com\/en\/wp-json\/wp\/v2\/product_tag?post=30380"}],"curies":[{"name":"wp","href":"https:\/\/api.w.org\/{rel}","templated":true}]}}