{"id":30381,"date":"2021-12-09T22:49:31","date_gmt":"2021-12-09T21:49:31","guid":{"rendered":"https:\/\/pepiniereezavin.fr\/?post_type=product&#038;p=30381"},"modified":"2022-12-02T14:52:34","modified_gmt":"2022-12-02T13:52:34","slug":"polypodium-cambricum-richard-kayse","status":"publish","type":"product","link":"https:\/\/staging.pepiniereezavin.com\/en\/product\/polypodium-cambricum-richard-kayse\/","title":{"rendered":"Polypodium cambricum &lsquo;Richard Kayse&rsquo;"},"content":{"rendered":"<p>(= <em>Polypodium australe &lsquo;Richard Kayse&rsquo;<\/em>) Cette magnifique forme vient d&rsquo;Angleterre, du sud du Pays de Galles. Elle porte le nom de son d\u00e9couvreur : Richard Kayse de Bristol, en 1668. Les <strong>frondes dress\u00e9es<\/strong> sont redivis\u00e9es sur les marges des pennes en <strong>fines lac\u00e9rations,<\/strong> et les extr\u00e9mit\u00e9s sont pointues. La plante est tr\u00e8s d\u00e9corative par son d\u00e9coupage\u00a0g\u00e9om\u00e9trique. Rustique -15\u00b0C, voire moins.Cette forme est st\u00e9rile, donc la plante est multipli\u00e9e v\u00e9g\u00e9tativement.<\/p>\n<p><span style=\"text-decoration: underline;\">Hauteur adulte<\/span>\u00a0: 20\/40 cm.\u00a0<span style=\"text-decoration: underline;\">Origine g\u00e9ographique<\/span>\u00a0: Souche galloise.\u00a0<span style=\"text-decoration: underline;\">Persistance hiver<\/span>\u00a0: Persistante.\u00a0<span style=\"text-decoration: underline;\">Rusticit\u00e9 USDA<\/span>\u00a0: Zone 6.<\/p>","protected":false},"excerpt":{"rendered":"<p>(= <em>Polypodium australe &lsquo;Richard Kayse&rsquo;<\/em>) Cette magnifique forme vient d&rsquo;Angleterre, du sud du Pays de Galles. Elle porte le nom de son d\u00e9couvreur : Richard Kayse de Bristol, en 1668. Les <strong>frondes dress\u00e9es<\/strong> sont redivis\u00e9es sur les marges des pennes en <strong>fines lac\u00e9rations,<\/strong> et les extr\u00e9mit\u00e9s sont pointues. La plante est tr\u00e8s d\u00e9corative par son d\u00e9coupage\u00a0g\u00e9om\u00e9trique. Rustique -15\u00b0C, voire moins.Cette forme est st\u00e9rile, donc la plante est multipli\u00e9e v\u00e9g\u00e9tativement.<\/p>\n<p><span style=\"text-decoration: underline;\">Hauteur adulte<\/span>\u00a0: 20\/40 cm.\u00a0<span style=\"text-decoration: underline;\">Origine g\u00e9ographique<\/span>\u00a0: Souche galloise.\u00a0<span style=\"text-decoration: underline;\">Persistance hiver<\/span>\u00a0: Persistante.\u00a0<span style=\"text-decoration: underline;\">Rusticit\u00e9 USDA<\/span>\u00a0: Zone 6.<\/p>","protected":false},"featured_media":30422,"template":"","meta":{"site-sidebar-layout":"default","site-content-layout":"default","ast-global-header-display":"","ast-main-header-display":"","ast-hfb-above-header-display":"","ast-hfb-below-header-display":"","ast-hfb-mobile-header-display":"","site-post-title":"","ast-breadcrumbs-content":"","ast-featured-img":"","footer-sml-layout":"","theme-transparent-header-meta":"default","adv-header-id-meta":"","stick-header-meta":"default","header-above-stick-meta":"","header-main-stick-meta":"","header-below-stick-meta":""},"product_cat":[535,545],"product_tag":[530,558,533,534],"class_list":["post-30381","product","type-product","status-publish","has-post-thumbnail","hentry","product_cat-fougeres","product_cat-fougeres-climat-doux","product_tag-plantes-origine-europeenne","product_tag-plantes-pour-climats-doux","product_tag-plantes-pour-mur-vegetaux","product_tag-plantes-pour-ombre-seche","pa_taille-du-pot-pot-12-14-cm-diametre","desktop-align-center","tablet-align-center","mobile-align-center","ast-product-gallery-layout-horizontal","ast-product-single-variable","ast-product-tabs-layout-horizontal","ast-qv-on-image"],"_links":{"self":[{"href":"https:\/\/staging.pepiniereezavin.com\/en\/wp-json\/wp\/v2\/product\/30381","targetHints":{"allow":["GET"]}}],"collection":[{"href":"https:\/\/staging.pepiniereezavin.com\/en\/wp-json\/wp\/v2\/product"}],"about":[{"href":"https:\/\/staging.pepiniereezavin.com\/en\/wp-json\/wp\/v2\/types\/product"}],"wp:featuredmedia":[{"embeddable":true,"href":"https:\/\/staging.pepiniereezavin.com\/en\/wp-json\/wp\/v2\/media\/30422"}],"wp:attachment":[{"href":"https:\/\/staging.pepiniereezavin.com\/en\/wp-json\/wp\/v2\/media?parent=30381"}],"wp:term":[{"taxonomy":"product_cat","embeddable":true,"href":"https:\/\/staging.pepiniereezavin.com\/en\/wp-json\/wp\/v2\/product_cat?post=30381"},{"taxonomy":"product_tag","embeddable":true,"href":"https:\/\/staging.pepiniereezavin.com\/en\/wp-json\/wp\/v2\/product_tag?post=30381"}],"curies":[{"name":"wp","href":"https:\/\/api.w.org\/{rel}","templated":true}]}}