{"id":30382,"date":"2021-12-09T22:49:31","date_gmt":"2021-12-09T21:49:31","guid":{"rendered":"https:\/\/pepiniereezavin.fr\/?post_type=product&#038;p=30382"},"modified":"2022-11-30T21:32:13","modified_gmt":"2022-11-30T20:32:13","slug":"polypodiodes-formosana","status":"publish","type":"product","link":"https:\/\/staging.pepiniereezavin.com\/en\/product\/polypodiodes-formosana\/","title":{"rendered":"Polypodiodes formosana"},"content":{"rendered":"<p>Aka <i>Polypodium formosanum<\/i>. Ce tr\u00e8s \u00e9l\u00e9gant polypode poss\u00e8de des rhizomes rampant \u00e0 la surface du sol, de couleur <strong>vert saupoudr\u00e9 de blanc<\/strong>. Tout \u00e0 fait surprenant. Les frondes sont penn\u00e9es et peuvent atteindre 1 m de long, avec un port retombant. C&rsquo;est assur\u00e9ment une pi\u00e8ce-ma\u00eetresse pour l&rsquo;int\u00e9rieur, le mur v\u00e9g\u00e9tal ou la v\u00e9randa. Croissance lente mais culture facile.<\/p>\n<p><span style=\"text-decoration: underline;\">Hauteur adulte<\/span>\u00a0: 40\/60 (100) cm. <span style=\"text-decoration: underline;\">Origine g\u00e9ographique<\/span>\u00a0: Ta\u00efwan, Chine, Japon. <span style=\"text-decoration: underline;\">Persistance hiver<\/span>\u00a0: Persistante. <span style=\"text-decoration: underline;\">Rusticit\u00e9 USDA<\/span> : Zone 10 (-1.1\u00b0C\/+4.4\u00b0C). Tol\u00e8re des gels brefs (avec d\u00e9gel quotidien) si gard\u00e9 au sec.<\/p>","protected":false},"excerpt":{"rendered":"<p>Aka <i>Polypodium formosanum<\/i>. Ce tr\u00e8s \u00e9l\u00e9gant polypode poss\u00e8de des rhizomes rampant \u00e0 la surface du sol, de couleur <strong>vert saupoudr\u00e9 de blanc<\/strong>. Tout \u00e0 fait surprenant. Les frondes sont penn\u00e9es et peuvent atteindre 1 m de long, avec un port retombant. C&rsquo;est assur\u00e9ment une pi\u00e8ce-ma\u00eetresse pour l&rsquo;int\u00e9rieur, le mur v\u00e9g\u00e9tal ou la v\u00e9randa. Croissance lente mais culture facile.<\/p>\n<p><span style=\"text-decoration: underline;\">Hauteur adulte<\/span>\u00a0: 40\/60 (100) cm. <span style=\"text-decoration: underline;\">Origine g\u00e9ographique<\/span>\u00a0: Ta\u00efwan, Chine, Japon. <span style=\"text-decoration: underline;\">Persistance hiver<\/span>\u00a0: Persistante. <span style=\"text-decoration: underline;\">Rusticit\u00e9 USDA<\/span> : Zone 10 (-1.1\u00b0C\/+4.4\u00b0C). Tol\u00e8re des gels brefs (avec d\u00e9gel quotidien) si gard\u00e9 au sec.<\/p>","protected":false},"featured_media":30449,"template":"","meta":{"site-sidebar-layout":"default","site-content-layout":"default","ast-global-header-display":"","ast-main-header-display":"","ast-hfb-above-header-display":"","ast-hfb-below-header-display":"","ast-hfb-mobile-header-display":"","site-post-title":"","ast-breadcrumbs-content":"","ast-featured-img":"","footer-sml-layout":"","theme-transparent-header-meta":"default","adv-header-id-meta":"","stick-header-meta":"default","header-above-stick-meta":"","header-main-stick-meta":"","header-below-stick-meta":""},"product_cat":[535,543,544],"product_tag":[529,556,533,557],"class_list":["post-30382","product","type-product","status-publish","has-post-thumbnail","hentry","product_cat-fougeres","product_cat-fougeres-interieur","product_cat-fougeres-terrarium","product_tag-plantes-origine-asiatique","product_tag-plantes-pour-interieur","product_tag-plantes-pour-mur-vegetaux","product_tag-plantes-pour-terrarium","pa_taille-du-pot-pot-12-14-cm-diametre","desktop-align-center","tablet-align-center","mobile-align-center","ast-product-gallery-layout-horizontal","ast-product-single-variable","ast-product-tabs-layout-horizontal","ast-qv-on-image"],"_links":{"self":[{"href":"https:\/\/staging.pepiniereezavin.com\/en\/wp-json\/wp\/v2\/product\/30382","targetHints":{"allow":["GET"]}}],"collection":[{"href":"https:\/\/staging.pepiniereezavin.com\/en\/wp-json\/wp\/v2\/product"}],"about":[{"href":"https:\/\/staging.pepiniereezavin.com\/en\/wp-json\/wp\/v2\/types\/product"}],"wp:featuredmedia":[{"embeddable":true,"href":"https:\/\/staging.pepiniereezavin.com\/en\/wp-json\/wp\/v2\/media\/30449"}],"wp:attachment":[{"href":"https:\/\/staging.pepiniereezavin.com\/en\/wp-json\/wp\/v2\/media?parent=30382"}],"wp:term":[{"taxonomy":"product_cat","embeddable":true,"href":"https:\/\/staging.pepiniereezavin.com\/en\/wp-json\/wp\/v2\/product_cat?post=30382"},{"taxonomy":"product_tag","embeddable":true,"href":"https:\/\/staging.pepiniereezavin.com\/en\/wp-json\/wp\/v2\/product_tag?post=30382"}],"curies":[{"name":"wp","href":"https:\/\/api.w.org\/{rel}","templated":true}]}}