{"id":30385,"date":"2021-12-09T22:49:31","date_gmt":"2021-12-09T21:49:31","guid":{"rendered":"https:\/\/pepiniereezavin.fr\/?post_type=product&#038;p=30385"},"modified":"2022-11-17T17:24:45","modified_gmt":"2022-11-17T16:24:45","slug":"polypodium-vulgare-bifido-multiceps","status":"publish","type":"product","link":"https:\/\/staging.pepiniereezavin.com\/en\/product\/polypodium-vulgare-bifido-multiceps\/","title":{"rendered":"Polypodium vulgare &lsquo;Bifido-multiceps&rsquo;"},"content":{"rendered":"<p>Forme divis\u00e9e en deux aux extr\u00e9mit\u00e9s des frondes. Certaines frondes sont normales, d&rsquo;autres sont bipenn\u00e9es, avec des cr\u00e8tes aux extr\u00e9mit\u00e9s, et d&rsquo;autres sont \u00e0 moiti\u00e9 modifi\u00e9es. Cette \u00e9l\u00e9gante forme divis\u00e9e est une variation naturelle de <a href=\"https:\/\/staging.pepiniereezavin.com\/en\/product\/polypodium-vulgare\/\" target=\"_blank\" rel=\"noopener\">Polypodium vulgare<\/a>. Croissance printani\u00e8re vigoureuse malgr\u00e9 son apparence totalement al\u00e9atoire et d\u00e9sordonn\u00e9e!<br \/>\nHauteur adulte\u00a0: 20\/40 cm.\u00a0Origine g\u00e9ographique : Eurasie. Persistance hiver\u00a0: Persistante.\u00a0Rusticit\u00e9 USDA : Zone 5 (-28.9\u00b0C\/-23.3\u00b0C).<\/p>","protected":false},"excerpt":{"rendered":"<p>Forme divis\u00e9e en deux aux extr\u00e9mit\u00e9s des frondes. Certaines frondes sont normales, d&rsquo;autres sont bipenn\u00e9es, avec des cr\u00e8tes aux extr\u00e9mit\u00e9s, et d&rsquo;autres sont \u00e0 moiti\u00e9 modifi\u00e9es. Cette \u00e9l\u00e9gante forme divis\u00e9e est une variation naturelle de <a href=\"https:\/\/staging.pepiniereezavin.com\/en\/product\/polypodium-vulgare\/\" target=\"_blank\" rel=\"noopener\">Polypodium vulgare<\/a>. Croissance printani\u00e8re vigoureuse malgr\u00e9 son apparence totalement al\u00e9atoire et d\u00e9sordonn\u00e9e!<br \/>\nHauteur adulte\u00a0: 20\/40 cm.\u00a0Origine g\u00e9ographique : Eurasie. Persistance hiver\u00a0: Persistante.\u00a0Rusticit\u00e9 USDA : Zone 5 (-28.9\u00b0C\/-23.3\u00b0C).<\/p>","protected":false},"featured_media":33881,"template":"","meta":{"site-sidebar-layout":"default","site-content-layout":"default","ast-global-header-display":"","ast-main-header-display":"","ast-hfb-above-header-display":"","ast-hfb-below-header-display":"","ast-hfb-mobile-header-display":"","site-post-title":"","ast-breadcrumbs-content":"","ast-featured-img":"","footer-sml-layout":"","theme-transparent-header-meta":"default","adv-header-id-meta":"","stick-header-meta":"default","header-above-stick-meta":"","header-main-stick-meta":"","header-below-stick-meta":""},"product_cat":[535,545,546,537],"product_tag":[525,533],"class_list":["post-30385","product","type-product","status-publish","has-post-thumbnail","hentry","product_cat-fougeres","product_cat-fougeres-climat-doux","product_cat-fougeres-climat-frais","product_cat-autres-plantes","product_tag-plantes-a-feuillage-coriace","product_tag-plantes-pour-mur-vegetaux","pa_taille-du-pot-pot-12-14-cm-diametre","desktop-align-center","tablet-align-center","mobile-align-center","ast-product-gallery-layout-horizontal","ast-product-single-variable","ast-product-tabs-layout-horizontal","ast-qv-on-image"],"_links":{"self":[{"href":"https:\/\/staging.pepiniereezavin.com\/en\/wp-json\/wp\/v2\/product\/30385","targetHints":{"allow":["GET"]}}],"collection":[{"href":"https:\/\/staging.pepiniereezavin.com\/en\/wp-json\/wp\/v2\/product"}],"about":[{"href":"https:\/\/staging.pepiniereezavin.com\/en\/wp-json\/wp\/v2\/types\/product"}],"wp:featuredmedia":[{"embeddable":true,"href":"https:\/\/staging.pepiniereezavin.com\/en\/wp-json\/wp\/v2\/media\/33881"}],"wp:attachment":[{"href":"https:\/\/staging.pepiniereezavin.com\/en\/wp-json\/wp\/v2\/media?parent=30385"}],"wp:term":[{"taxonomy":"product_cat","embeddable":true,"href":"https:\/\/staging.pepiniereezavin.com\/en\/wp-json\/wp\/v2\/product_cat?post=30385"},{"taxonomy":"product_tag","embeddable":true,"href":"https:\/\/staging.pepiniereezavin.com\/en\/wp-json\/wp\/v2\/product_tag?post=30385"}],"curies":[{"name":"wp","href":"https:\/\/api.w.org\/{rel}","templated":true}]}}