{"id":30426,"date":"2021-12-09T22:49:55","date_gmt":"2021-12-09T21:49:55","guid":{"rendered":"https:\/\/pepiniereezavin.fr\/?post_type=product&#038;p=30426"},"modified":"2022-08-03T07:10:50","modified_gmt":"2022-08-03T05:10:50","slug":"polystichum-setiferum-proliferum","status":"publish","type":"product","link":"https:\/\/staging.pepiniereezavin.com\/en\/product\/polystichum-setiferum-proliferum\/","title":{"rendered":"Polystichum setiferum &lsquo;Proliferum&rsquo;"},"content":{"rendered":"<p><em>Polystichum setiferum &lsquo;Proliferum&rsquo;<\/em> est une foug\u00e8re <strong>imposante par la taille<\/strong>\u00a0de ses frondes \u00e9tal\u00e9es en \u00e9toile au sol. Les<strong> frondes vert sombre<\/strong> \u00e0 segments tr\u00e8s pointus ont une texture fine et souple. Elles se couvrent en \u00e9t\u00e9 de jeunes plantules vert clair apparaissant le long de la nervure centrale.\u00a0Le contraste sur le vert sombre des frondes adultes est magnifique. C&rsquo;est une valeur s\u00fbre en sous bois ou dans un endroit restant \u00e0 l&rsquo;ombre et frais. Culture facile en sous bois ou en mi ombre.<\/p>\n<p><span style=\"text-decoration: underline;\">Hauteur adulte<\/span>\u00a0: 60\/80 cm.\u00a0<span style=\"text-decoration: underline;\">Origine g\u00e9ographique<\/span>\u00a0: Variation naturelle de la forme sauvage d&rsquo;Europe oc\u00e9anique, Asie occidentale (rare), Afrique du Nord.\u00a0<span style=\"text-decoration: underline;\">Persistance hiver<\/span>\u00a0: Persistante.\u00a0<span style=\"text-decoration: underline;\">Rusticit\u00e9 USDA<\/span>\u00a0: Zone 6 (-23.3\u00b0C\/-17.8\u00b0C).<\/p>","protected":false},"excerpt":{"rendered":"<p><em>Polystichum setiferum &lsquo;Proliferum&rsquo;<\/em>\u00a0est une foug\u00e8re\u00a0<strong>imposante par la taille<\/strong>\u00a0de ses frondes \u00e9tal\u00e9es en \u00e9toile au sol. Les<strong>\u00a0frondes vert sombre<\/strong>\u00a0\u00e0 segments tr\u00e8s pointus ont une texture fine et souple. Elles\u00a0se couvrent en \u00e9t\u00e9 de jeunes plantules vert clair apparaissant le long de la nervure centrale.\u00a0Le contraste\u00a0sur le vert sombre des frondes adultes est magnifique. C&rsquo;est une valeur s\u00fbre en sous bois ou dans un endroit restant \u00e0 l&rsquo;ombre et frais. Culture facile en sous bois ou en mi ombre.<\/p>\n<p><span style=\"text-decoration: underline;\">Hauteur adulte<\/span>\u00a0: 60\/80 cm.\u00a0<span style=\"text-decoration: underline;\">Origine g\u00e9ographique<\/span>\u00a0: Variation naturelle de la forme sauvage d&rsquo;Europe oc\u00e9anique, Asie occidentale (rare), Afrique du Nord.\u00a0<span style=\"text-decoration: underline;\">Persistance hiver<\/span>\u00a0: Persistante.\u00a0<span style=\"text-decoration: underline;\">Rusticit\u00e9 USDA<\/span>\u00a0:\u00a0Zone 6 (-23.3\u00b0C\/-17.8\u00b0C).<\/p>","protected":false},"featured_media":30469,"template":"","meta":{"site-sidebar-layout":"default","site-content-layout":"default","ast-global-header-display":"","ast-main-header-display":"","ast-hfb-above-header-display":"","ast-hfb-below-header-display":"","ast-hfb-mobile-header-display":"","site-post-title":"","ast-breadcrumbs-content":"","ast-featured-img":"","footer-sml-layout":"","theme-transparent-header-meta":"default","adv-header-id-meta":"","stick-header-meta":"default","header-above-stick-meta":"","header-main-stick-meta":"","header-below-stick-meta":""},"product_cat":[535,545,546],"product_tag":[527,529,530,558,559],"class_list":["post-30426","product","type-product","status-publish","has-post-thumbnail","hentry","product_cat-fougeres","product_cat-fougeres-climat-doux","product_cat-fougeres-climat-frais","product_tag-plantes-origine-africaine","product_tag-plantes-origine-asiatique","product_tag-plantes-origine-europeenne","product_tag-plantes-pour-climats-doux","product_tag-plantes-pour-climats-frais","pa_taille-du-pot-pot-15-18-cm-diametre","desktop-align-center","tablet-align-center","mobile-align-center","ast-product-gallery-layout-horizontal","ast-product-single-variable","ast-product-tabs-layout-horizontal","ast-qv-on-image"],"_links":{"self":[{"href":"https:\/\/staging.pepiniereezavin.com\/en\/wp-json\/wp\/v2\/product\/30426","targetHints":{"allow":["GET"]}}],"collection":[{"href":"https:\/\/staging.pepiniereezavin.com\/en\/wp-json\/wp\/v2\/product"}],"about":[{"href":"https:\/\/staging.pepiniereezavin.com\/en\/wp-json\/wp\/v2\/types\/product"}],"wp:featuredmedia":[{"embeddable":true,"href":"https:\/\/staging.pepiniereezavin.com\/en\/wp-json\/wp\/v2\/media\/30469"}],"wp:attachment":[{"href":"https:\/\/staging.pepiniereezavin.com\/en\/wp-json\/wp\/v2\/media?parent=30426"}],"wp:term":[{"taxonomy":"product_cat","embeddable":true,"href":"https:\/\/staging.pepiniereezavin.com\/en\/wp-json\/wp\/v2\/product_cat?post=30426"},{"taxonomy":"product_tag","embeddable":true,"href":"https:\/\/staging.pepiniereezavin.com\/en\/wp-json\/wp\/v2\/product_tag?post=30426"}],"curies":[{"name":"wp","href":"https:\/\/api.w.org\/{rel}","templated":true}]}}