{"id":30433,"date":"2021-12-09T22:49:56","date_gmt":"2021-12-09T21:49:56","guid":{"rendered":"https:\/\/pepiniereezavin.fr\/?post_type=product&#038;p=30433"},"modified":"2022-11-02T13:53:55","modified_gmt":"2022-11-02T12:53:55","slug":"pteris-chatelain","status":"publish","type":"product","link":"https:\/\/staging.pepiniereezavin.com\/en\/product\/pteris-chatelain\/","title":{"rendered":"Pteris &lsquo;Chatelain&rsquo;"},"content":{"rendered":"<p><a href=\"https:\/\/staging.pepiniereezavin.com\/wp-content\/uploads\/2015\/02\/SaintJean_printemps_2014Pteris_chatelain350x246.jpg\"><img loading=\"lazy\" decoding=\"async\" class=\"wp-image-2335 alignright\" src=\"https:\/\/staging.pepiniereezavin.com\/wp-content\/uploads\/2015\/02\/SaintJean_printemps_2014Pteris_chatelain350x246-300x211.jpg\" alt=\"SaintJean_printemps_2014Pteris_chatelain(350x246)\" width=\"227\" height=\"160\" \/><\/a>Cette tr\u00e8s \u00e9l\u00e9gante forme, nomm\u00e9e d&rsquo;apr\u00e8s notre ami collectionneur de foug\u00e8res M. Chatelain, vient de la r\u00e9gion du H\u00e9nan, en Chine. Elle ressemble beaucoup \u00e0 <em>Pteris vittata,<\/em> mais elle a un <strong>port tr\u00e8s dress\u00e9<\/strong>, montant \u00e0 60\/80 cm, et elle <strong>drageonne<\/strong> beaucoup. De plus, elle est rustique \u00e0 -10\u00b0C, voire moins, ce qui l&rsquo;en distingue nettement. Une <strong>odeur de c\u00e9leri<\/strong>, que nous n&rsquo;avons sentie que chez cette plante, appara\u00eet\u00a0le soir lors de l&rsquo;arrosage! Pteris &lsquo;Chatelain&rsquo; supporte tr\u00e8s bien la s\u00e9cheresse estivale ici, mais pousse aussi dans des massifs avec arrosage automatique. Test\u00e9e ici en sol argilo-calcaire, avec succ\u00e8s. Une nouveaut\u00e9 rep\u00e9r\u00e9e par le Jury de Saint Jean de Beauregard!<\/p>\n<p><span style=\"text-decoration: underline;\">Hauteur adulte<\/span>\u00a0: 40\/60 cm.\u00a0<span style=\"text-decoration: underline;\">Origine g\u00e9ographique<\/span>\u00a0: souche venant de\u00a0Chine.\u00a0<span style=\"text-decoration: underline;\">Persistance hiver<\/span>\u00a0: Caduque.\u00a0<span style=\"text-decoration: underline;\">Rusticit\u00e9 USDA<\/span>\u00a0: Zone 8\/9.<\/p>","protected":false},"excerpt":{"rendered":"<p><a href=\"https:\/\/staging.pepiniereezavin.com\/wp-content\/uploads\/2015\/02\/SaintJean_printemps_2014Pteris_chatelain350x246.jpg\"><img loading=\"lazy\" decoding=\"async\" class=\"wp-image-2335 alignright\" src=\"https:\/\/staging.pepiniereezavin.com\/wp-content\/uploads\/2015\/02\/SaintJean_printemps_2014Pteris_chatelain350x246-300x211.jpg\" alt=\"SaintJean_printemps_2014Pteris_chatelain(350x246)\" width=\"227\" height=\"160\" \/><\/a>Cette tr\u00e8s \u00e9l\u00e9gante forme, nomm\u00e9e d&rsquo;apr\u00e8s notre ami collectionneur de foug\u00e8res M. Chatelain, vient de la r\u00e9gion du H\u00e9nan, en Chine. Elle ressemble beaucoup \u00e0 <em>Pteris vittata,<\/em> mais elle a un <strong>port tr\u00e8s dress\u00e9<\/strong>, montant \u00e0 60\/80 cm, et elle <strong>drageonne<\/strong> beaucoup. De plus, elle est rustique \u00e0 -10\u00b0C, voire moins, ce qui l&rsquo;en distingue nettement. Une <strong>odeur de c\u00e9leri<\/strong>, que nous n&rsquo;avons sentie que chez cette plante, appara\u00eet\u00a0le soir lors de l&rsquo;arrosage! Pteris &lsquo;Chatelain&rsquo; supporte tr\u00e8s bien la s\u00e9cheresse estivale ici, mais pousse aussi dans des massifs avec arrosage automatique. Test\u00e9e ici en sol argilo-calcaire, avec succ\u00e8s. Une nouveaut\u00e9 rep\u00e9r\u00e9e par le Jury de Saint Jean de Beauregard!<\/p>\n<p><span style=\"text-decoration: underline;\">Hauteur adulte<\/span>\u00a0: 40\/60 cm.\u00a0<span style=\"text-decoration: underline;\">Origine g\u00e9ographique<\/span>\u00a0: souche venant de\u00a0Chine.\u00a0<span style=\"text-decoration: underline;\">Persistance hiver<\/span>\u00a0: Caduque.\u00a0<span style=\"text-decoration: underline;\">Rusticit\u00e9 USDA<\/span>\u00a0: Zone 8\/9.<\/p>","protected":false},"featured_media":30478,"template":"","meta":{"site-sidebar-layout":"default","site-content-layout":"default","ast-global-header-display":"","ast-main-header-display":"","ast-hfb-above-header-display":"","ast-hfb-below-header-display":"","ast-hfb-mobile-header-display":"","site-post-title":"","ast-breadcrumbs-content":"","ast-featured-img":"","footer-sml-layout":"","theme-transparent-header-meta":"default","adv-header-id-meta":"","stick-header-meta":"default","header-above-stick-meta":"","header-main-stick-meta":"","header-below-stick-meta":""},"product_cat":[535,545,546],"product_tag":[529,558,559,533,534],"class_list":["post-30433","product","type-product","status-publish","has-post-thumbnail","hentry","product_cat-fougeres","product_cat-fougeres-climat-doux","product_cat-fougeres-climat-frais","product_tag-plantes-origine-asiatique","product_tag-plantes-pour-climats-doux","product_tag-plantes-pour-climats-frais","product_tag-plantes-pour-mur-vegetaux","product_tag-plantes-pour-ombre-seche","pa_taille-du-pot-pot-12-14-cm-diametre","desktop-align-center","tablet-align-center","mobile-align-center","ast-product-gallery-layout-horizontal","ast-product-single-variable","ast-product-tabs-layout-horizontal","ast-qv-on-image"],"_links":{"self":[{"href":"https:\/\/staging.pepiniereezavin.com\/en\/wp-json\/wp\/v2\/product\/30433","targetHints":{"allow":["GET"]}}],"collection":[{"href":"https:\/\/staging.pepiniereezavin.com\/en\/wp-json\/wp\/v2\/product"}],"about":[{"href":"https:\/\/staging.pepiniereezavin.com\/en\/wp-json\/wp\/v2\/types\/product"}],"wp:featuredmedia":[{"embeddable":true,"href":"https:\/\/staging.pepiniereezavin.com\/en\/wp-json\/wp\/v2\/media\/30478"}],"wp:attachment":[{"href":"https:\/\/staging.pepiniereezavin.com\/en\/wp-json\/wp\/v2\/media?parent=30433"}],"wp:term":[{"taxonomy":"product_cat","embeddable":true,"href":"https:\/\/staging.pepiniereezavin.com\/en\/wp-json\/wp\/v2\/product_cat?post=30433"},{"taxonomy":"product_tag","embeddable":true,"href":"https:\/\/staging.pepiniereezavin.com\/en\/wp-json\/wp\/v2\/product_tag?post=30433"}],"curies":[{"name":"wp","href":"https:\/\/api.w.org\/{rel}","templated":true}]}}