{"id":30434,"date":"2021-12-09T22:49:56","date_gmt":"2021-12-09T21:49:56","guid":{"rendered":"https:\/\/pepiniereezavin.fr\/?post_type=product&#038;p=30434"},"modified":"2022-12-04T22:36:38","modified_gmt":"2022-12-04T21:36:38","slug":"pteris-cretica","status":"publish","type":"product","link":"https:\/\/staging.pepiniereezavin.com\/en\/product\/pteris-cretica\/","title":{"rendered":"Pteris cretica"},"content":{"rendered":"<p>Cette foug\u00e8re a un port et un <strong>d\u00e9coupage de feuilles<\/strong> tr\u00e8s \u00e9l\u00e9gants \u00e9voquant un <strong>mini bambou<\/strong>. C&rsquo;est une foug\u00e8re touffe qui se ress\u00e8me si l&rsquo;humidit\u00e9 du lieu est r\u00e9guli\u00e8re.\u00a0Elle\u00a0tient ici dehors depuis 15 ans, sans autre protection qu&rsquo;un ch\u00eane blanc, en sol argilo-calcaire.\u00a0Pteris cretica peut \u00eatre cultiv\u00e9e\u00a0en int\u00e9rieur (\u00e9viter l&rsquo;air trop sec) et sur mur v\u00e9g\u00e9tal, o\u00f9 son port souple fait merveille.<\/p>\n<p><span style=\"text-decoration: underline;\">Hauteur adulte<\/span>\u00a0: 40\/60 cm.\u00a0<span style=\"text-decoration: underline;\">Origine g\u00e9ographique<\/span>\u00a0: Cosmopolite.\u00a0<span style=\"text-decoration: underline;\">Persistance hiver<\/span>\u00a0: Semi-persistant.\u00a0<span style=\"text-decoration: underline;\">Rusticit\u00e9 USDA<\/span>\u00a0: Zone 8\/9.<\/p>","protected":false},"excerpt":{"rendered":"<p>Cette foug\u00e8re a un port et un\u00a0<strong>d\u00e9coupage de feuilles<\/strong>\u00a0tr\u00e8s \u00e9l\u00e9gants \u00e9voquant un\u00a0<strong>mini bambou<\/strong>. C&rsquo;est une foug\u00e8re touffe qui se ress\u00e8me si l&rsquo;humidit\u00e9 du lieu est r\u00e9guli\u00e8re.\u00a0Elle\u00a0tient ici dehors depuis 15 ans, sans autre protection qu&rsquo;un ch\u00eane blanc, en sol argilo-calcaire.\u00a0Pteris cretica peut \u00eatre cultiv\u00e9e\u00a0en int\u00e9rieur (\u00e9viter l&rsquo;air trop sec) et sur mur v\u00e9g\u00e9tal, o\u00f9 son port souple fait merveille.<\/p>\n<p><span style=\"text-decoration: underline;\">Hauteur adulte<\/span>\u00a0: 40\/60 cm.\u00a0<span style=\"text-decoration: underline;\">Origine g\u00e9ographique<\/span>\u00a0: Cosmopolite.\u00a0<span style=\"text-decoration: underline;\">Persistance hiver<\/span>\u00a0: Semi-persistant.\u00a0<span style=\"text-decoration: underline;\">Rusticit\u00e9 USDA<\/span>\u00a0: Zone 8\/9.<\/p>","protected":false},"featured_media":30483,"template":"","meta":{"site-sidebar-layout":"default","site-content-layout":"default","ast-global-header-display":"","ast-main-header-display":"","ast-hfb-above-header-display":"","ast-hfb-below-header-display":"","ast-hfb-mobile-header-display":"","site-post-title":"","ast-breadcrumbs-content":"","ast-featured-img":"","footer-sml-layout":"","theme-transparent-header-meta":"default","adv-header-id-meta":"","stick-header-meta":"default","header-above-stick-meta":"","header-main-stick-meta":"","header-below-stick-meta":""},"product_cat":[535,543,544,545],"product_tag":[527,529,530,556,558,533,557],"class_list":["post-30434","product","type-product","status-publish","has-post-thumbnail","hentry","product_cat-fougeres","product_cat-fougeres-interieur","product_cat-fougeres-terrarium","product_cat-fougeres-climat-doux","product_tag-plantes-origine-africaine","product_tag-plantes-origine-asiatique","product_tag-plantes-origine-europeenne","product_tag-plantes-pour-interieur","product_tag-plantes-pour-climats-doux","product_tag-plantes-pour-mur-vegetaux","product_tag-plantes-pour-terrarium","pa_taille-du-pot-pot-12-14-cm-diametre","desktop-align-center","tablet-align-center","mobile-align-center","ast-product-gallery-layout-horizontal","ast-product-single-variable","ast-product-tabs-layout-horizontal","ast-qv-on-image"],"_links":{"self":[{"href":"https:\/\/staging.pepiniereezavin.com\/en\/wp-json\/wp\/v2\/product\/30434","targetHints":{"allow":["GET"]}}],"collection":[{"href":"https:\/\/staging.pepiniereezavin.com\/en\/wp-json\/wp\/v2\/product"}],"about":[{"href":"https:\/\/staging.pepiniereezavin.com\/en\/wp-json\/wp\/v2\/types\/product"}],"wp:featuredmedia":[{"embeddable":true,"href":"https:\/\/staging.pepiniereezavin.com\/en\/wp-json\/wp\/v2\/media\/30483"}],"wp:attachment":[{"href":"https:\/\/staging.pepiniereezavin.com\/en\/wp-json\/wp\/v2\/media?parent=30434"}],"wp:term":[{"taxonomy":"product_cat","embeddable":true,"href":"https:\/\/staging.pepiniereezavin.com\/en\/wp-json\/wp\/v2\/product_cat?post=30434"},{"taxonomy":"product_tag","embeddable":true,"href":"https:\/\/staging.pepiniereezavin.com\/en\/wp-json\/wp\/v2\/product_tag?post=30434"}],"curies":[{"name":"wp","href":"https:\/\/api.w.org\/{rel}","templated":true}]}}