{"id":30437,"date":"2021-12-09T22:49:56","date_gmt":"2021-12-09T21:49:56","guid":{"rendered":"https:\/\/pepiniereezavin.fr\/?post_type=product&#038;p=30437"},"modified":"2022-08-03T07:08:09","modified_gmt":"2022-08-03T05:08:09","slug":"pteris-nipponica","status":"publish","type":"product","link":"https:\/\/staging.pepiniereezavin.com\/en\/product\/pteris-nipponica\/","title":{"rendered":"Pteris nipponica"},"content":{"rendered":"<p>(=\u00a0<em>Pteris cretica albolineata<\/em>). Les frondes st\u00e9riles de ce <em>Pteris<\/em> extr\u00eame-oriental son \u00e9tal\u00e9es et <strong>panach\u00e9es de gris blanc<\/strong>. En fin de printemps, les frondes fertiles apparaissent, sous forme de <strong>hautes\u00a0frondes \u00e9lanc\u00e9es \u00e0 segments lin\u00e9aires<\/strong>, panach\u00e9es aussi de gris-blanc. Cette esp\u00e8ce \u00e0 port dress\u00e9 est appr\u00e9ci\u00e9e pour sa l\u00e9g\u00e8ret\u00e9 et l&rsquo;\u00e9l\u00e9gance de ses frondes. Cultiver en int\u00e9rieur lumineux, ou en ext\u00e9rieur en climat doux : Pailler en hiver sous climat\u00a0 doux, garder au sec si gels brefs.<\/p>\n<p><span style=\"text-decoration: underline;\">Hauteur adulte<\/span>\u00a0: 40\/60 (80) cm.\u00a0<span style=\"text-decoration: underline;\">Origine g\u00e9ographique<\/span>\u00a0: Japon, Cor\u00e9e du Sud, Ta\u00efwan.\u00a0<span style=\"text-decoration: underline;\">Persistance hiver<\/span>\u00a0: Persistant.\u00a0<span style=\"text-decoration: underline;\">Rusticit\u00e9 USDA<\/span> : Zone 9 (-6.7\u00b0C\/-1.1\u00b0C).<\/p>","protected":false},"excerpt":{"rendered":"<p>(=\u00a0<em>Pteris cretica albolineata<\/em>). Les frondes st\u00e9riles de ce <em>Pteris<\/em> extr\u00eame-oriental son \u00e9tal\u00e9es et <strong>panach\u00e9es de gris blanc<\/strong>. En fin de printemps, les frondes fertiles apparaissent, sous forme de <strong>hautes\u00a0frondes \u00e9lanc\u00e9es \u00e0 segments lin\u00e9aires<\/strong>, panach\u00e9es aussi de gris-blanc. Cette esp\u00e8ce \u00e0 port dress\u00e9 est appr\u00e9ci\u00e9e pour sa l\u00e9g\u00e8ret\u00e9 et l&rsquo;\u00e9l\u00e9gance de ses frondes. Cultiver en int\u00e9rieur lumineux, ou en ext\u00e9rieur en climat doux : Pailler en hiver sous climat\u00a0 doux, garder au sec si gels brefs.<\/p>\n<p><span style=\"text-decoration: underline;\">Hauteur adulte<\/span>\u00a0: 40\/60 (80) cm.\u00a0<span style=\"text-decoration: underline;\">Origine g\u00e9ographique<\/span>\u00a0: Japon, Cor\u00e9e du Sud, Ta\u00efwan.\u00a0<span style=\"text-decoration: underline;\">Persistance hiver<\/span>\u00a0: Persistant.\u00a0<span style=\"text-decoration: underline;\">Rusticit\u00e9 USDA<\/span> : Zone 9 (-6.7\u00b0C\/-1.1\u00b0C).<\/p>","protected":false},"featured_media":30505,"template":"","meta":{"site-sidebar-layout":"default","site-content-layout":"default","ast-global-header-display":"","ast-main-header-display":"","ast-hfb-above-header-display":"","ast-hfb-below-header-display":"","ast-hfb-mobile-header-display":"","site-post-title":"","ast-breadcrumbs-content":"","ast-featured-img":"","footer-sml-layout":"","theme-transparent-header-meta":"default","adv-header-id-meta":"","stick-header-meta":"default","header-above-stick-meta":"","header-main-stick-meta":"","header-below-stick-meta":""},"product_cat":[535,543,544,545],"product_tag":[529,556,558,533,557],"class_list":["post-30437","product","type-product","status-publish","has-post-thumbnail","hentry","product_cat-fougeres","product_cat-fougeres-interieur","product_cat-fougeres-terrarium","product_cat-fougeres-climat-doux","product_tag-plantes-origine-asiatique","product_tag-plantes-pour-interieur","product_tag-plantes-pour-climats-doux","product_tag-plantes-pour-mur-vegetaux","product_tag-plantes-pour-terrarium","pa_taille-du-pot-pot-15-18-cm-diametre","desktop-align-center","tablet-align-center","mobile-align-center","ast-product-gallery-layout-horizontal","ast-product-single-variable","ast-product-tabs-layout-horizontal","ast-qv-on-image"],"_links":{"self":[{"href":"https:\/\/staging.pepiniereezavin.com\/en\/wp-json\/wp\/v2\/product\/30437","targetHints":{"allow":["GET"]}}],"collection":[{"href":"https:\/\/staging.pepiniereezavin.com\/en\/wp-json\/wp\/v2\/product"}],"about":[{"href":"https:\/\/staging.pepiniereezavin.com\/en\/wp-json\/wp\/v2\/types\/product"}],"wp:featuredmedia":[{"embeddable":true,"href":"https:\/\/staging.pepiniereezavin.com\/en\/wp-json\/wp\/v2\/media\/30505"}],"wp:attachment":[{"href":"https:\/\/staging.pepiniereezavin.com\/en\/wp-json\/wp\/v2\/media?parent=30437"}],"wp:term":[{"taxonomy":"product_cat","embeddable":true,"href":"https:\/\/staging.pepiniereezavin.com\/en\/wp-json\/wp\/v2\/product_cat?post=30437"},{"taxonomy":"product_tag","embeddable":true,"href":"https:\/\/staging.pepiniereezavin.com\/en\/wp-json\/wp\/v2\/product_tag?post=30437"}],"curies":[{"name":"wp","href":"https:\/\/api.w.org\/{rel}","templated":true}]}}