{"id":30438,"date":"2021-12-09T22:49:56","date_gmt":"2021-12-09T21:49:56","guid":{"rendered":"https:\/\/pepiniereezavin.fr\/?post_type=product&#038;p=30438"},"modified":"2022-11-19T18:29:36","modified_gmt":"2022-11-19T17:29:36","slug":"pteris-tremula","status":"publish","type":"product","link":"https:\/\/staging.pepiniereezavin.com\/en\/product\/pteris-tremula\/","title":{"rendered":"Pteris tremula"},"content":{"rendered":"<p>Cette foug\u00e8re australienne\u00a0forme rapidement une touffe \u00e9tal\u00e9e de <strong>frondes vert clair, tr\u00e8s luxuriantes<\/strong>. Elle s&rsquo;exprime totalement \u00e0 <strong>mi-ombre humide<\/strong>, mais en <strong>zones rocheuses plus s\u00e8ches<\/strong>, les individus sont\u00a0alors nanifi\u00e9s, mais poussent quand m\u00eame. Pailler le coeur en hiver si risque de gel (rustique \u00e0 Roquefort, jusqu&rsquo;\u00e0 -8\u00b0C, depuis 10 ans). Possible en int\u00e9rieur ou v\u00e9randa. Sublime sur un mur v\u00e9g\u00e9tal.<\/p>\n<p><span style=\"text-decoration: underline;\">Hauteur adulte<\/span>\u00a0: 40\/60 (100) cm.\u00a0<span style=\"text-decoration: underline;\">Origine g\u00e9ographique<\/span>\u00a0: Australie.\u00a0<span style=\"text-decoration: underline;\">Persistance hiver<\/span>\u00a0: Semi-persistant.\u00a0<span style=\"text-decoration: underline;\">Rusticit\u00e9 USDA<\/span>\u00a0: Zone 8.<\/p>","protected":false},"excerpt":{"rendered":"<p>Cette foug\u00e8re australienne\u00a0forme rapidement une touffe \u00e9tal\u00e9e de <strong>frondes vert clair, tr\u00e8s luxuriantes<\/strong>. Elle s&rsquo;exprime totalement \u00e0 <strong>mi-ombre humide<\/strong>, mais en <strong>zones rocheuses plus s\u00e8ches<\/strong>, les individus sont\u00a0alors nanifi\u00e9s, mais poussent quand m\u00eame. Pailler le coeur en hiver si risque de gel (rustique \u00e0 Roquefort, jusqu&rsquo;\u00e0 -8\u00b0C, depuis 10 ans). Possible en int\u00e9rieur ou v\u00e9randa. Sublime sur un mur v\u00e9g\u00e9tal.<\/p>\n<p><span style=\"text-decoration: underline;\">Hauteur adulte<\/span>\u00a0: 40\/60 (100) cm.\u00a0<span style=\"text-decoration: underline;\">Origine g\u00e9ographique<\/span>\u00a0: Australie.\u00a0<span style=\"text-decoration: underline;\">Persistance hiver<\/span>\u00a0: Semi-persistant.\u00a0<span style=\"text-decoration: underline;\">Rusticit\u00e9 USDA<\/span>\u00a0: Zone 8.<\/p>","protected":false},"featured_media":30506,"template":"","meta":{"site-sidebar-layout":"default","site-content-layout":"default","ast-global-header-display":"","ast-main-header-display":"","ast-hfb-above-header-display":"","ast-hfb-below-header-display":"","ast-hfb-mobile-header-display":"","site-post-title":"","ast-breadcrumbs-content":"","ast-featured-img":"","footer-sml-layout":"","theme-transparent-header-meta":"default","adv-header-id-meta":"","stick-header-meta":"default","header-above-stick-meta":"","header-main-stick-meta":"","header-below-stick-meta":""},"product_cat":[535,543,545],"product_tag":[531,556,558],"class_list":["post-30438","product","type-product","status-publish","has-post-thumbnail","hentry","product_cat-fougeres","product_cat-fougeres-interieur","product_cat-fougeres-climat-doux","product_tag-plantes-origine-oceanienne","product_tag-plantes-pour-interieur","product_tag-plantes-pour-climats-doux","pa_taille-du-pot-pot-12-14-cm-diametre","desktop-align-center","tablet-align-center","mobile-align-center","ast-product-gallery-layout-horizontal","ast-product-single-variable","ast-product-tabs-layout-horizontal","ast-qv-on-image"],"_links":{"self":[{"href":"https:\/\/staging.pepiniereezavin.com\/en\/wp-json\/wp\/v2\/product\/30438","targetHints":{"allow":["GET"]}}],"collection":[{"href":"https:\/\/staging.pepiniereezavin.com\/en\/wp-json\/wp\/v2\/product"}],"about":[{"href":"https:\/\/staging.pepiniereezavin.com\/en\/wp-json\/wp\/v2\/types\/product"}],"wp:featuredmedia":[{"embeddable":true,"href":"https:\/\/staging.pepiniereezavin.com\/en\/wp-json\/wp\/v2\/media\/30506"}],"wp:attachment":[{"href":"https:\/\/staging.pepiniereezavin.com\/en\/wp-json\/wp\/v2\/media?parent=30438"}],"wp:term":[{"taxonomy":"product_cat","embeddable":true,"href":"https:\/\/staging.pepiniereezavin.com\/en\/wp-json\/wp\/v2\/product_cat?post=30438"},{"taxonomy":"product_tag","embeddable":true,"href":"https:\/\/staging.pepiniereezavin.com\/en\/wp-json\/wp\/v2\/product_tag?post=30438"}],"curies":[{"name":"wp","href":"https:\/\/api.w.org\/{rel}","templated":true}]}}