{"id":30439,"date":"2021-12-09T22:49:56","date_gmt":"2021-12-09T21:49:56","guid":{"rendered":"https:\/\/pepiniereezavin.fr\/?post_type=product&#038;p=30439"},"modified":"2022-11-02T13:53:55","modified_gmt":"2022-11-02T12:53:55","slug":"pteris-vittata","status":"publish","type":"product","link":"https:\/\/staging.pepiniereezavin.com\/en\/product\/pteris-vittata\/","title":{"rendered":"Pteris vittata"},"content":{"rendered":"<p>Voici une foug\u00e8re atypique : Elle appr\u00e9cie les<strong> endroits secs, au soleil<\/strong>! Les frondes coriaces, d\u00e9coup\u00e9es 1 fois, forment de rosettes dress\u00e9es \u00e0 retombantes. Install\u00e9e au\u00a0soleil de la M\u00e9diterran\u00e9e (photo) ou en ombre l\u00e9g\u00e8re, elle s&rsquo;\u00e9panouira, mais une mi-ombre humide lui conviendra tout aussi bien, tant qu&rsquo;elle est hors gel. Se ress\u00e8me tr\u00e8s bien. Naturalis\u00e9e dans les cact\u00e9es (dans les sillons des <em>Echinocactus grusonii<\/em>!) au Jardin exotique de Monaco. Port tr\u00e8s gracieux en v\u00e9randa ou en int\u00e9rieur (tr\u00e8s lumineux).<\/p>\n<p><span style=\"text-decoration: underline;\">Hauteur adulte<\/span>\u00a0: 40\/60 (100) cm.\u00a0<span style=\"text-decoration: underline;\">Origine g\u00e9ographique<\/span>\u00a0: Am\u00e9riques, Chine, Afrique de l&rsquo;Est, Asie du Sud-Est.\u00a0<span style=\"text-decoration: underline;\">Persistance hiver<\/span>\u00a0: Persistant (si conserv\u00e9 hors gel), caduque si gels brefs.\u00a0<span style=\"text-decoration: underline;\">Rusticit\u00e9 USDA<\/span>\u00a0: Zone 9.<\/p>","protected":false},"excerpt":{"rendered":"<p>Voici une foug\u00e8re atypique : Elle appr\u00e9cie les<strong> endroits secs, au soleil<\/strong>! Les frondes coriaces, d\u00e9coup\u00e9es 1 fois, forment de rosettes dress\u00e9es \u00e0 retombantes. Install\u00e9e au\u00a0soleil de la M\u00e9diterran\u00e9e (photo) ou en ombre l\u00e9g\u00e8re, elle s&rsquo;\u00e9panouira, mais une mi-ombre humide lui conviendra tout aussi bien, tant qu&rsquo;elle est hors gel. Se ress\u00e8me tr\u00e8s bien. Naturalis\u00e9e dans les cact\u00e9es (dans les sillons des <em>Echinocactus grusonii<\/em>!) au Jardin exotique de Monaco. Port tr\u00e8s gracieux en v\u00e9randa ou en int\u00e9rieur (tr\u00e8s lumineux).<\/p>\n<p><span style=\"text-decoration: underline;\">Hauteur adulte<\/span>\u00a0: 40\/60 (100) cm.\u00a0<span style=\"text-decoration: underline;\">Origine g\u00e9ographique<\/span>\u00a0: Am\u00e9riques, Chine, Afrique de l&rsquo;Est, Asie du Sud-Est.\u00a0<span style=\"text-decoration: underline;\">Persistance hiver<\/span>\u00a0: Persistant (si conserv\u00e9 hors gel), caduque si gels brefs.\u00a0<span style=\"text-decoration: underline;\">Rusticit\u00e9 USDA<\/span>\u00a0: Zone 9.<\/p>","protected":false},"featured_media":30508,"template":"","meta":{"site-sidebar-layout":"default","site-content-layout":"default","ast-global-header-display":"","ast-main-header-display":"","ast-hfb-above-header-display":"","ast-hfb-below-header-display":"","ast-hfb-mobile-header-display":"","site-post-title":"","ast-breadcrumbs-content":"","ast-featured-img":"","footer-sml-layout":"","theme-transparent-header-meta":"default","adv-header-id-meta":"","stick-header-meta":"default","header-above-stick-meta":"","header-main-stick-meta":"","header-below-stick-meta":""},"product_cat":[535,543,545],"product_tag":[527,529,530,556,558,533,534],"class_list":["post-30439","product","type-product","status-publish","has-post-thumbnail","hentry","product_cat-fougeres","product_cat-fougeres-interieur","product_cat-fougeres-climat-doux","product_tag-plantes-origine-africaine","product_tag-plantes-origine-asiatique","product_tag-plantes-origine-europeenne","product_tag-plantes-pour-interieur","product_tag-plantes-pour-climats-doux","product_tag-plantes-pour-mur-vegetaux","product_tag-plantes-pour-ombre-seche","pa_taille-du-pot-pot-12-14-cm-diametre","desktop-align-center","tablet-align-center","mobile-align-center","ast-product-gallery-layout-horizontal","ast-product-single-variable","ast-product-tabs-layout-horizontal","ast-qv-on-image"],"_links":{"self":[{"href":"https:\/\/staging.pepiniereezavin.com\/en\/wp-json\/wp\/v2\/product\/30439","targetHints":{"allow":["GET"]}}],"collection":[{"href":"https:\/\/staging.pepiniereezavin.com\/en\/wp-json\/wp\/v2\/product"}],"about":[{"href":"https:\/\/staging.pepiniereezavin.com\/en\/wp-json\/wp\/v2\/types\/product"}],"wp:featuredmedia":[{"embeddable":true,"href":"https:\/\/staging.pepiniereezavin.com\/en\/wp-json\/wp\/v2\/media\/30508"}],"wp:attachment":[{"href":"https:\/\/staging.pepiniereezavin.com\/en\/wp-json\/wp\/v2\/media?parent=30439"}],"wp:term":[{"taxonomy":"product_cat","embeddable":true,"href":"https:\/\/staging.pepiniereezavin.com\/en\/wp-json\/wp\/v2\/product_cat?post=30439"},{"taxonomy":"product_tag","embeddable":true,"href":"https:\/\/staging.pepiniereezavin.com\/en\/wp-json\/wp\/v2\/product_tag?post=30439"}],"curies":[{"name":"wp","href":"https:\/\/api.w.org\/{rel}","templated":true}]}}