{"id":30486,"date":"2021-12-09T22:50:18","date_gmt":"2021-12-09T21:50:18","guid":{"rendered":"https:\/\/pepiniereezavin.fr\/?post_type=product&#038;p=30486"},"modified":"2022-08-11T23:19:22","modified_gmt":"2022-08-11T21:19:22","slug":"pyrrosia-hastata","status":"publish","type":"product","link":"https:\/\/staging.pepiniereezavin.com\/en\/product\/pyrrosia-hastata\/","title":{"rendered":"Pyrrosia hastata"},"content":{"rendered":"<p><a href=\"https:\/\/staging.pepiniereezavin.com\/wp-content\/uploads\/2015\/02\/Prix_SJB_Pyrrosia_hastata-1024x723-.jpg\"><img loading=\"lazy\" decoding=\"async\" class=\"wp-image-2806 alignright\" src=\"https:\/\/staging.pepiniereezavin.com\/wp-content\/uploads\/2015\/02\/Prix_SJB_Pyrrosia_hastata-1024x723--300x212.jpg\" alt=\"Prix_SJB_Pyrrosia_hastata -1024x723-\" width=\"250\" height=\"177\" \/><\/a>Ce <strong>polypode japonais<\/strong> poss\u00e8de des frondes hast\u00e9es (pointues, avec des excroissances de chaque c\u00f4t\u00e9 de la base) et un port dress\u00e9\u00a0tr\u00e8s \u00e9l\u00e9gant. Comme tous les <em>Pyrrosia<\/em> que je connais, il est \u00e0 croissance lente, mais la patience est bien r\u00e9compens\u00e9e par la beaut\u00e9 de cette esp\u00e8ce : la <strong>mati\u00e8re \u00e9paisse du feuillage<\/strong>; la <strong>coloration rousse<\/strong> des revers des frondes, les poils \u00e9toil\u00e9s qui constellent la surface des limbes.\u00a0Culture facile. Rustique \u00e0 -8\u00b0C au moins. Sol drainant.<\/p>\n<p>Actuellement en culture, je vous tiens au courant d\u00e8s qu&rsquo;ils sont pr\u00eats!<\/p>\n<p><span style=\"text-decoration: underline;\">Hauteur adulte<\/span>\u00a0: 20\/40 cm.\u00a0<span style=\"text-decoration: underline;\">Origine g\u00e9ographique<\/span>\u00a0: Japon, Cor\u00e9e du Sud.\u00a0<span style=\"text-decoration: underline;\">Persistance hiver<\/span>\u00a0: Persistant.\u00a0<span style=\"text-decoration: underline;\">Rusticit\u00e9 USDA<\/span>\u00a0: Zone 8.<\/p>","protected":false},"excerpt":{"rendered":"<p><a href=\"https:\/\/staging.pepiniereezavin.com\/wp-content\/uploads\/2015\/02\/Prix_SJB_Pyrrosia_hastata-1024x723-.jpg\"><img loading=\"lazy\" decoding=\"async\" class=\"wp-image-2806 alignright\" src=\"https:\/\/staging.pepiniereezavin.com\/wp-content\/uploads\/2015\/02\/Prix_SJB_Pyrrosia_hastata-1024x723--300x212.jpg\" alt=\"Prix_SJB_Pyrrosia_hastata -1024x723-\" width=\"250\" height=\"177\" \/><\/a>Ce <strong>polypode japonais<\/strong> poss\u00e8de des frondes hast\u00e9es (pointues, avec des excroissances de chaque c\u00f4t\u00e9 de la base) et un port dress\u00e9\u00a0tr\u00e8s \u00e9l\u00e9gant. Comme tous les <em>Pyrrosia<\/em> que je connais, il est \u00e0 croissance lente, mais la patience est bien r\u00e9compens\u00e9e par la beaut\u00e9 de cette esp\u00e8ce : la <strong>mati\u00e8re \u00e9paisse du feuillage<\/strong>; la <strong>coloration rousse<\/strong> des revers des frondes, les poils \u00e9toil\u00e9s qui constellent la surface des limbes.\u00a0Culture facile. Rustique \u00e0 -8\u00b0C au moins. Sol drainant.<\/p>\n<p>Actuellement en culture, je vous tiens au courant d\u00e8s qu&rsquo;ils sont pr\u00eats!<\/p>\n<p><span style=\"text-decoration: underline;\">Hauteur adulte<\/span>\u00a0: 20\/40 cm.\u00a0<span style=\"text-decoration: underline;\">Origine g\u00e9ographique<\/span>\u00a0: Japon, Cor\u00e9e du Sud.\u00a0<span style=\"text-decoration: underline;\">Persistance hiver<\/span>\u00a0: Persistant.\u00a0<span style=\"text-decoration: underline;\">Rusticit\u00e9 USDA<\/span>\u00a0: Zone 8.<\/p>","protected":false},"featured_media":30511,"template":"","meta":{"site-sidebar-layout":"default","site-content-layout":"default","ast-global-header-display":"","ast-main-header-display":"","ast-hfb-above-header-display":"","ast-hfb-below-header-display":"","ast-hfb-mobile-header-display":"","site-post-title":"","ast-breadcrumbs-content":"","ast-featured-img":"","footer-sml-layout":"","theme-transparent-header-meta":"default","adv-header-id-meta":"","stick-header-meta":"default","header-above-stick-meta":"","header-main-stick-meta":"","header-below-stick-meta":""},"product_cat":[535,543,544,545],"product_tag":[525,529,556,558,533,557],"class_list":["post-30486","product","type-product","status-publish","has-post-thumbnail","hentry","product_cat-fougeres","product_cat-fougeres-interieur","product_cat-fougeres-terrarium","product_cat-fougeres-climat-doux","product_tag-plantes-a-feuillage-coriace","product_tag-plantes-origine-asiatique","product_tag-plantes-pour-interieur","product_tag-plantes-pour-climats-doux","product_tag-plantes-pour-mur-vegetaux","product_tag-plantes-pour-terrarium","pa_taille-du-pot-pot-12-14-cm-diametre","desktop-align-center","tablet-align-center","mobile-align-center","ast-product-gallery-layout-horizontal","ast-product-single-variable","ast-product-tabs-layout-horizontal","ast-qv-on-image"],"_links":{"self":[{"href":"https:\/\/staging.pepiniereezavin.com\/en\/wp-json\/wp\/v2\/product\/30486","targetHints":{"allow":["GET"]}}],"collection":[{"href":"https:\/\/staging.pepiniereezavin.com\/en\/wp-json\/wp\/v2\/product"}],"about":[{"href":"https:\/\/staging.pepiniereezavin.com\/en\/wp-json\/wp\/v2\/types\/product"}],"wp:featuredmedia":[{"embeddable":true,"href":"https:\/\/staging.pepiniereezavin.com\/en\/wp-json\/wp\/v2\/media\/30511"}],"wp:attachment":[{"href":"https:\/\/staging.pepiniereezavin.com\/en\/wp-json\/wp\/v2\/media?parent=30486"}],"wp:term":[{"taxonomy":"product_cat","embeddable":true,"href":"https:\/\/staging.pepiniereezavin.com\/en\/wp-json\/wp\/v2\/product_cat?post=30486"},{"taxonomy":"product_tag","embeddable":true,"href":"https:\/\/staging.pepiniereezavin.com\/en\/wp-json\/wp\/v2\/product_tag?post=30486"}],"curies":[{"name":"wp","href":"https:\/\/api.w.org\/{rel}","templated":true}]}}