{"id":30487,"date":"2021-12-09T22:50:18","date_gmt":"2021-12-09T21:50:18","guid":{"rendered":"https:\/\/pepiniereezavin.fr\/?post_type=product&#038;p=30487"},"modified":"2022-12-24T15:54:42","modified_gmt":"2022-12-24T14:54:42","slug":"pyrrosia-lingua","status":"publish","type":"product","link":"https:\/\/staging.pepiniereezavin.com\/en\/product\/pyrrosia-lingua\/","title":{"rendered":"Pyrrosia lingua"},"content":{"rendered":"<p>Voici une tr\u00e8s\u00a0<strong>\u00e9tonnante foug\u00e8re<\/strong>\u00a0\u00e0 rhizomes tra\u00e7ants, produisant des\u00a0<strong>frondes enti\u00e8res, dress\u00e9es<\/strong>, couvertes de\u00a0<strong>pruine jaune dor\u00e9 <\/strong>\u00e0 la face inf\u00e9rieure. Sa croissance est lente, mais la mati\u00e8re et les teintes de cette exotique en font une excellente plante de v\u00e9randa ou de jardin japonais. Assur\u00e9ment une pi\u00e8ce centrale de collection. Rustique \u00e0 Paris. Culture facile.<\/p>\n<p><span style=\"text-decoration: underline;\">Hauteur adulte<\/span>\u00a0: 20\/40 cm.\u00a0<span style=\"text-decoration: underline;\">Origine g\u00e9ographique<\/span>\u00a0: Japon, Chine, Indochine, Cor\u00e9e du Sud, Ta\u00efwan. P<span style=\"text-decoration: underline;\">ersistance hiver<\/span>\u00a0: Persistant.\u00a0<span style=\"text-decoration: underline;\">Rusticit\u00e9 USDA<\/span>\u00a0: Zone 7\/8 (vu l&rsquo;aire de r\u00e9partition large, la rusticit\u00e9 d\u00e9pend de la r\u00e9gion d&rsquo;origine de la plante. La souche que nous commercialisons est rustique en r\u00e9gion parisienne, avec protection si\u00a0froid intense).<\/p>","protected":false},"excerpt":{"rendered":"<p>Voici une tr\u00e8s\u00a0<strong>\u00e9tonnante foug\u00e8re<\/strong>\u00a0\u00e0 rhizomes tra\u00e7ants, produisant des\u00a0<strong>frondes enti\u00e8res, dress\u00e9es<\/strong>, couvertes de\u00a0<strong>pruine jaune dor\u00e9\u00a0<\/strong>\u00e0 la face inf\u00e9rieure. Sa croissance est lente, mais la mati\u00e8re et les teintes de cette exotique en font une excellente plante de v\u00e9randa ou de jardin japonais. Assur\u00e9ment une pi\u00e8ce centrale de collection. Rustique \u00e0 Paris. Culture facile.<\/p>\n<p><span style=\"text-decoration: underline;\">Hauteur adulte<\/span>\u00a0: 20\/40 cm.\u00a0<span style=\"text-decoration: underline;\">Origine g\u00e9ographique<\/span>\u00a0: Japon, Chine, Indochine, Cor\u00e9e du Sud, Ta\u00efwan. P<span style=\"text-decoration: underline;\">ersistance hiver<\/span>\u00a0: Persistant.\u00a0<span style=\"text-decoration: underline;\">Rusticit\u00e9 USDA<\/span>\u00a0: Zone 7\/8 (vu l&rsquo;aire de r\u00e9partition large, la rusticit\u00e9 d\u00e9pend de la r\u00e9gion d&rsquo;origine de la plante. La souche que nous commercialisons est rustique en r\u00e9gion parisienne, avec protection si\u00a0froid intense).<\/p>","protected":false},"featured_media":30516,"template":"","meta":{"site-sidebar-layout":"default","site-content-layout":"default","ast-global-header-display":"","ast-main-header-display":"","ast-hfb-above-header-display":"","ast-hfb-below-header-display":"","ast-hfb-mobile-header-display":"","site-post-title":"","ast-breadcrumbs-content":"","ast-featured-img":"","footer-sml-layout":"","theme-transparent-header-meta":"default","adv-header-id-meta":"","stick-header-meta":"default","header-above-stick-meta":"","header-main-stick-meta":"","header-below-stick-meta":""},"product_cat":[535,543,545,546],"product_tag":[525,529,556,533],"class_list":["post-30487","product","type-product","status-publish","has-post-thumbnail","hentry","product_cat-fougeres","product_cat-fougeres-interieur","product_cat-fougeres-climat-doux","product_cat-fougeres-climat-frais","product_tag-plantes-a-feuillage-coriace","product_tag-plantes-origine-asiatique","product_tag-plantes-pour-interieur","product_tag-plantes-pour-mur-vegetaux","pa_taille-du-pot-pot-12-14-cm-diametre","desktop-align-center","tablet-align-center","mobile-align-center","ast-product-gallery-layout-horizontal","ast-product-single-variable","ast-product-tabs-layout-horizontal","ast-qv-on-image"],"_links":{"self":[{"href":"https:\/\/staging.pepiniereezavin.com\/en\/wp-json\/wp\/v2\/product\/30487","targetHints":{"allow":["GET"]}}],"collection":[{"href":"https:\/\/staging.pepiniereezavin.com\/en\/wp-json\/wp\/v2\/product"}],"about":[{"href":"https:\/\/staging.pepiniereezavin.com\/en\/wp-json\/wp\/v2\/types\/product"}],"wp:featuredmedia":[{"embeddable":true,"href":"https:\/\/staging.pepiniereezavin.com\/en\/wp-json\/wp\/v2\/media\/30516"}],"wp:attachment":[{"href":"https:\/\/staging.pepiniereezavin.com\/en\/wp-json\/wp\/v2\/media?parent=30487"}],"wp:term":[{"taxonomy":"product_cat","embeddable":true,"href":"https:\/\/staging.pepiniereezavin.com\/en\/wp-json\/wp\/v2\/product_cat?post=30487"},{"taxonomy":"product_tag","embeddable":true,"href":"https:\/\/staging.pepiniereezavin.com\/en\/wp-json\/wp\/v2\/product_tag?post=30487"}],"curies":[{"name":"wp","href":"https:\/\/api.w.org\/{rel}","templated":true}]}}