{"id":30488,"date":"2021-12-09T22:50:18","date_gmt":"2021-12-09T21:50:18","guid":{"rendered":"https:\/\/pepiniereezavin.fr\/?post_type=product&#038;p=30488"},"modified":"2023-01-05T07:12:59","modified_gmt":"2023-01-05T06:12:59","slug":"pyrrosia-polydactyla","status":"publish","type":"product","link":"https:\/\/staging.pepiniereezavin.com\/en\/product\/pyrrosia-polydactyla\/","title":{"rendered":"Pyrrosia polydactyla"},"content":{"rendered":"<p><strong>Splendide foug\u00e8re end\u00e9mique de Ta\u00efwan<\/strong>, au port en rosette, et aux <strong>frondes p\u00e9dal\u00e9es<\/strong>, compos\u00e9es de 6 \u00e0 8 lobes. Depuis plus de 15 ans cette esp\u00e8ce est test\u00e9e dans le jardin, o\u00f9 elle prosp\u00e8re sans protection en sol argilo-calcaire humif\u00e8re. La plante a un aspect vraiment unique, avec ses frondes <strong>\u00e9paisses, velout\u00e9es, et au revers roux<\/strong>. Croissance lente, culture facile.<\/p>\n<p><span style=\"text-decoration: underline;\">Hauteur adulte<\/span>\u00a0: 20\/40 cm.\u00a0<span style=\"text-decoration: underline;\">Origine g\u00e9ographique<\/span>\u00a0: Ta\u00efwan.\u00a0<span style=\"text-decoration: underline;\">Persistance hiver<\/span>\u00a0: Persistant.\u00a0<span style=\"text-decoration: underline;\">Rusticit\u00e9 USDA<\/span> : Zone 9 (-6.7\u00b0C\/-1.1\u00b0C).<\/p>","protected":false},"excerpt":{"rendered":"<p><strong>Splendide foug\u00e8re end\u00e9mique de Ta\u00efwan<\/strong>, au port en rosette, et aux <strong>frondes p\u00e9dal\u00e9es<\/strong>, compos\u00e9es de 6 \u00e0 8 lobes. Depuis plus de 15 ans cette esp\u00e8ce est test\u00e9e dans le jardin, o\u00f9 elle prosp\u00e8re sans protection en sol argilo-calcaire humif\u00e8re. La plante a un aspect vraiment unique, avec ses frondes <strong>\u00e9paisses, velout\u00e9es, et au revers roux<\/strong>. Croissance lente, culture facile.<\/p>\n<p><span style=\"text-decoration: underline;\">Hauteur adulte<\/span>\u00a0: 20\/40 cm.\u00a0<span style=\"text-decoration: underline;\">Origine g\u00e9ographique<\/span>\u00a0: Ta\u00efwan.\u00a0<span style=\"text-decoration: underline;\">Persistance hiver<\/span>\u00a0: Persistant.\u00a0<span style=\"text-decoration: underline;\">Rusticit\u00e9 USDA<\/span> : Zone 9 (-6.7\u00b0C\/-1.1\u00b0C).<\/p>","protected":false},"featured_media":30520,"template":"","meta":{"site-sidebar-layout":"default","site-content-layout":"default","ast-global-header-display":"","ast-main-header-display":"","ast-hfb-above-header-display":"","ast-hfb-below-header-display":"","ast-hfb-mobile-header-display":"","site-post-title":"","ast-breadcrumbs-content":"","ast-featured-img":"","footer-sml-layout":"","theme-transparent-header-meta":"default","adv-header-id-meta":"","stick-header-meta":"default","header-above-stick-meta":"","header-main-stick-meta":"","header-below-stick-meta":""},"product_cat":[535,543,544,545,546],"product_tag":[525,529,556,533,557],"class_list":["post-30488","product","type-product","status-publish","has-post-thumbnail","hentry","product_cat-fougeres","product_cat-fougeres-interieur","product_cat-fougeres-terrarium","product_cat-fougeres-climat-doux","product_cat-fougeres-climat-frais","product_tag-plantes-a-feuillage-coriace","product_tag-plantes-origine-asiatique","product_tag-plantes-pour-interieur","product_tag-plantes-pour-mur-vegetaux","product_tag-plantes-pour-terrarium","pa_taille-du-pot-pot-12-14-cm-diametre","desktop-align-center","tablet-align-center","mobile-align-center","ast-product-gallery-layout-horizontal","ast-product-single-variable","ast-product-tabs-layout-horizontal","ast-qv-on-image"],"_links":{"self":[{"href":"https:\/\/staging.pepiniereezavin.com\/en\/wp-json\/wp\/v2\/product\/30488","targetHints":{"allow":["GET"]}}],"collection":[{"href":"https:\/\/staging.pepiniereezavin.com\/en\/wp-json\/wp\/v2\/product"}],"about":[{"href":"https:\/\/staging.pepiniereezavin.com\/en\/wp-json\/wp\/v2\/types\/product"}],"wp:featuredmedia":[{"embeddable":true,"href":"https:\/\/staging.pepiniereezavin.com\/en\/wp-json\/wp\/v2\/media\/30520"}],"wp:attachment":[{"href":"https:\/\/staging.pepiniereezavin.com\/en\/wp-json\/wp\/v2\/media?parent=30488"}],"wp:term":[{"taxonomy":"product_cat","embeddable":true,"href":"https:\/\/staging.pepiniereezavin.com\/en\/wp-json\/wp\/v2\/product_cat?post=30488"},{"taxonomy":"product_tag","embeddable":true,"href":"https:\/\/staging.pepiniereezavin.com\/en\/wp-json\/wp\/v2\/product_tag?post=30488"}],"curies":[{"name":"wp","href":"https:\/\/api.w.org\/{rel}","templated":true}]}}