{"id":30491,"date":"2021-12-09T22:50:18","date_gmt":"2021-12-09T21:50:18","guid":{"rendered":"https:\/\/pepiniereezavin.fr\/?post_type=product&#038;p=30491"},"modified":"2023-01-02T18:40:45","modified_gmt":"2023-01-02T17:40:45","slug":"rumohra-adiantiformis-australie","status":"publish","type":"product","link":"https:\/\/staging.pepiniereezavin.com\/en\/product\/rumohra-adiantiformis-australie\/","title":{"rendered":"Rumohra adiantiformis  (Australie)"},"content":{"rendered":"<p>La<strong> foug\u00e8re des fleuristes <\/strong>est utilis\u00e9e en bouquetterie. C&rsquo;est une plante en touffe qui drageonne \u00e0 la base. Les frondes bipenn\u00e9es vert fonc\u00e9 sont <strong>coriaces et d&rsquo;aspect plastique<\/strong>. Sa croissance est lente, mais c&rsquo;est une tr\u00e8s belle foug\u00e8re en int\u00e9rieur, en v\u00e9randa ou sur un mur v\u00e9g\u00e9tal. Le feuillage peut \u00e9videmment vous servir pour agr\u00e9menter vos bouquets maison! En climat hors gel, elle peut \u00eatre install\u00e9e en ext\u00e9rieur.<\/p>\n<p><span style=\"text-decoration: underline;\">Hauteur adulte<\/span>\u00a0: 40\/60 cm.\u00a0<span style=\"text-decoration: underline;\">Origine g\u00e9ographique<\/span>\u00a0: Am\u00e9rique du Sud et centrale, Afrique du Sud, Madagascar, Australie et Nouvelle-Z\u00e9lande.\u00a0<span style=\"text-decoration: underline;\">Persistance hiver<\/span>\u00a0: Persistant.\u00a0<span style=\"text-decoration: underline;\">Rusticit\u00e9 USDA<\/span>\u00a0: Zone 9.<\/p>","protected":false},"excerpt":{"rendered":"<p>La<strong> foug\u00e8re des fleuristes <\/strong>est utilis\u00e9e en bouquetterie. C&rsquo;est une plante en touffe qui drageonne \u00e0 la base. Les frondes bipenn\u00e9es vert fonc\u00e9 sont <strong>coriaces et d&rsquo;aspect plastique<\/strong>. Sa croissance est lente, mais c&rsquo;est une tr\u00e8s belle foug\u00e8re en int\u00e9rieur, en v\u00e9randa ou sur un mur v\u00e9g\u00e9tal. Le feuillage peut \u00e9videmment vous servir pour agr\u00e9menter vos bouquets maison! En climat hors gel, elle peut \u00eatre install\u00e9e en ext\u00e9rieur.<\/p>\n<p><span style=\"text-decoration: underline;\">Hauteur adulte<\/span>\u00a0: 40\/60 cm.\u00a0<span style=\"text-decoration: underline;\">Origine g\u00e9ographique<\/span>\u00a0: Am\u00e9rique du Sud et centrale, Afrique du Sud, Madagascar, Australie et Nouvelle-Z\u00e9lande.\u00a0<span style=\"text-decoration: underline;\">Persistance hiver<\/span>\u00a0: Persistant.\u00a0<span style=\"text-decoration: underline;\">Rusticit\u00e9 USDA<\/span>\u00a0: Zone 9.<\/p>","protected":false},"featured_media":30521,"template":"","meta":{"site-sidebar-layout":"default","site-content-layout":"default","ast-global-header-display":"","ast-main-header-display":"","ast-hfb-above-header-display":"","ast-hfb-below-header-display":"","ast-hfb-mobile-header-display":"","site-post-title":"","ast-breadcrumbs-content":"","ast-featured-img":"","footer-sml-layout":"","theme-transparent-header-meta":"default","adv-header-id-meta":"","stick-header-meta":"default","header-above-stick-meta":"","header-main-stick-meta":"","header-below-stick-meta":""},"product_cat":[535,543,545],"product_tag":[525,531,556,558,533],"class_list":["post-30491","product","type-product","status-publish","has-post-thumbnail","hentry","product_cat-fougeres","product_cat-fougeres-interieur","product_cat-fougeres-climat-doux","product_tag-plantes-a-feuillage-coriace","product_tag-plantes-origine-oceanienne","product_tag-plantes-pour-interieur","product_tag-plantes-pour-climats-doux","product_tag-plantes-pour-mur-vegetaux","pa_taille-du-pot-pot-12-14-cm-diametre","pa_taille-du-pot-pot-15-18-cm-diametre","desktop-align-center","tablet-align-center","mobile-align-center","ast-product-gallery-layout-horizontal","ast-product-single-variable","ast-product-tabs-layout-horizontal","ast-qv-on-image"],"_links":{"self":[{"href":"https:\/\/staging.pepiniereezavin.com\/en\/wp-json\/wp\/v2\/product\/30491","targetHints":{"allow":["GET"]}}],"collection":[{"href":"https:\/\/staging.pepiniereezavin.com\/en\/wp-json\/wp\/v2\/product"}],"about":[{"href":"https:\/\/staging.pepiniereezavin.com\/en\/wp-json\/wp\/v2\/types\/product"}],"wp:featuredmedia":[{"embeddable":true,"href":"https:\/\/staging.pepiniereezavin.com\/en\/wp-json\/wp\/v2\/media\/30521"}],"wp:attachment":[{"href":"https:\/\/staging.pepiniereezavin.com\/en\/wp-json\/wp\/v2\/media?parent=30491"}],"wp:term":[{"taxonomy":"product_cat","embeddable":true,"href":"https:\/\/staging.pepiniereezavin.com\/en\/wp-json\/wp\/v2\/product_cat?post=30491"},{"taxonomy":"product_tag","embeddable":true,"href":"https:\/\/staging.pepiniereezavin.com\/en\/wp-json\/wp\/v2\/product_tag?post=30491"}],"curies":[{"name":"wp","href":"https:\/\/api.w.org\/{rel}","templated":true}]}}