{"id":30492,"date":"2021-12-09T22:50:18","date_gmt":"2021-12-09T21:50:18","guid":{"rendered":"https:\/\/pepiniereezavin.fr\/?post_type=product&#038;p=30492"},"modified":"2022-10-04T10:42:10","modified_gmt":"2022-10-04T08:42:10","slug":"rumohra-adiantiformis-afrique-du-sud","status":"publish","type":"product","link":"https:\/\/staging.pepiniereezavin.com\/en\/product\/rumohra-adiantiformis-afrique-du-sud\/","title":{"rendered":"Rumohra adiantiformis (Afrique du Sud)"},"content":{"rendered":"<p>Cette forme est plus haute que les souches australiennes. C&rsquo;est une plante ultra \u00e9l\u00e9gante avec ses grandes frondes frondes dress\u00e9es, atteignant <strong>1m20 de haut<\/strong>, vert fonc\u00e9, \u00e9paisses.Cette\u00a0<strong>foug\u00e8re des fleuristes\u00a0<\/strong>sud-africaine sera la parure de vos plus beaux (et grands) bouquets!\u00a0Les frondes bipenn\u00e9es vert fonc\u00e9 sont <strong>coriaces et d&rsquo;aspect plastique<\/strong>. Croissance lente, mais tr\u00e8s bel aspect au jardin (en climat doux de bord de mer). Splendide en int\u00e9rieur, en v\u00e9randa.<\/p>\n<p><span style=\"text-decoration: underline;\">Hauteur adulte<\/span>\u00a0: 60\/80 (100) cm.\u00a0<span style=\"text-decoration: underline;\">Origine g\u00e9ographique<\/span>\u00a0: Souche d&rsquo;Afrique du Sud.\u00a0<span style=\"text-decoration: underline;\">Persistance hiver<\/span>\u00a0: Persistant.\u00a0<span style=\"text-decoration: underline;\">Rusticit\u00e9 USDA<\/span>\u00a0: Zone 9.<\/p>\n<p>.<\/p>","protected":false},"excerpt":{"rendered":"<p>Cette forme est plus haute que les souches australiennes. C&rsquo;est une plante ultra \u00e9l\u00e9gante avec ses grandes frondes frondes dress\u00e9es, atteignant <strong>1m20 de haut<\/strong>, vert fonc\u00e9, \u00e9paisses.Cette\u00a0<strong>foug\u00e8re des fleuristes\u00a0<\/strong>sud-africaine sera la parure de vos plus beaux (et grands) bouquets!\u00a0Les frondes bipenn\u00e9es vert fonc\u00e9 sont <strong>coriaces et d&rsquo;aspect plastique<\/strong>. Croissance lente, mais tr\u00e8s bel aspect au jardin (en climat doux de bord de mer). Splendide en int\u00e9rieur, en v\u00e9randa.<\/p>\n<p><span style=\"text-decoration: underline;\">Hauteur adulte<\/span>\u00a0: 60\/80 (100) cm.\u00a0<span style=\"text-decoration: underline;\">Origine g\u00e9ographique<\/span>\u00a0: Souche d&rsquo;Afrique du Sud.\u00a0<span style=\"text-decoration: underline;\">Persistance hiver<\/span>\u00a0: Persistant.\u00a0<span style=\"text-decoration: underline;\">Rusticit\u00e9 USDA<\/span>\u00a0: Zone 9.<\/p>\n<p>.<\/p>","protected":false},"featured_media":30523,"template":"","meta":{"site-sidebar-layout":"default","site-content-layout":"default","ast-global-header-display":"","ast-main-header-display":"","ast-hfb-above-header-display":"","ast-hfb-below-header-display":"","ast-hfb-mobile-header-display":"","site-post-title":"","ast-breadcrumbs-content":"","ast-featured-img":"","footer-sml-layout":"","theme-transparent-header-meta":"default","adv-header-id-meta":"","stick-header-meta":"default","header-above-stick-meta":"","header-main-stick-meta":"","header-below-stick-meta":""},"product_cat":[535,543,545],"product_tag":[525,527,556,558],"class_list":["post-30492","product","type-product","status-publish","has-post-thumbnail","hentry","product_cat-fougeres","product_cat-fougeres-interieur","product_cat-fougeres-climat-doux","product_tag-plantes-a-feuillage-coriace","product_tag-plantes-origine-africaine","product_tag-plantes-pour-interieur","product_tag-plantes-pour-climats-doux","pa_taille-du-pot-pot-12-14-cm-diametre","pa_taille-du-pot-pot-15-18-cm-diametre","desktop-align-center","tablet-align-center","mobile-align-center","ast-product-gallery-layout-horizontal","ast-product-single-variable","ast-product-tabs-layout-horizontal","ast-qv-on-image"],"_links":{"self":[{"href":"https:\/\/staging.pepiniereezavin.com\/en\/wp-json\/wp\/v2\/product\/30492","targetHints":{"allow":["GET"]}}],"collection":[{"href":"https:\/\/staging.pepiniereezavin.com\/en\/wp-json\/wp\/v2\/product"}],"about":[{"href":"https:\/\/staging.pepiniereezavin.com\/en\/wp-json\/wp\/v2\/types\/product"}],"wp:featuredmedia":[{"embeddable":true,"href":"https:\/\/staging.pepiniereezavin.com\/en\/wp-json\/wp\/v2\/media\/30523"}],"wp:attachment":[{"href":"https:\/\/staging.pepiniereezavin.com\/en\/wp-json\/wp\/v2\/media?parent=30492"}],"wp:term":[{"taxonomy":"product_cat","embeddable":true,"href":"https:\/\/staging.pepiniereezavin.com\/en\/wp-json\/wp\/v2\/product_cat?post=30492"},{"taxonomy":"product_tag","embeddable":true,"href":"https:\/\/staging.pepiniereezavin.com\/en\/wp-json\/wp\/v2\/product_tag?post=30492"}],"curies":[{"name":"wp","href":"https:\/\/api.w.org\/{rel}","templated":true}]}}