{"id":30496,"date":"2021-12-09T22:50:19","date_gmt":"2021-12-09T21:50:19","guid":{"rendered":"https:\/\/pepiniereezavin.fr\/?post_type=product&#038;p=30496"},"modified":"2022-12-04T22:36:38","modified_gmt":"2022-12-04T21:36:38","slug":"selaginella-kraussiana","status":"publish","type":"product","link":"https:\/\/staging.pepiniereezavin.com\/en\/product\/selaginella-kraussiana\/","title":{"rendered":"Selaginella kraussiana"},"content":{"rendered":"<p>Ce <strong>couvre sol tapissant<\/strong> s\u2019enracine de proche en proche, pour endroits \u00e0 humidit\u00e9 r\u00e9guli\u00e8re, au moins pendant une partie de l\u2019ann\u00e9e. Cette esp\u00e8ce, rustique jusqu\u2019\u00e0 -8\/-10\u00b0C (moins?), est une merveille du jardin, pour la <strong>d\u00e9licatesse de son feuillage.<\/strong> Elle supporte de br\u00e8ves p\u00e9riodes de s\u00e9cheresse estivale en se recroquevillant et en devenant brune. D\u00e8s que les pluies reviennent, elle s\u2019\u00e9tale et se remet \u00e0 pousser. S\u2019installera aussi bien en m\u00e9lange avec des mousses du sous bois, que sous un surplomb rocheux frais. Excellente plante pour \u00a0mur v\u00e9g\u00e9tal, ou dans un terrarium.<\/p>\n<p><span style=\"text-decoration: underline;\">Hauteur adulte<\/span>\u00a0: 3\/5 cm.\u00a0<span style=\"text-decoration: underline;\">Origine g\u00e9ographique<\/span>\u00a0: Afrique tropicale et australe.\u00a0<span style=\"text-decoration: underline;\">Persistance hiver<\/span>\u00a0: Persistant (rougit en hiver).\u00a0<span style=\"text-decoration: underline;\">Rusticit\u00e9 USDA<\/span>\u00a0: Zone 8.<\/p>","protected":false},"excerpt":{"rendered":"<p>Ce\u00a0<strong>couvre sol tapissant<\/strong>\u00a0s\u2019enracine de proche en proche, pour endroits \u00e0 humidit\u00e9 r\u00e9guli\u00e8re, au moins pendant une partie de l\u2019ann\u00e9e. Cette esp\u00e8ce, rustique jusqu\u2019\u00e0 -8\/-10\u00b0C (moins?), est une merveille du jardin, pour la\u00a0<strong>d\u00e9licatesse de son feuillage.<\/strong>\u00a0Elle supporte de br\u00e8ves p\u00e9riodes de s\u00e9cheresse estivale en se recroquevillant et en devenant brune. D\u00e8s que les pluies reviennent, elle s\u2019\u00e9tale et se remet \u00e0 pousser. S\u2019installera aussi bien en m\u00e9lange avec des mousses du sous bois, que sous un surplomb rocheux frais. Excellente plante pour \u00a0mur v\u00e9g\u00e9tal, ou dans un terrarium.<\/p>\n<p><span style=\"text-decoration: underline;\">Hauteur adulte<\/span>\u00a0: 3\/5 cm.\u00a0<span style=\"text-decoration: underline;\">Origine g\u00e9ographique<\/span>\u00a0: Afrique tropicale et australe.\u00a0<span style=\"text-decoration: underline;\">Persistance hiver<\/span>\u00a0: Persistant (rougit en hiver).\u00a0<span style=\"text-decoration: underline;\">Rusticit\u00e9 USDA<\/span>\u00a0: Zone 8.<\/p>","protected":false},"featured_media":30558,"template":"","meta":{"site-sidebar-layout":"default","site-content-layout":"default","ast-global-header-display":"","ast-main-header-display":"","ast-hfb-above-header-display":"","ast-hfb-below-header-display":"","ast-hfb-mobile-header-display":"","site-post-title":"","ast-breadcrumbs-content":"","ast-featured-img":"","footer-sml-layout":"","theme-transparent-header-meta":"default","adv-header-id-meta":"","stick-header-meta":"default","header-above-stick-meta":"","header-main-stick-meta":"","header-below-stick-meta":""},"product_cat":[535,543,544,545],"product_tag":[526,527,530,532,556,533,557],"class_list":["post-30496","product","type-product","status-publish","has-post-thumbnail","hentry","product_cat-fougeres","product_cat-fougeres-interieur","product_cat-fougeres-terrarium","product_cat-fougeres-climat-doux","product_tag-plantes-couvre-sol","product_tag-plantes-origine-africaine","product_tag-plantes-origine-europeenne","product_tag-plantes-pour-berges","product_tag-plantes-pour-interieur","product_tag-plantes-pour-mur-vegetaux","product_tag-plantes-pour-terrarium","pa_taille-du-pot-godet-carre-8x8-ou-9x9","desktop-align-center","tablet-align-center","mobile-align-center","ast-product-gallery-layout-horizontal","ast-product-single-variable","ast-product-tabs-layout-horizontal","ast-qv-on-image"],"_links":{"self":[{"href":"https:\/\/staging.pepiniereezavin.com\/en\/wp-json\/wp\/v2\/product\/30496","targetHints":{"allow":["GET"]}}],"collection":[{"href":"https:\/\/staging.pepiniereezavin.com\/en\/wp-json\/wp\/v2\/product"}],"about":[{"href":"https:\/\/staging.pepiniereezavin.com\/en\/wp-json\/wp\/v2\/types\/product"}],"wp:featuredmedia":[{"embeddable":true,"href":"https:\/\/staging.pepiniereezavin.com\/en\/wp-json\/wp\/v2\/media\/30558"}],"wp:attachment":[{"href":"https:\/\/staging.pepiniereezavin.com\/en\/wp-json\/wp\/v2\/media?parent=30496"}],"wp:term":[{"taxonomy":"product_cat","embeddable":true,"href":"https:\/\/staging.pepiniereezavin.com\/en\/wp-json\/wp\/v2\/product_cat?post=30496"},{"taxonomy":"product_tag","embeddable":true,"href":"https:\/\/staging.pepiniereezavin.com\/en\/wp-json\/wp\/v2\/product_tag?post=30496"}],"curies":[{"name":"wp","href":"https:\/\/api.w.org\/{rel}","templated":true}]}}