{"id":30498,"date":"2021-12-09T22:50:19","date_gmt":"2021-12-09T21:50:19","guid":{"rendered":"https:\/\/pepiniereezavin.fr\/?post_type=product&#038;p=30498"},"modified":"2022-11-27T20:14:56","modified_gmt":"2022-11-27T19:14:56","slug":"stenochlaena-tenuifolia","status":"publish","type":"product","link":"https:\/\/staging.pepiniereezavin.com\/en\/product\/stenochlaena-tenuifolia\/","title":{"rendered":"Stenochlaena tenuifolia"},"content":{"rendered":"<p>Voici une des rares\u00a0<strong>foug\u00e8res grimpantes<\/strong>. Stenochlaena tenuifolia vient des climats chauds de l&rsquo;Afrique, jusqu&rsquo;\u00e0 la douceur humide de Durban, en Afrique du Sud, d&rsquo;o\u00f9 viennent les spores des plantes que nous vous proposons. Le rhizome \u00e0 <strong>longs entre-n\u0153uds<\/strong>\u00a0\u00e9met des frondes penn\u00e9es coriaces \u00e0\u00a0<strong>look tr\u00e8s tropical<\/strong>. Croissance tr\u00e8s vigoureuse en \u00e9t\u00e9, ralentir les arrosages en hiver. Plut\u00f4t en\u00a0<strong>int\u00e9rieur,\u00a0<\/strong>en<strong>\u00a0jardin d&rsquo;hiver, v\u00e9randa\u00a0<\/strong>ou<strong>\u00a0paludarium,<\/strong>\u00a0ou encore sur un\u00a0<strong>mur v\u00e9g\u00e9tal<\/strong> (s&rsquo;il est grand!).<\/p>\n<p><span style=\"text-decoration: underline;\">Hauteur adulte<\/span>\u00a0: 100\/200 (500) cm.\u00a0<span style=\"text-decoration: underline;\">Origine g\u00e9ographique<\/span>\u00a0: Afrique tropicale, jusqu&rsquo;en Afrique du Sud.\u00a0<span style=\"text-decoration: underline;\">Persistance hiver<\/span>\u00a0: Persistant.\u00a0<span style=\"text-decoration: underline;\">Rusticit\u00e9 USDA<\/span>\u00a0: Zone 9. Gard\u00e9 hors gel ici ; mais dans la litt\u00e9rature am\u00e9ricaine, il est indiqu\u00e9 qu&rsquo;elle peut r\u00e9sister quelques jours \u00e0 -8\u00b0C&#8230; (The Fern Grower Manual, ISBN 0-88192-495-4)<\/p>","protected":false},"excerpt":{"rendered":"<p>Voici une des rares\u00a0<strong>foug\u00e8res grimpantes<\/strong>. Stenochlaena tenuifolia vient des climats chauds de l&rsquo;Afrique, jusqu&rsquo;\u00e0 la douceur humide de Durban, en Afrique du Sud, d&rsquo;o\u00f9 viennent les spores des plantes que nous vous proposons. Le rhizome \u00e0 <strong>longs entre-n\u0153uds<\/strong>\u00a0\u00e9met des frondes penn\u00e9es coriaces \u00e0\u00a0<strong>look tr\u00e8s tropical<\/strong>. Croissance tr\u00e8s vigoureuse en \u00e9t\u00e9, ralentir les arrosages en hiver. Plut\u00f4t en\u00a0<strong>int\u00e9rieur,\u00a0<\/strong>en<strong>\u00a0jardin d&rsquo;hiver, v\u00e9randa\u00a0<\/strong>ou<strong>\u00a0paludarium,<\/strong>\u00a0ou encore sur un\u00a0<strong>mur v\u00e9g\u00e9tal<\/strong> (s&rsquo;il est grand!).<\/p>\n<p><span style=\"text-decoration: underline;\">Hauteur adulte<\/span>\u00a0: 100\/200 (500) cm.\u00a0<span style=\"text-decoration: underline;\">Origine g\u00e9ographique<\/span>\u00a0: Afrique tropicale, jusqu&rsquo;en Afrique du Sud.\u00a0<span style=\"text-decoration: underline;\">Persistance hiver<\/span>\u00a0: Persistant.\u00a0<span style=\"text-decoration: underline;\">Rusticit\u00e9 USDA<\/span>\u00a0: Zone 9. Gard\u00e9 hors gel ici ; mais dans la litt\u00e9rature am\u00e9ricaine, il est indiqu\u00e9 qu&rsquo;elle peut r\u00e9sister quelques jours \u00e0 -8\u00b0C&#8230; (The Fern Grower Manual, ISBN 0-88192-495-4)<\/p>","protected":false},"featured_media":30561,"template":"","meta":{"site-sidebar-layout":"default","site-content-layout":"default","ast-global-header-display":"","ast-main-header-display":"","ast-hfb-above-header-display":"","ast-hfb-below-header-display":"","ast-hfb-mobile-header-display":"","site-post-title":"","ast-breadcrumbs-content":"","ast-featured-img":"","footer-sml-layout":"","theme-transparent-header-meta":"default","adv-header-id-meta":"","stick-header-meta":"default","header-above-stick-meta":"","header-main-stick-meta":"","header-below-stick-meta":""},"product_cat":[535,543,544,537],"product_tag":[525,526,527,532,556,533,557],"class_list":["post-30498","product","type-product","status-publish","has-post-thumbnail","hentry","product_cat-fougeres","product_cat-fougeres-interieur","product_cat-fougeres-terrarium","product_cat-autres-plantes","product_tag-plantes-a-feuillage-coriace","product_tag-plantes-couvre-sol","product_tag-plantes-origine-africaine","product_tag-plantes-pour-berges","product_tag-plantes-pour-interieur","product_tag-plantes-pour-mur-vegetaux","product_tag-plantes-pour-terrarium","pa_taille-du-pot-pot-12-14-cm-diametre","desktop-align-center","tablet-align-center","mobile-align-center","ast-product-gallery-layout-horizontal","ast-product-single-variable","ast-product-tabs-layout-horizontal","ast-qv-on-image"],"_links":{"self":[{"href":"https:\/\/staging.pepiniereezavin.com\/en\/wp-json\/wp\/v2\/product\/30498","targetHints":{"allow":["GET"]}}],"collection":[{"href":"https:\/\/staging.pepiniereezavin.com\/en\/wp-json\/wp\/v2\/product"}],"about":[{"href":"https:\/\/staging.pepiniereezavin.com\/en\/wp-json\/wp\/v2\/types\/product"}],"wp:featuredmedia":[{"embeddable":true,"href":"https:\/\/staging.pepiniereezavin.com\/en\/wp-json\/wp\/v2\/media\/30561"}],"wp:attachment":[{"href":"https:\/\/staging.pepiniereezavin.com\/en\/wp-json\/wp\/v2\/media?parent=30498"}],"wp:term":[{"taxonomy":"product_cat","embeddable":true,"href":"https:\/\/staging.pepiniereezavin.com\/en\/wp-json\/wp\/v2\/product_cat?post=30498"},{"taxonomy":"product_tag","embeddable":true,"href":"https:\/\/staging.pepiniereezavin.com\/en\/wp-json\/wp\/v2\/product_tag?post=30498"}],"curies":[{"name":"wp","href":"https:\/\/api.w.org\/{rel}","templated":true}]}}