{"id":30500,"date":"2021-12-09T22:50:19","date_gmt":"2021-12-09T21:50:19","guid":{"rendered":"https:\/\/pepiniereezavin.fr\/?post_type=product&#038;p=30500"},"modified":"2022-11-16T09:45:11","modified_gmt":"2022-11-16T08:45:11","slug":"tectaria-gemmifera","status":"publish","type":"product","link":"https:\/\/staging.pepiniereezavin.com\/en\/product\/tectaria-gemmifera\/","title":{"rendered":"Tectaria gemmifera"},"content":{"rendered":"<p>Voici une grande foug\u00e8re d&rsquo;int\u00e9rieur ou de v\u00e9randa, portant des <strong>bulbilles<\/strong>\u00a0de reproduction v\u00e9g\u00e9tative\u00a0<strong>sur les frondes<\/strong>. Elle forme une touffe dress\u00e9e avec des limbes \u00e9tal\u00e9s, de forme triangulaire deux fois penn\u00e9es, avec une <strong>texture papyrac\u00e9e<\/strong> pas courante. Croissance rapide pendant la belle saison (sol riche, humif\u00e8re). Les bulbilles tombent au sol et germent imm\u00e9diatement.<\/p>\n<p><span style=\"text-decoration: underline;\">Hauteur adulte<\/span> : 40\/60 (80) cm. <span style=\"text-decoration: underline;\">Origine g\u00e9ographique<\/span>\u00a0: Afrique de l&rsquo;Est.\u00a0<span style=\"text-decoration: underline;\">Persistance hiver<\/span>\u00a0: Persistant.\u00a0<span style=\"text-decoration: underline;\">Rusticit\u00e9 USDA<\/span>\u00a0: Zone 11 (+4.4\u00b0C\/+10\u00b0C).<\/p>","protected":false},"excerpt":{"rendered":"<p>Voici une grande foug\u00e8re d&rsquo;int\u00e9rieur ou de v\u00e9randa, portant des <strong>bulbilles<\/strong>\u00a0de reproduction v\u00e9g\u00e9tative\u00a0<strong>sur les frondes<\/strong>. Elle forme une touffe dress\u00e9e avec des limbes \u00e9tal\u00e9s, de forme triangulaire deux fois penn\u00e9es, avec une <strong>texture papyrac\u00e9e<\/strong> pas courante. Croissance rapide pendant la belle saison (sol riche, humif\u00e8re). Les bulbilles tombent au sol et germent imm\u00e9diatement.<\/p>\n<p><span style=\"text-decoration: underline;\">Hauteur adulte<\/span> : 40\/60 (80) cm. <span style=\"text-decoration: underline;\">Origine g\u00e9ographique<\/span>\u00a0: Afrique de l&rsquo;Est.\u00a0<span style=\"text-decoration: underline;\">Persistance hiver<\/span>\u00a0: Persistant.\u00a0<span style=\"text-decoration: underline;\">Rusticit\u00e9 USDA<\/span>\u00a0: Zone 11 (+4.4\u00b0C\/+10\u00b0C).<\/p>","protected":false},"featured_media":30567,"template":"","meta":{"site-sidebar-layout":"default","site-content-layout":"default","ast-global-header-display":"","ast-main-header-display":"","ast-hfb-above-header-display":"","ast-hfb-below-header-display":"","ast-hfb-mobile-header-display":"","site-post-title":"","ast-breadcrumbs-content":"","ast-featured-img":"","footer-sml-layout":"","theme-transparent-header-meta":"default","adv-header-id-meta":"","stick-header-meta":"default","header-above-stick-meta":"","header-main-stick-meta":"","header-below-stick-meta":""},"product_cat":[535,543,544],"product_tag":[526,527,556,533,557],"class_list":["post-30500","product","type-product","status-publish","has-post-thumbnail","hentry","product_cat-fougeres","product_cat-fougeres-interieur","product_cat-fougeres-terrarium","product_tag-plantes-couvre-sol","product_tag-plantes-origine-africaine","product_tag-plantes-pour-interieur","product_tag-plantes-pour-mur-vegetaux","product_tag-plantes-pour-terrarium","pa_taille-du-pot-pot-12-14-cm-diametre","desktop-align-center","tablet-align-center","mobile-align-center","ast-product-gallery-layout-horizontal","ast-product-single-variable","ast-product-tabs-layout-horizontal","ast-qv-on-image"],"_links":{"self":[{"href":"https:\/\/staging.pepiniereezavin.com\/en\/wp-json\/wp\/v2\/product\/30500","targetHints":{"allow":["GET"]}}],"collection":[{"href":"https:\/\/staging.pepiniereezavin.com\/en\/wp-json\/wp\/v2\/product"}],"about":[{"href":"https:\/\/staging.pepiniereezavin.com\/en\/wp-json\/wp\/v2\/types\/product"}],"wp:featuredmedia":[{"embeddable":true,"href":"https:\/\/staging.pepiniereezavin.com\/en\/wp-json\/wp\/v2\/media\/30567"}],"wp:attachment":[{"href":"https:\/\/staging.pepiniereezavin.com\/en\/wp-json\/wp\/v2\/media?parent=30500"}],"wp:term":[{"taxonomy":"product_cat","embeddable":true,"href":"https:\/\/staging.pepiniereezavin.com\/en\/wp-json\/wp\/v2\/product_cat?post=30500"},{"taxonomy":"product_tag","embeddable":true,"href":"https:\/\/staging.pepiniereezavin.com\/en\/wp-json\/wp\/v2\/product_tag?post=30500"}],"curies":[{"name":"wp","href":"https:\/\/api.w.org\/{rel}","templated":true}]}}