{"id":30501,"date":"2021-12-09T22:50:20","date_gmt":"2021-12-09T21:50:20","guid":{"rendered":"https:\/\/pepiniereezavin.fr\/?post_type=product&#038;p=30501"},"modified":"2022-08-22T07:58:54","modified_gmt":"2022-08-22T05:58:54","slug":"tectaria-zeylanica","status":"publish","type":"product","link":"https:\/\/staging.pepiniereezavin.com\/en\/product\/tectaria-zeylanica\/","title":{"rendered":"Tectaria zeylanica"},"content":{"rendered":"<p>(= <em>Quercifilix zeylanica<\/em>). Les <strong>petites rosettes<\/strong> de cette adorable foug\u00e8re de sous-bois tropicaux humides feront merveille en <strong>terrarium<\/strong> ou sur un<strong> mur v\u00e9g\u00e9tal<\/strong> d&rsquo;int\u00e9rieur. Les frondes st\u00e9riles sont larges et lob\u00e9es, rappelant les feuilles du ch\u00eane, et forment une rosette dense. Les <strong>frondes fertiles sont fines<\/strong>, et dress\u00e9es au-dessus des st\u00e9riles. Excellente foug\u00e8re drageonnante, de terrarium ou d&rsquo;int\u00e9rieur. Tient ici en pot, rentr\u00e9 hors gel l&rsquo;hiver.<\/p>\n<p><span style=\"text-decoration: underline;\">Hauteur adulte<\/span>\u00a0: 10\/20\u00a0cm.\u00a0<span style=\"text-decoration: underline;\">Origine g\u00e9ographique<\/span>\u00a0: Asie du Sud-Est.\u00a0<span style=\"text-decoration: underline;\">Persistance hiver<\/span>\u00a0: Persistant.\u00a0<span style=\"text-decoration: underline;\">Rusticit\u00e9 USDA<\/span>\u00a0: Zone 9\/10.<\/p>","protected":false},"excerpt":{"rendered":"<p>(= <em>Quercifilix zeylanica<\/em>). Les <strong>petites rosettes<\/strong> de cette adorable foug\u00e8re de sous-bois tropicaux humides feront merveille en <strong>terrarium<\/strong> ou sur un<strong> mur v\u00e9g\u00e9tal<\/strong> d&rsquo;int\u00e9rieur. Les frondes st\u00e9riles sont larges et lob\u00e9es, rappelant les feuilles du ch\u00eane, et forment une rosette dense. Les <strong>frondes fertiles sont fines<\/strong>, et dress\u00e9es au-dessus des st\u00e9riles. Excellente foug\u00e8re drageonnante, de terrarium ou d&rsquo;int\u00e9rieur. Tient ici en pot, rentr\u00e9 hors gel l&rsquo;hiver.<\/p>\n<p><span style=\"text-decoration: underline;\">Hauteur adulte<\/span>\u00a0: 10\/20\u00a0cm.\u00a0<span style=\"text-decoration: underline;\">Origine g\u00e9ographique<\/span>\u00a0: Asie du Sud-Est.\u00a0<span style=\"text-decoration: underline;\">Persistance hiver<\/span>\u00a0: Persistant.\u00a0<span style=\"text-decoration: underline;\">Rusticit\u00e9 USDA<\/span>\u00a0: Zone 9\/10.<\/p>","protected":false},"featured_media":30570,"template":"","meta":{"site-sidebar-layout":"default","site-content-layout":"default","ast-global-header-display":"","ast-main-header-display":"","ast-hfb-above-header-display":"","ast-hfb-below-header-display":"","ast-hfb-mobile-header-display":"","site-post-title":"","ast-breadcrumbs-content":"","ast-featured-img":"","footer-sml-layout":"","theme-transparent-header-meta":"default","adv-header-id-meta":"","stick-header-meta":"default","header-above-stick-meta":"","header-main-stick-meta":"","header-below-stick-meta":""},"product_cat":[535,543,544],"product_tag":[526,529,556,533,557],"class_list":["post-30501","product","type-product","status-publish","has-post-thumbnail","hentry","product_cat-fougeres","product_cat-fougeres-interieur","product_cat-fougeres-terrarium","product_tag-plantes-couvre-sol","product_tag-plantes-origine-asiatique","product_tag-plantes-pour-interieur","product_tag-plantes-pour-mur-vegetaux","product_tag-plantes-pour-terrarium","pa_taille-du-pot-pot-10-12-cm-diametre","desktop-align-center","tablet-align-center","mobile-align-center","ast-product-gallery-layout-horizontal","ast-product-single-variable","ast-product-tabs-layout-horizontal","ast-qv-on-image"],"_links":{"self":[{"href":"https:\/\/staging.pepiniereezavin.com\/en\/wp-json\/wp\/v2\/product\/30501","targetHints":{"allow":["GET"]}}],"collection":[{"href":"https:\/\/staging.pepiniereezavin.com\/en\/wp-json\/wp\/v2\/product"}],"about":[{"href":"https:\/\/staging.pepiniereezavin.com\/en\/wp-json\/wp\/v2\/types\/product"}],"wp:featuredmedia":[{"embeddable":true,"href":"https:\/\/staging.pepiniereezavin.com\/en\/wp-json\/wp\/v2\/media\/30570"}],"wp:attachment":[{"href":"https:\/\/staging.pepiniereezavin.com\/en\/wp-json\/wp\/v2\/media?parent=30501"}],"wp:term":[{"taxonomy":"product_cat","embeddable":true,"href":"https:\/\/staging.pepiniereezavin.com\/en\/wp-json\/wp\/v2\/product_cat?post=30501"},{"taxonomy":"product_tag","embeddable":true,"href":"https:\/\/staging.pepiniereezavin.com\/en\/wp-json\/wp\/v2\/product_tag?post=30501"}],"curies":[{"name":"wp","href":"https:\/\/api.w.org\/{rel}","templated":true}]}}