{"id":30502,"date":"2021-12-09T22:50:20","date_gmt":"2021-12-09T21:50:20","guid":{"rendered":"https:\/\/pepiniereezavin.fr\/?post_type=product&#038;p=30502"},"modified":"2022-09-28T09:52:42","modified_gmt":"2022-09-28T07:52:42","slug":"thelypteris-dentata","status":"publish","type":"product","link":"https:\/\/staging.pepiniereezavin.com\/en\/product\/thelypteris-dentata\/","title":{"rendered":"Thelypteris dentata"},"content":{"rendered":"<p>(=<em>Christella dentata<\/em>) Le <strong>port dress\u00e9<\/strong> de cette foug\u00e8re &#8211; courante sous les tropiques et subtropiques &#8211;\u00a0est tr\u00e8s caract\u00e9ristique. Les<strong> jeunes crosses<\/strong> sont <strong>roses<\/strong>, les frondes adultes sont velues. Elle se ress\u00e8me spontan\u00e9ment pour former de petites colonies. En climat doux, elle forme un \u00e9l\u00e9gante esp\u00e8ce caduque pour endroits humides comme berges de bassin ou bas de mur v\u00e9g\u00e9tal. En int\u00e9rieur, elle apportera une <strong>note tropicale<\/strong> ind\u00e9niable.<\/p>\n<p><span style=\"text-decoration: underline;\">Hauteur adulte<\/span>\u00a0: 60\/80 cm.\u00a0<span style=\"text-decoration: underline;\">Origine g\u00e9ographique<\/span>\u00a0: Ancien Monde : Afrique tropicale, Asie tropicale, Europe du Sud. Naturalis\u00e9 ailleurs en climat doux.\u00a0<span style=\"text-decoration: underline;\">Persistance hiver<\/span>\u00a0: Persistant si hors gel, caduque \u00e0 Roquefort-les-pins (pied paill\u00e9).\u00a0<span style=\"text-decoration: underline;\">Rusticit\u00e9 USDA<\/span>\u00a0: Zone 8\/9.<\/p>","protected":false},"excerpt":{"rendered":"<p>(=<em>Christella dentata<\/em>) Le <strong>port dress\u00e9<\/strong> de cette foug\u00e8re &#8211; courante sous les tropiques et subtropiques &#8211;\u00a0est tr\u00e8s caract\u00e9ristique. Les<strong> jeunes crosses<\/strong> sont <strong>roses<\/strong>, les frondes adultes sont velues. Elle se ress\u00e8me spontan\u00e9ment pour former de petites colonies. En climat doux, elle forme un \u00e9l\u00e9gante esp\u00e8ce caduque pour endroits humides comme berges de bassin ou bas de mur v\u00e9g\u00e9tal. En int\u00e9rieur, elle apportera une <strong>note tropicale<\/strong> ind\u00e9niable.<\/p>\n<p><span style=\"text-decoration: underline;\">Hauteur adulte<\/span>\u00a0: 60\/80 cm.\u00a0<span style=\"text-decoration: underline;\">Origine g\u00e9ographique<\/span>\u00a0: Ancien Monde : Afrique tropicale, Asie tropicale, Europe du Sud. Naturalis\u00e9 ailleurs en climat doux.\u00a0<span style=\"text-decoration: underline;\">Persistance hiver<\/span>\u00a0: Persistant si hors gel, caduque \u00e0 Roquefort-les-pins (pied paill\u00e9).\u00a0<span style=\"text-decoration: underline;\">Rusticit\u00e9 USDA<\/span>\u00a0: Zone 8\/9.<\/p>","protected":false},"featured_media":30572,"template":"","meta":{"site-sidebar-layout":"default","site-content-layout":"default","ast-global-header-display":"","ast-main-header-display":"","ast-hfb-above-header-display":"","ast-hfb-below-header-display":"","ast-hfb-mobile-header-display":"","site-post-title":"","ast-breadcrumbs-content":"","ast-featured-img":"","footer-sml-layout":"","theme-transparent-header-meta":"default","adv-header-id-meta":"","stick-header-meta":"default","header-above-stick-meta":"","header-main-stick-meta":"","header-below-stick-meta":""},"product_cat":[535,543,545],"product_tag":[527,529,530,531,532,556,558,533],"class_list":["post-30502","product","type-product","status-publish","has-post-thumbnail","hentry","product_cat-fougeres","product_cat-fougeres-interieur","product_cat-fougeres-climat-doux","product_tag-plantes-origine-africaine","product_tag-plantes-origine-asiatique","product_tag-plantes-origine-europeenne","product_tag-plantes-origine-oceanienne","product_tag-plantes-pour-berges","product_tag-plantes-pour-interieur","product_tag-plantes-pour-climats-doux","product_tag-plantes-pour-mur-vegetaux","pa_taille-du-pot-pot-12-14-cm-diametre","desktop-align-center","tablet-align-center","mobile-align-center","ast-product-gallery-layout-horizontal","ast-product-tabs-layout-horizontal","ast-qv-on-image"],"_links":{"self":[{"href":"https:\/\/staging.pepiniereezavin.com\/en\/wp-json\/wp\/v2\/product\/30502","targetHints":{"allow":["GET"]}}],"collection":[{"href":"https:\/\/staging.pepiniereezavin.com\/en\/wp-json\/wp\/v2\/product"}],"about":[{"href":"https:\/\/staging.pepiniereezavin.com\/en\/wp-json\/wp\/v2\/types\/product"}],"wp:featuredmedia":[{"embeddable":true,"href":"https:\/\/staging.pepiniereezavin.com\/en\/wp-json\/wp\/v2\/media\/30572"}],"wp:attachment":[{"href":"https:\/\/staging.pepiniereezavin.com\/en\/wp-json\/wp\/v2\/media?parent=30502"}],"wp:term":[{"taxonomy":"product_cat","embeddable":true,"href":"https:\/\/staging.pepiniereezavin.com\/en\/wp-json\/wp\/v2\/product_cat?post=30502"},{"taxonomy":"product_tag","embeddable":true,"href":"https:\/\/staging.pepiniereezavin.com\/en\/wp-json\/wp\/v2\/product_tag?post=30502"}],"curies":[{"name":"wp","href":"https:\/\/api.w.org\/{rel}","templated":true}]}}