{"id":30535,"date":"2021-12-09T22:50:41","date_gmt":"2021-12-09T21:50:41","guid":{"rendered":"https:\/\/pepiniereezavin.fr\/?post_type=product&#038;p=30535"},"modified":"2022-11-13T22:13:24","modified_gmt":"2022-11-13T21:13:24","slug":"thelypteris-palustris","status":"publish","type":"product","link":"https:\/\/staging.pepiniereezavin.com\/en\/product\/thelypteris-palustris\/","title":{"rendered":"Thelypteris palustris"},"content":{"rendered":"<p>La \u00ab\u00a0<strong>Foug\u00e8re des marais<\/strong>\u00a0\u00bb fait partie de la flore indig\u00e8ne, et se rencontre en sous-bois humide \u00a0mar\u00e9cageux, et parfois \u00e0 d\u00e9couvert en bord de pi\u00e8ce d&rsquo;eau calme. Plante drageonnant \u00e0 d\u00e9licates frondes gr\u00eales dress\u00e9es, \u00e0 croissance vigoureuse en sol humide, au moyen de rhizomes ramifi\u00e9s. Excellent couvre sol pour zones fra\u00eeches, berges,&#8230; o\u00f9 elle peut couvrir de<strong> grandes surfaces<\/strong>, m\u00eame au soleil m\u00e9diterran\u00e9en (tant qu&rsquo;elle a les pieds dans l&rsquo;eau). L&rsquo;exp\u00e9rience a montr\u00e9 que c&rsquo;est aussi une excellente plante pour <strong>mur v\u00e9g\u00e9tal<\/strong>, o\u00f9 elle se ress\u00e8me volontiers. Rusticit\u00e9 partout en France.<\/p>\n<p><span style=\"text-decoration: underline;\">Hauteur adulte<\/span>\u00a0: 60\/80 cm.\u00a0<span style=\"text-decoration: underline;\">Origine g\u00e9ographique<\/span>\u00a0:\u00a0Europe, Afrique du Nord, Asie, Am\u00e9rique du Nord.\u00a0<span style=\"text-decoration: underline;\">Persistance hiver<\/span>\u00a0: Caduque.\u00a0<span style=\"text-decoration: underline;\">Rusticit\u00e9 USDA<\/span>\u00a0: Zone 2\/3.<\/p>","protected":false},"excerpt":{"rendered":"<p>La \u00ab\u00a0<strong>Foug\u00e8re des marais<\/strong>\u00a0\u00bb fait partie de la flore indig\u00e8ne, et se rencontre en sous-bois humide \u00a0mar\u00e9cageux, et parfois \u00e0 d\u00e9couvert en bord de pi\u00e8ce d&rsquo;eau calme. Plante drageonnant \u00e0 d\u00e9licates frondes gr\u00eales dress\u00e9es, \u00e0 croissance vigoureuse en sol humide, au moyen de rhizomes ramifi\u00e9s. Excellent couvre sol pour zones fra\u00eeches, berges,&#8230; o\u00f9 elle peut couvrir de<strong> grandes surfaces<\/strong>, m\u00eame au soleil m\u00e9diterran\u00e9en (tant qu&rsquo;elle a les pieds dans l&rsquo;eau). L&rsquo;exp\u00e9rience a montr\u00e9 que c&rsquo;est aussi une excellente plante pour <strong>mur v\u00e9g\u00e9tal<\/strong>, o\u00f9 elle se ress\u00e8me volontiers. Rusticit\u00e9 partout en France.<\/p>\n<p><span style=\"text-decoration: underline;\">Hauteur adulte<\/span>\u00a0: 60\/80 cm.\u00a0<span style=\"text-decoration: underline;\">Origine g\u00e9ographique<\/span>\u00a0:\u00a0Europe, Afrique du Nord, Asie, Am\u00e9rique du Nord.\u00a0<span style=\"text-decoration: underline;\">Persistance hiver<\/span>\u00a0: Caduque.\u00a0<span style=\"text-decoration: underline;\">Rusticit\u00e9 USDA<\/span>\u00a0: Zone 2\/3.<\/p>","protected":false},"featured_media":30575,"template":"","meta":{"site-sidebar-layout":"default","site-content-layout":"default","ast-global-header-display":"","ast-main-header-display":"","ast-hfb-above-header-display":"","ast-hfb-below-header-display":"","ast-hfb-mobile-header-display":"","site-post-title":"","ast-breadcrumbs-content":"","ast-featured-img":"","footer-sml-layout":"","theme-transparent-header-meta":"default","adv-header-id-meta":"","stick-header-meta":"default","header-above-stick-meta":"","header-main-stick-meta":"","header-below-stick-meta":""},"product_cat":[535,545,546],"product_tag":[527,528,529,530,532,533],"class_list":["post-30535","product","type-product","status-publish","has-post-thumbnail","hentry","product_cat-fougeres","product_cat-fougeres-climat-doux","product_cat-fougeres-climat-frais","product_tag-plantes-origine-africaine","product_tag-plantes-origine-americaine","product_tag-plantes-origine-asiatique","product_tag-plantes-origine-europeenne","product_tag-plantes-pour-berges","product_tag-plantes-pour-mur-vegetaux","pa_taille-du-pot-pot-12-14-cm-diametre","desktop-align-center","tablet-align-center","mobile-align-center","ast-product-gallery-layout-horizontal","ast-product-single-variable","ast-product-tabs-layout-horizontal","ast-qv-on-image"],"_links":{"self":[{"href":"https:\/\/staging.pepiniereezavin.com\/en\/wp-json\/wp\/v2\/product\/30535","targetHints":{"allow":["GET"]}}],"collection":[{"href":"https:\/\/staging.pepiniereezavin.com\/en\/wp-json\/wp\/v2\/product"}],"about":[{"href":"https:\/\/staging.pepiniereezavin.com\/en\/wp-json\/wp\/v2\/types\/product"}],"wp:featuredmedia":[{"embeddable":true,"href":"https:\/\/staging.pepiniereezavin.com\/en\/wp-json\/wp\/v2\/media\/30575"}],"wp:attachment":[{"href":"https:\/\/staging.pepiniereezavin.com\/en\/wp-json\/wp\/v2\/media?parent=30535"}],"wp:term":[{"taxonomy":"product_cat","embeddable":true,"href":"https:\/\/staging.pepiniereezavin.com\/en\/wp-json\/wp\/v2\/product_cat?post=30535"},{"taxonomy":"product_tag","embeddable":true,"href":"https:\/\/staging.pepiniereezavin.com\/en\/wp-json\/wp\/v2\/product_tag?post=30535"}],"curies":[{"name":"wp","href":"https:\/\/api.w.org\/{rel}","templated":true}]}}