{"id":30538,"date":"2021-12-09T22:50:42","date_gmt":"2021-12-09T21:50:42","guid":{"rendered":"https:\/\/pepiniereezavin.fr\/?post_type=product&#038;p=30538"},"modified":"2022-12-02T12:06:21","modified_gmt":"2022-12-02T11:06:21","slug":"woodwardia-prolifera","status":"publish","type":"product","link":"https:\/\/staging.pepiniereezavin.com\/en\/product\/woodwardia-prolifera\/","title":{"rendered":"Woodwardia prolifera"},"content":{"rendered":"<p><em>Woodwardia prolifera<\/em> est une foug\u00e8re persistante qui forme une \u00e9norme touffe de\u00a0<strong>frondes\u00a0<\/strong><strong>verniss\u00e9es.<\/strong>\u00a0Le p\u00e9tiole est aussi long que le limbe de la fronde. Les jeunes frondes sortent de couleur\u00a0<strong>bronze<\/strong>. La\u00a0<strong>mati\u00e8re \u00e9paisse<\/strong>\u00a0de son feuillage est remarquable, ainsi que sa\u00a0<strong>persistance<\/strong>\u00a0hivernale. En automne, les frondes se couvrent de bulbilles v\u00e9g\u00e9tatives. L&rsquo;effet d\u00e9coratif est magnifique, avec le vert clair des bulbilles sur fond de fronde vert fonc\u00e9. Sol frais et riche, ombre compl\u00e8te ou partielle. Excellente aussi comme plante d&rsquo;int\u00e9rieur ou de v\u00e9randa.<\/p>\n<p><span style=\"text-decoration: underline;\">Longueur des frondes\u00a0adultes<\/span>\u00a0: 80\/100 (150) cm.\u00a0<span style=\"text-decoration: underline;\">Origine g\u00e9ographique<\/span>\u00a0:\u00a0Ta\u00efwan.\u00a0<span style=\"text-decoration: underline;\">Persistance hiver<\/span>\u00a0:\u00a0Persistant.\u00a0<span style=\"text-decoration: underline;\">Rusticit\u00e9 USDA<\/span>\u00a0: Zone 9 (-6.7\u00b0C\/-1.1\u00b0C).<\/p>","protected":false},"excerpt":{"rendered":"<p><em>Woodwardia prolifera<\/em> est une foug\u00e8re persistante qui forme une \u00e9norme touffe de\u00a0<strong>frondes\u00a0<\/strong><strong>verniss\u00e9es.<\/strong>\u00a0Le p\u00e9tiole est aussi long que le limbe de la fronde. Les jeunes frondes sortent de couleur\u00a0<strong>bronze<\/strong>. La\u00a0<strong>mati\u00e8re \u00e9paisse<\/strong>\u00a0de son feuillage est remarquable, ainsi que sa\u00a0<strong>persistance<\/strong>\u00a0hivernale. En automne, les frondes se couvrent de bulbilles v\u00e9g\u00e9tatives. L&rsquo;effet d\u00e9coratif est magnifique, avec le vert clair des bulbilles sur fond de fronde vert fonc\u00e9. Sol frais et riche, ombre compl\u00e8te ou partielle. Excellente aussi comme plante d&rsquo;int\u00e9rieur ou de v\u00e9randa.<\/p>\n<p><span style=\"text-decoration: underline;\">Longueur des frondes\u00a0adultes<\/span>\u00a0: 80\/100 (150) cm.\u00a0<span style=\"text-decoration: underline;\">Origine g\u00e9ographique<\/span>\u00a0:\u00a0Ta\u00efwan.\u00a0<span style=\"text-decoration: underline;\">Persistance hiver<\/span>\u00a0:\u00a0Persistant.\u00a0<span style=\"text-decoration: underline;\">Rusticit\u00e9 USDA<\/span>\u00a0: Zone 9 (-6.7\u00b0C\/-1.1\u00b0C).<\/p>","protected":false},"featured_media":30580,"template":"","meta":{"site-sidebar-layout":"default","site-content-layout":"default","ast-global-header-display":"","ast-main-header-display":"","ast-hfb-above-header-display":"","ast-hfb-below-header-display":"","ast-hfb-mobile-header-display":"","site-post-title":"","ast-breadcrumbs-content":"","ast-featured-img":"","footer-sml-layout":"","theme-transparent-header-meta":"default","adv-header-id-meta":"","stick-header-meta":"default","header-above-stick-meta":"","header-main-stick-meta":"","header-below-stick-meta":""},"product_cat":[535,543,545,546],"product_tag":[525,529,556,558,559,533],"class_list":["post-30538","product","type-product","status-publish","has-post-thumbnail","hentry","product_cat-fougeres","product_cat-fougeres-interieur","product_cat-fougeres-climat-doux","product_cat-fougeres-climat-frais","product_tag-plantes-a-feuillage-coriace","product_tag-plantes-origine-asiatique","product_tag-plantes-pour-interieur","product_tag-plantes-pour-climats-doux","product_tag-plantes-pour-climats-frais","product_tag-plantes-pour-mur-vegetaux","pa_taille-du-pot-pot-12-14-cm-diametre","desktop-align-center","tablet-align-center","mobile-align-center","ast-product-gallery-layout-horizontal","ast-product-single-variable","ast-product-tabs-layout-horizontal","ast-qv-on-image"],"_links":{"self":[{"href":"https:\/\/staging.pepiniereezavin.com\/en\/wp-json\/wp\/v2\/product\/30538","targetHints":{"allow":["GET"]}}],"collection":[{"href":"https:\/\/staging.pepiniereezavin.com\/en\/wp-json\/wp\/v2\/product"}],"about":[{"href":"https:\/\/staging.pepiniereezavin.com\/en\/wp-json\/wp\/v2\/types\/product"}],"wp:featuredmedia":[{"embeddable":true,"href":"https:\/\/staging.pepiniereezavin.com\/en\/wp-json\/wp\/v2\/media\/30580"}],"wp:attachment":[{"href":"https:\/\/staging.pepiniereezavin.com\/en\/wp-json\/wp\/v2\/media?parent=30538"}],"wp:term":[{"taxonomy":"product_cat","embeddable":true,"href":"https:\/\/staging.pepiniereezavin.com\/en\/wp-json\/wp\/v2\/product_cat?post=30538"},{"taxonomy":"product_tag","embeddable":true,"href":"https:\/\/staging.pepiniereezavin.com\/en\/wp-json\/wp\/v2\/product_tag?post=30538"}],"curies":[{"name":"wp","href":"https:\/\/api.w.org\/{rel}","templated":true}]}}