{"id":30539,"date":"2021-12-09T22:50:42","date_gmt":"2021-12-09T21:50:42","guid":{"rendered":"https:\/\/pepiniereezavin.fr\/?post_type=product&#038;p=30539"},"modified":"2022-12-02T12:07:07","modified_gmt":"2022-12-02T11:07:07","slug":"woodwardia-radicans","status":"publish","type":"product","link":"https:\/\/staging.pepiniereezavin.com\/en\/product\/woodwardia-radicans\/","title":{"rendered":"Woodwardia radicans"},"content":{"rendered":"<p><em>Woodwardia radicans<\/em>\u00a0forme une\u00a0<strong>touffe \u00e9tal\u00e9e \u00e0 retombante<\/strong>, ses frondes penn\u00e9es peuvent atteindre <strong>2 m de long par 50\/60 cm de large<\/strong>. Leur port arqu\u00e9 est tr\u00e8s \u00e9l\u00e9gant. Une ou deux bulbilles apparaissent au bout des frondes en fin de saison, permettant \u00e0 la touffe d&rsquo;accro\u00eetre par marcottage. Elle est rustique ici avec voile de protection. Rentrer l&rsquo;hiver en r\u00e9gions plus froides, spectaculaire en v\u00e9randa ou sur un <strong>mur v\u00e9g\u00e9tal<\/strong> (\u00e0 installer en haut du mur!).<\/p>\n<p><span style=\"text-decoration: underline;\">Hauteur adulte<\/span>\u00a0: 80\/100 (200) cm.\u00a0<span style=\"text-decoration: underline;\">Origine g\u00e9ographique<\/span>\u00a0: Europe : bassin m\u00e9diterran\u00e9en (France, Italie, Espagne, Cr\u00eate&#8230;).\u00a0<span style=\"text-decoration: underline;\">Persistance hiver<\/span>\u00a0:\u00a0Persistant.\u00a0<span style=\"text-decoration: underline;\">Rusticit\u00e9 USDA<\/span>\u00a0: Zone 9. Supporte des brefs gels avec d\u00e9gels quotidiens.<\/p>","protected":false},"excerpt":{"rendered":"<p><em>Woodwardia radicans<\/em>\u00a0forme une\u00a0<strong>touffe \u00e9tal\u00e9e \u00e0 retombante<\/strong>, ses frondes penn\u00e9es peuvent atteindre <strong>2 m de long par 50\/60 cm de large<\/strong>. Leur port arqu\u00e9 est tr\u00e8s \u00e9l\u00e9gant. Une ou deux bulbilles apparaissent au bout des frondes en fin de saison, permettant \u00e0 la touffe d&rsquo;accro\u00eetre par marcottage. Elle est rustique ici avec voile de protection. Rentrer l&rsquo;hiver en r\u00e9gions plus froides, spectaculaire en v\u00e9randa ou sur un <strong>mur v\u00e9g\u00e9tal<\/strong> (\u00e0 installer en haut du mur!).<\/p>\n<p><span style=\"text-decoration: underline;\">Hauteur adulte<\/span>\u00a0: 80\/100 (200) cm.\u00a0<span style=\"text-decoration: underline;\">Origine g\u00e9ographique<\/span>\u00a0: Europe : bassin m\u00e9diterran\u00e9en (France, Italie, Espagne, Cr\u00eate&#8230;).\u00a0<span style=\"text-decoration: underline;\">Persistance hiver<\/span>\u00a0:\u00a0Persistant.\u00a0<span style=\"text-decoration: underline;\">Rusticit\u00e9 USDA<\/span>\u00a0: Zone 9. Supporte des brefs gels avec d\u00e9gels quotidiens.<\/p>","protected":false},"featured_media":30584,"template":"","meta":{"site-sidebar-layout":"default","site-content-layout":"default","ast-global-header-display":"","ast-main-header-display":"","ast-hfb-above-header-display":"","ast-hfb-below-header-display":"","ast-hfb-mobile-header-display":"","site-post-title":"","ast-breadcrumbs-content":"","ast-featured-img":"","footer-sml-layout":"","theme-transparent-header-meta":"default","adv-header-id-meta":"","stick-header-meta":"default","header-above-stick-meta":"","header-main-stick-meta":"","header-below-stick-meta":""},"product_cat":[535,543,545],"product_tag":[525,527,530,556,558,533],"class_list":["post-30539","product","type-product","status-publish","has-post-thumbnail","hentry","product_cat-fougeres","product_cat-fougeres-interieur","product_cat-fougeres-climat-doux","product_tag-plantes-a-feuillage-coriace","product_tag-plantes-origine-africaine","product_tag-plantes-origine-europeenne","product_tag-plantes-pour-interieur","product_tag-plantes-pour-climats-doux","product_tag-plantes-pour-mur-vegetaux","pa_taille-du-pot-pot-12-14-cm-diametre","desktop-align-center","tablet-align-center","mobile-align-center","ast-product-gallery-layout-horizontal","ast-product-single-variable","ast-product-tabs-layout-horizontal","ast-qv-on-image"],"_links":{"self":[{"href":"https:\/\/staging.pepiniereezavin.com\/en\/wp-json\/wp\/v2\/product\/30539","targetHints":{"allow":["GET"]}}],"collection":[{"href":"https:\/\/staging.pepiniereezavin.com\/en\/wp-json\/wp\/v2\/product"}],"about":[{"href":"https:\/\/staging.pepiniereezavin.com\/en\/wp-json\/wp\/v2\/types\/product"}],"wp:featuredmedia":[{"embeddable":true,"href":"https:\/\/staging.pepiniereezavin.com\/en\/wp-json\/wp\/v2\/media\/30584"}],"wp:attachment":[{"href":"https:\/\/staging.pepiniereezavin.com\/en\/wp-json\/wp\/v2\/media?parent=30539"}],"wp:term":[{"taxonomy":"product_cat","embeddable":true,"href":"https:\/\/staging.pepiniereezavin.com\/en\/wp-json\/wp\/v2\/product_cat?post=30539"},{"taxonomy":"product_tag","embeddable":true,"href":"https:\/\/staging.pepiniereezavin.com\/en\/wp-json\/wp\/v2\/product_tag?post=30539"}],"curies":[{"name":"wp","href":"https:\/\/api.w.org\/{rel}","templated":true}]}}