{"id":30541,"date":"2021-12-09T22:50:42","date_gmt":"2021-12-09T21:50:42","guid":{"rendered":"https:\/\/pepiniereezavin.fr\/?post_type=product&#038;p=30541"},"modified":"2022-04-21T12:28:56","modified_gmt":"2022-04-21T10:28:56","slug":"hemiboea-bicornuta-pb-07-1108","status":"publish","type":"product","link":"https:\/\/staging.pepiniereezavin.com\/en\/product\/hemiboea-bicornuta-pb-07-1108\/","title":{"rendered":"Hemiboea bicornuta PB 07-1108"},"content":{"rendered":"<p>R\u00e9colt\u00e9e au sud de Ta\u00efwan \u00e0 1500 m. d&rsquo;altitude, cette superbe Gesneriaceae herbac\u00e9e de sous-bois a des tiges un peu succulentes. Elle forme rapidement une colonie, gr\u00e2ce aux nombreux rejets et marcottages naturels. Les feuilles sont vert clair, un peu succulentes. Pas encore eu de floraison. Rustique ici, voire plus au nord&#8230;<\/p>\n<p><span style=\"text-decoration: underline;\">Hauteur adulte<\/span>\u00a0: 60\/80.\u00a0<span style=\"text-decoration: underline;\">Origine g\u00e9ographique<\/span>\u00a0: Ta\u00efwan.\u00a0<span style=\"text-decoration: underline;\">Persistance hiver<\/span>\u00a0: Semi-persistant.\u00a0<span style=\"text-decoration: underline;\">Rusticit\u00e9 USDA<\/span>\u00a0: Zone 8.<\/p>","protected":false},"excerpt":{"rendered":"<p>R\u00e9colt\u00e9e au sud de Ta\u00efwan \u00e0 1500 m. d&rsquo;altitude, cette superbe Gesneriaceae herbac\u00e9e de sous-bois a des tiges un peu succulentes. Elle forme rapidement une colonie, gr\u00e2ce aux nombreux rejets et marcottages naturels. Les feuilles sont vert clair, un peu succulentes. Pas encore eu de floraison. Rustique ici, voire plus au nord&#8230;<\/p>\n<p><span style=\"text-decoration: underline;\">Hauteur adulte<\/span>\u00a0: 60\/80.\u00a0<span style=\"text-decoration: underline;\">Origine g\u00e9ographique<\/span>\u00a0: Ta\u00efwan.\u00a0<span style=\"text-decoration: underline;\">Persistance hiver<\/span>\u00a0: Semi-persistant.\u00a0<span style=\"text-decoration: underline;\">Rusticit\u00e9 USDA<\/span>\u00a0: Zone 8.<\/p>","protected":false},"featured_media":30589,"template":"","meta":{"site-sidebar-layout":"default","site-content-layout":"default","ast-global-header-display":"","ast-main-header-display":"","ast-hfb-above-header-display":"","ast-hfb-below-header-display":"","ast-hfb-mobile-header-display":"","site-post-title":"","ast-breadcrumbs-content":"","ast-featured-img":"","footer-sml-layout":"","theme-transparent-header-meta":"default","adv-header-id-meta":"","stick-header-meta":"default","header-above-stick-meta":"","header-main-stick-meta":"","header-below-stick-meta":""},"product_cat":[537,551,552],"product_tag":[526,529,556,558,533],"class_list":["post-30541","product","type-product","status-publish","has-post-thumbnail","hentry","product_cat-autres-plantes","product_cat-autres-plantes-d-interieur","product_cat-autres-plantes-pour-climat-doux","product_tag-plantes-couvre-sol","product_tag-plantes-origine-asiatique","product_tag-plantes-pour-interieur","product_tag-plantes-pour-climats-doux","product_tag-plantes-pour-mur-vegetaux","pa_taille-du-pot-pot-12-14-cm-diametre","desktop-align-center","tablet-align-center","mobile-align-center","ast-product-gallery-layout-horizontal","ast-product-gallery-with-no-image","ast-product-single-variable","ast-product-tabs-layout-horizontal","ast-qv-on-image"],"_links":{"self":[{"href":"https:\/\/staging.pepiniereezavin.com\/en\/wp-json\/wp\/v2\/product\/30541","targetHints":{"allow":["GET"]}}],"collection":[{"href":"https:\/\/staging.pepiniereezavin.com\/en\/wp-json\/wp\/v2\/product"}],"about":[{"href":"https:\/\/staging.pepiniereezavin.com\/en\/wp-json\/wp\/v2\/types\/product"}],"wp:featuredmedia":[{"embeddable":true,"href":"https:\/\/staging.pepiniereezavin.com\/en\/wp-json\/wp\/v2\/media\/30589"}],"wp:attachment":[{"href":"https:\/\/staging.pepiniereezavin.com\/en\/wp-json\/wp\/v2\/media?parent=30541"}],"wp:term":[{"taxonomy":"product_cat","embeddable":true,"href":"https:\/\/staging.pepiniereezavin.com\/en\/wp-json\/wp\/v2\/product_cat?post=30541"},{"taxonomy":"product_tag","embeddable":true,"href":"https:\/\/staging.pepiniereezavin.com\/en\/wp-json\/wp\/v2\/product_tag?post=30541"}],"curies":[{"name":"wp","href":"https:\/\/api.w.org\/{rel}","templated":true}]}}