{"id":30623,"date":"2021-12-09T22:51:15","date_gmt":"2021-12-09T21:51:15","guid":{"rendered":"https:\/\/pepiniereezavin.fr\/?post_type=product&#038;p=30623"},"modified":"2022-03-05T12:21:08","modified_gmt":"2022-03-05T11:21:08","slug":"iris-comparatif-fleurs","status":"publish","type":"product","link":"https:\/\/staging.pepiniereezavin.com\/en\/product\/iris-comparatif-fleurs\/","title":{"rendered":"Iris COMPARATIF FLEURS"},"content":{"rendered":"<p>Voici une photo regroupant les fleurs des diff\u00e9rentes vari\u00e9t\u00e9s d&rsquo;<strong>Iris\u00a0<\/strong>que nous vous proposons. Photo prise un 16 avril.<\/p>\n<p>Cliquez sur l&rsquo;image pour la voir en entier.<\/p>\n<p>(Iris japonica &lsquo;G\u00e9ant&rsquo; = Iris japonica &lsquo;Polyplo\u00efde&rsquo;)<\/p>","protected":false},"excerpt":{"rendered":"<p>Voici une photo regroupant les fleurs des diff\u00e9rentes vari\u00e9t\u00e9s d&rsquo;<strong>Iris\u00a0<\/strong>que nous vous proposons. Photo prise un 16 avril.<\/p>\n<p>Cliquez sur l&rsquo;image pour la voir en entier.<\/p>\n<p>(Iris japonica &lsquo;G\u00e9ant&rsquo; = Iris japonica &lsquo;Polyplo\u00efde&rsquo;)<\/p>","protected":false},"featured_media":30649,"template":"","meta":{"site-sidebar-layout":"default","site-content-layout":"default","ast-global-header-display":"","ast-main-header-display":"","ast-hfb-above-header-display":"","ast-hfb-below-header-display":"","ast-hfb-mobile-header-display":"","site-post-title":"","ast-breadcrumbs-content":"","ast-featured-img":"","footer-sml-layout":"","theme-transparent-header-meta":"","adv-header-id-meta":"","stick-header-meta":"","header-above-stick-meta":"","header-main-stick-meta":"","header-below-stick-meta":""},"product_cat":[537,551,552,553],"product_tag":[523,526,556,558,559],"class_list":["post-30623","product","type-product","status-publish","has-post-thumbnail","hentry","product_cat-autres-plantes","product_cat-autres-plantes-d-interieur","product_cat-autres-plantes-pour-climat-doux","product_cat-autres-plantes-pour-climat-frais","product_tag-plantes-famille-iridacees","product_tag-plantes-couvre-sol","product_tag-plantes-pour-interieur","product_tag-plantes-pour-climats-doux","product_tag-plantes-pour-climats-frais","desktop-align-center","tablet-align-center","mobile-align-center","ast-product-gallery-layout-horizontal","ast-product-gallery-with-no-image","ast-product-tabs-layout-horizontal","ast-qv-on-image"],"_links":{"self":[{"href":"https:\/\/staging.pepiniereezavin.com\/en\/wp-json\/wp\/v2\/product\/30623","targetHints":{"allow":["GET"]}}],"collection":[{"href":"https:\/\/staging.pepiniereezavin.com\/en\/wp-json\/wp\/v2\/product"}],"about":[{"href":"https:\/\/staging.pepiniereezavin.com\/en\/wp-json\/wp\/v2\/types\/product"}],"wp:featuredmedia":[{"embeddable":true,"href":"https:\/\/staging.pepiniereezavin.com\/en\/wp-json\/wp\/v2\/media\/30649"}],"wp:attachment":[{"href":"https:\/\/staging.pepiniereezavin.com\/en\/wp-json\/wp\/v2\/media?parent=30623"}],"wp:term":[{"taxonomy":"product_cat","embeddable":true,"href":"https:\/\/staging.pepiniereezavin.com\/en\/wp-json\/wp\/v2\/product_cat?post=30623"},{"taxonomy":"product_tag","embeddable":true,"href":"https:\/\/staging.pepiniereezavin.com\/en\/wp-json\/wp\/v2\/product_tag?post=30623"}],"curies":[{"name":"wp","href":"https:\/\/api.w.org\/{rel}","templated":true}]}}