{"id":30768,"date":"2021-12-09T22:51:55","date_gmt":"2021-12-09T21:51:55","guid":{"rendered":"https:\/\/pepiniereezavin.fr\/?post_type=product&#038;p=30768"},"modified":"2022-05-27T17:06:12","modified_gmt":"2022-05-27T15:06:12","slug":"coniogramme-intermedia-rasha","status":"publish","type":"product","link":"https:\/\/staging.pepiniereezavin.com\/en\/product\/coniogramme-intermedia-rasha\/","title":{"rendered":"Coniogramme intermedia &lsquo;Rasha&rsquo;"},"content":{"rendered":"<p>Ce cultivar, d&rsquo;origine japonaise, pr\u00e9sente des frondes r\u00e9duites en largeur, et aux marges irr\u00e9guli\u00e8res. Tr\u00e8s \u00e9tonnant, mais la plante a une bonne vigueur et pousse rapidement. Pas test\u00e9 en pleine terre, mais tient dehors en pot. Pour les <em>Coniogramme<\/em>, la culture en pot pr\u00e9sente l&rsquo;int\u00e9r\u00eat de \u00ab\u00a0concentrer\u00a0\u00bb la plante, car en pleine terre, son rhizome tra\u00e7ant fait qu&rsquo;elle se d\u00e9place et le feuillage est du coup diss\u00e9min\u00e9 alentour.\u00a0Assur\u00e9ment une magnifique plante pour rocaille (o\u00f9 on peut enterrer le pot) ou collection de foug\u00e8res en pot. Petites quantit\u00e9s disponibles.<\/p>\n<p><span style=\"text-decoration: underline;\">Hauteur adulte<\/span>\u00a0: 40\/60 cm.\u00a0<span style=\"text-decoration: underline;\">Origine g\u00e9ographique<\/span>\u00a0: origine horticole.\u00a0<span style=\"text-decoration: underline;\">Persistance hiver<\/span>\u00a0: Caduque. Semi-persistant si en v\u00e9randa.\u00a0<span style=\"text-decoration: underline;\">Rusticit\u00e9 USDA<\/span>\u00a0: Zone 8.<\/p>","protected":false},"excerpt":{"rendered":"<p>Ce cultivar, d&rsquo;origine japonaise, pr\u00e9sente des frondes r\u00e9duites en largeur, et aux marges irr\u00e9guli\u00e8res. Tr\u00e8s \u00e9tonnant, mais la plante a une bonne vigueur et pousse rapidement. Pas test\u00e9 en pleine terre, mais tient dehors en pot. Pour les <em>Coniogramme<\/em>, la culture en pot pr\u00e9sente l&rsquo;int\u00e9r\u00eat de \u00ab\u00a0concentrer\u00a0\u00bb la plante, car en pleine terre, son rhizome tra\u00e7ant fait qu&rsquo;elle se d\u00e9place et le feuillage est du coup diss\u00e9min\u00e9 alentour.\u00a0Assur\u00e9ment une magnifique plante pour rocaille (o\u00f9 on peut enterrer le pot) ou collection de foug\u00e8res en pot.\u00a0Petites quantit\u00e9s disponibles.<\/p>\n<p><span style=\"text-decoration: underline;\">Hauteur adulte<\/span>\u00a0: 40\/60 cm.\u00a0<span style=\"text-decoration: underline;\">Origine g\u00e9ographique<\/span>\u00a0: origine horticole.\u00a0<span style=\"text-decoration: underline;\">Persistance hiver<\/span>\u00a0: Caduque. Semi-persistant si en v\u00e9randa.\u00a0<span style=\"text-decoration: underline;\">Rusticit\u00e9 USDA<\/span>\u00a0: Zone 8.<\/p>","protected":false},"featured_media":30774,"template":"","meta":{"site-sidebar-layout":"default","site-content-layout":"default","ast-global-header-display":"","ast-main-header-display":"","ast-hfb-above-header-display":"","ast-hfb-below-header-display":"","ast-hfb-mobile-header-display":"","site-post-title":"","ast-breadcrumbs-content":"","ast-featured-img":"","footer-sml-layout":"","theme-transparent-header-meta":"default","adv-header-id-meta":"","stick-header-meta":"default","header-above-stick-meta":"","header-main-stick-meta":"","header-below-stick-meta":""},"product_cat":[535,543,545,546],"product_tag":[525,529,556,558,559,533],"class_list":["post-30768","product","type-product","status-publish","has-post-thumbnail","hentry","product_cat-fougeres","product_cat-fougeres-interieur","product_cat-fougeres-climat-doux","product_cat-fougeres-climat-frais","product_tag-plantes-a-feuillage-coriace","product_tag-plantes-origine-asiatique","product_tag-plantes-pour-interieur","product_tag-plantes-pour-climats-doux","product_tag-plantes-pour-climats-frais","product_tag-plantes-pour-mur-vegetaux","pa_taille-du-pot-pot-12-14-cm-diametre","desktop-align-center","tablet-align-center","mobile-align-center","ast-product-gallery-layout-horizontal","ast-product-single-variable","ast-product-tabs-layout-horizontal","ast-qv-on-image"],"_links":{"self":[{"href":"https:\/\/staging.pepiniereezavin.com\/en\/wp-json\/wp\/v2\/product\/30768","targetHints":{"allow":["GET"]}}],"collection":[{"href":"https:\/\/staging.pepiniereezavin.com\/en\/wp-json\/wp\/v2\/product"}],"about":[{"href":"https:\/\/staging.pepiniereezavin.com\/en\/wp-json\/wp\/v2\/types\/product"}],"wp:featuredmedia":[{"embeddable":true,"href":"https:\/\/staging.pepiniereezavin.com\/en\/wp-json\/wp\/v2\/media\/30774"}],"wp:attachment":[{"href":"https:\/\/staging.pepiniereezavin.com\/en\/wp-json\/wp\/v2\/media?parent=30768"}],"wp:term":[{"taxonomy":"product_cat","embeddable":true,"href":"https:\/\/staging.pepiniereezavin.com\/en\/wp-json\/wp\/v2\/product_cat?post=30768"},{"taxonomy":"product_tag","embeddable":true,"href":"https:\/\/staging.pepiniereezavin.com\/en\/wp-json\/wp\/v2\/product_tag?post=30768"}],"curies":[{"name":"wp","href":"https:\/\/api.w.org\/{rel}","templated":true}]}}