{"id":30863,"date":"2021-12-09T22:52:28","date_gmt":"2021-12-09T21:52:28","guid":{"rendered":"https:\/\/pepiniereezavin.fr\/?post_type=product&#038;p=30863"},"modified":"2022-10-10T15:03:16","modified_gmt":"2022-10-10T13:03:16","slug":"polypodium-cambricum-hornet","status":"publish","type":"product","link":"https:\/\/staging.pepiniereezavin.com\/en\/product\/polypodium-cambricum-hornet\/","title":{"rendered":"Polypodium cambricum &lsquo;Hornet&rsquo;"},"content":{"rendered":"<p>(=\u00a0<em>Polypodium australe &lsquo;Hornet<\/em>&lsquo;) Voici une bien curieuse forme de polypode, trouv\u00e9 au Nord du Pays de Galles : L&rsquo;extr\u00e9mit\u00e9 des frondes et des pennes lat\u00e9rales est prolong\u00e9e par <strong>une pointe, ressemblant \u00e0 un dard de frelon, <\/strong>d&rsquo;o\u00f9 le nom de la vari\u00e9t\u00e9&#8230; Les frondes ont une forme plus allong\u00e9e que le type, et une texture plus \u00e9paisse. Croissance vigoureuse, mais pas trop colonisant.\u00a0Petites quantit\u00e9s disponibles.<\/p>\n<p><span style=\"text-decoration: underline;\">Hauteur adulte<\/span>\u00a0: 20\/30 cm.\u00a0<span style=\"text-decoration: underline;\">Origine g\u00e9ographique<\/span>\u00a0: Souche galloise.\u00a0<span style=\"text-decoration: underline;\">Persistance hiver<\/span>\u00a0: Persistante.\u00a0<span style=\"text-decoration: underline;\">Rusticit\u00e9 USDA<\/span>\u00a0: Zone 6.<\/p>","protected":false},"excerpt":{"rendered":"<p>(=\u00a0<em>Polypodium australe &lsquo;Hornet<\/em>&lsquo;) Voici une bien curieuse forme de polypode, trouv\u00e9 au Nord du Pays de Galles : L&rsquo;extr\u00e9mit\u00e9 des frondes et des pennes lat\u00e9rales est prolong\u00e9e par <strong>une pointe, ressemblant \u00e0 un dard de frelon, <\/strong>d&rsquo;o\u00f9 le nom de la vari\u00e9t\u00e9&#8230; Les frondes ont une forme plus allong\u00e9e que le type, et une texture plus \u00e9paisse. Croissance vigoureuse, mais pas trop colonisant.\u00a0Petites quantit\u00e9s disponibles.<\/p>\n<p><span style=\"text-decoration: underline;\">Hauteur adulte<\/span>\u00a0: 20\/30 cm.\u00a0<span style=\"text-decoration: underline;\">Origine g\u00e9ographique<\/span>\u00a0: Souche galloise.\u00a0<span style=\"text-decoration: underline;\">Persistance hiver<\/span>\u00a0: Persistante.\u00a0<span style=\"text-decoration: underline;\">Rusticit\u00e9 USDA<\/span>\u00a0: Zone 6.<\/p>","protected":false},"featured_media":30871,"template":"","meta":{"site-sidebar-layout":"default","site-content-layout":"default","ast-global-header-display":"","ast-main-header-display":"","ast-hfb-above-header-display":"","ast-hfb-below-header-display":"","ast-hfb-mobile-header-display":"","site-post-title":"","ast-breadcrumbs-content":"","ast-featured-img":"","footer-sml-layout":"","theme-transparent-header-meta":"default","adv-header-id-meta":"","stick-header-meta":"default","header-above-stick-meta":"","header-main-stick-meta":"","header-below-stick-meta":""},"product_cat":[535,545],"product_tag":[525,530,558,533,534],"class_list":["post-30863","product","type-product","status-publish","has-post-thumbnail","hentry","product_cat-fougeres","product_cat-fougeres-climat-doux","product_tag-plantes-a-feuillage-coriace","product_tag-plantes-origine-europeenne","product_tag-plantes-pour-climats-doux","product_tag-plantes-pour-mur-vegetaux","product_tag-plantes-pour-ombre-seche","pa_taille-du-pot-pot-12-14-cm-diametre","desktop-align-center","tablet-align-center","mobile-align-center","ast-product-gallery-layout-horizontal","ast-product-gallery-with-no-image","ast-product-single-variable","ast-product-tabs-layout-horizontal","ast-qv-on-image"],"_links":{"self":[{"href":"https:\/\/staging.pepiniereezavin.com\/en\/wp-json\/wp\/v2\/product\/30863","targetHints":{"allow":["GET"]}}],"collection":[{"href":"https:\/\/staging.pepiniereezavin.com\/en\/wp-json\/wp\/v2\/product"}],"about":[{"href":"https:\/\/staging.pepiniereezavin.com\/en\/wp-json\/wp\/v2\/types\/product"}],"wp:featuredmedia":[{"embeddable":true,"href":"https:\/\/staging.pepiniereezavin.com\/en\/wp-json\/wp\/v2\/media\/30871"}],"wp:attachment":[{"href":"https:\/\/staging.pepiniereezavin.com\/en\/wp-json\/wp\/v2\/media?parent=30863"}],"wp:term":[{"taxonomy":"product_cat","embeddable":true,"href":"https:\/\/staging.pepiniereezavin.com\/en\/wp-json\/wp\/v2\/product_cat?post=30863"},{"taxonomy":"product_tag","embeddable":true,"href":"https:\/\/staging.pepiniereezavin.com\/en\/wp-json\/wp\/v2\/product_tag?post=30863"}],"curies":[{"name":"wp","href":"https:\/\/api.w.org\/{rel}","templated":true}]}}