{"id":30872,"date":"2021-12-09T22:52:37","date_gmt":"2021-12-09T21:52:37","guid":{"rendered":"https:\/\/pepiniereezavin.fr\/?post_type=product&#038;p=30872"},"modified":"2022-11-24T18:43:24","modified_gmt":"2022-11-24T17:43:24","slug":"polypodium-whitley-giant","status":"publish","type":"product","link":"https:\/\/staging.pepiniereezavin.com\/en\/product\/polypodium-whitley-giant\/","title":{"rendered":"Polypodium &lsquo;Whitley Giant&rsquo;"},"content":{"rendered":"<p>Ce cultivar appartient visiblement au groupe des Polypodium cambricum, car la texture des frondes \u00a0est fine et souple. Il s&rsquo;en distingue par sa<strong> taille sup\u00e9rieure<\/strong> \u00e0 ce dernier, et par les frondes dont\u00a0les pennes ont les <strong>marges ondul\u00e9es<\/strong>. Croissance toute l&rsquo;ann\u00e9e, plante persistante. Tr\u00e8s solide cultivar \u00e0 croissance rapide.<\/p>\n<p><span style=\"text-decoration: underline;\">Hauteur adulte<\/span>\u00a0: 40\/60 cm.\u00a0<span style=\"text-decoration: underline;\">Origine g\u00e9ographique<\/span>\u00a0: origine horticole.\u00a0<span style=\"text-decoration: underline;\">Persistance hiver<\/span>\u00a0: Persistante.\u00a0<span style=\"text-decoration: underline;\">Rusticit\u00e9 USDA<\/span>\u00a0: Zone 7.<\/p>\n<p>&nbsp;<\/p>","protected":false},"excerpt":{"rendered":"<p>Ce cultivar appartient visiblement au groupe des Polypodium cambricum, car la texture des frondes \u00a0est fine et souple. Il s&rsquo;en distingue par sa<strong> taille sup\u00e9rieure<\/strong> \u00e0 ce dernier, et par les frondes dont\u00a0les pennes ont les <strong>marges ondul\u00e9es<\/strong>. Croissance toute l&rsquo;ann\u00e9e, plante persistante. Tr\u00e8s solide cultivar \u00e0 croissance rapide.<\/p>\n<p><span style=\"text-decoration: underline;\">Hauteur adulte<\/span>\u00a0: 40\/60 cm.\u00a0<span style=\"text-decoration: underline;\">Origine g\u00e9ographique<\/span>\u00a0: origine horticole.\u00a0<span style=\"text-decoration: underline;\">Persistance hiver<\/span>\u00a0: Persistante.\u00a0<span style=\"text-decoration: underline;\">Rusticit\u00e9 USDA<\/span>\u00a0: Zone 7.<\/p>\n<p>&nbsp;<\/p>","protected":false},"featured_media":30902,"template":"","meta":{"site-sidebar-layout":"default","site-content-layout":"default","ast-global-header-display":"","ast-main-header-display":"","ast-hfb-above-header-display":"","ast-hfb-below-header-display":"","ast-hfb-mobile-header-display":"","site-post-title":"","ast-breadcrumbs-content":"","ast-featured-img":"","footer-sml-layout":"","theme-transparent-header-meta":"default","adv-header-id-meta":"","stick-header-meta":"default","header-above-stick-meta":"","header-main-stick-meta":"","header-below-stick-meta":""},"product_cat":[535,543,545],"product_tag":[558,533,534],"class_list":["post-30872","product","type-product","status-publish","has-post-thumbnail","hentry","product_cat-fougeres","product_cat-fougeres-interieur","product_cat-fougeres-climat-doux","product_tag-plantes-pour-climats-doux","product_tag-plantes-pour-mur-vegetaux","product_tag-plantes-pour-ombre-seche","pa_taille-du-pot-pot-12-14-cm-diametre","desktop-align-center","tablet-align-center","mobile-align-center","ast-product-gallery-layout-horizontal","ast-product-gallery-with-no-image","ast-product-single-variable","ast-product-tabs-layout-horizontal","ast-qv-on-image"],"_links":{"self":[{"href":"https:\/\/staging.pepiniereezavin.com\/en\/wp-json\/wp\/v2\/product\/30872","targetHints":{"allow":["GET"]}}],"collection":[{"href":"https:\/\/staging.pepiniereezavin.com\/en\/wp-json\/wp\/v2\/product"}],"about":[{"href":"https:\/\/staging.pepiniereezavin.com\/en\/wp-json\/wp\/v2\/types\/product"}],"wp:featuredmedia":[{"embeddable":true,"href":"https:\/\/staging.pepiniereezavin.com\/en\/wp-json\/wp\/v2\/media\/30902"}],"wp:attachment":[{"href":"https:\/\/staging.pepiniereezavin.com\/en\/wp-json\/wp\/v2\/media?parent=30872"}],"wp:term":[{"taxonomy":"product_cat","embeddable":true,"href":"https:\/\/staging.pepiniereezavin.com\/en\/wp-json\/wp\/v2\/product_cat?post=30872"},{"taxonomy":"product_tag","embeddable":true,"href":"https:\/\/staging.pepiniereezavin.com\/en\/wp-json\/wp\/v2\/product_tag?post=30872"}],"curies":[{"name":"wp","href":"https:\/\/api.w.org\/{rel}","templated":true}]}}