{"id":30910,"date":"2021-12-09T22:52:48","date_gmt":"2021-12-09T21:52:48","guid":{"rendered":"https:\/\/pepiniereezavin.fr\/?post_type=product&#038;p=30910"},"modified":"2022-04-19T16:15:33","modified_gmt":"2022-04-19T14:15:33","slug":"begonia-cleopatrae","status":"publish","type":"product","link":"https:\/\/staging.pepiniereezavin.com\/en\/product\/begonia-cleopatrae\/","title":{"rendered":"Begonia cleopatrae"},"content":{"rendered":"<p><em>Begonia cleopatra<\/em> est tropical, originaire des Philippines, pousse sur des rochers humides en sous-bois. Ses feuilles sont <strong>iris\u00e9es<\/strong>, <strong>vert sombre<\/strong> marqu\u00e9es d&rsquo;une <strong>bande longitudinale vert clair<\/strong>, et de <strong>macules vert clair<\/strong> sur les marges des feuilles. Splendide. Le revers des feuilles est rouge. Le port ramass\u00e9 de la plante en fait un tr\u00e8s bon sujet pour un mur v\u00e9g\u00e9tal d&rsquo;int\u00e9rieur, ou pour <strong>terrarium<\/strong>. C&rsquo;est une plante qui a besoin de chaleur et d&rsquo;humidit\u00e9 constante. \u00a0A ne pas confondre avec Begonia x &lsquo;Cleopatra&rsquo;, qui est un cultivar horticole.<\/p>\n<p><span style=\"text-decoration: underline;\">Hauteur adulte<\/span>\u00a0: 10\/15 cm.\u00a0<span style=\"text-decoration: underline;\">Origine g\u00e9ographique<\/span>\u00a0: Philippines.\u00a0<span style=\"text-decoration: underline;\">Persistance hiver<\/span>\u00a0: Persistant .\u00a0<span style=\"text-decoration: underline;\">Rusticit\u00e9 USDA<\/span>\u00a0: Zone 11 (+4.4\u00b0C\/+10\u00b0C).<\/p>","protected":false},"excerpt":{"rendered":"<p><em>Begonia cleopatra<\/em>\u00a0est tropical, originaire des Philippines, pousse sur des rochers humides en sous-bois. Ses feuilles sont\u00a0<strong>iris\u00e9es<\/strong>,\u00a0<strong>vert sombre<\/strong>\u00a0marqu\u00e9es d&rsquo;une\u00a0<strong>bande longitudinale vert clair<\/strong>, et de\u00a0<strong>macules vert clair<\/strong>\u00a0sur les marges des feuilles. Splendide. Le revers des feuilles est rouge. Le port ramass\u00e9 de la plante en fait un tr\u00e8s bon sujet pour un mur v\u00e9g\u00e9tal d&rsquo;int\u00e9rieur, ou pour\u00a0<strong>terrarium<\/strong>. C&rsquo;est une plante qui a besoin de chaleur et d&rsquo;humidit\u00e9 constante. \u00a0A ne pas confondre avec Begonia x &lsquo;Cleopatra&rsquo;, qui est un cultivar horticole.<\/p>\n<p><span style=\"text-decoration: underline;\">Hauteur adulte<\/span>\u00a0: 10\/15 cm.\u00a0<span style=\"text-decoration: underline;\">Origine g\u00e9ographique<\/span>\u00a0: Philippines.\u00a0<span style=\"text-decoration: underline;\">Persistance hiver<\/span>\u00a0: Persistant .\u00a0<span style=\"text-decoration: underline;\">Rusticit\u00e9 USDA<\/span>\u00a0: Zone 11 (+4.4\u00b0C\/+10\u00b0C).<\/p>","protected":false},"featured_media":30937,"template":"","meta":{"site-sidebar-layout":"default","site-content-layout":"default","ast-global-header-display":"","ast-main-header-display":"","ast-hfb-above-header-display":"","ast-hfb-below-header-display":"","ast-hfb-mobile-header-display":"","site-post-title":"","ast-breadcrumbs-content":"","ast-featured-img":"","footer-sml-layout":"","theme-transparent-header-meta":"default","adv-header-id-meta":"","stick-header-meta":"default","header-above-stick-meta":"","header-main-stick-meta":"","header-below-stick-meta":""},"product_cat":[536,547,548],"product_tag":[529,556,533,557],"class_list":["post-30910","product","type-product","status-publish","has-post-thumbnail","hentry","product_cat-begonias","product_cat-begonias-interieur","product_cat-begonias-terrarium","product_tag-plantes-origine-asiatique","product_tag-plantes-pour-interieur","product_tag-plantes-pour-mur-vegetaux","product_tag-plantes-pour-terrarium","pa_taille-du-pot-pot-10-12-cm-diametre","desktop-align-center","tablet-align-center","mobile-align-center","ast-product-gallery-layout-horizontal","ast-product-single-variable","ast-product-tabs-layout-horizontal","ast-qv-on-image"],"_links":{"self":[{"href":"https:\/\/staging.pepiniereezavin.com\/en\/wp-json\/wp\/v2\/product\/30910","targetHints":{"allow":["GET"]}}],"collection":[{"href":"https:\/\/staging.pepiniereezavin.com\/en\/wp-json\/wp\/v2\/product"}],"about":[{"href":"https:\/\/staging.pepiniereezavin.com\/en\/wp-json\/wp\/v2\/types\/product"}],"wp:featuredmedia":[{"embeddable":true,"href":"https:\/\/staging.pepiniereezavin.com\/en\/wp-json\/wp\/v2\/media\/30937"}],"wp:attachment":[{"href":"https:\/\/staging.pepiniereezavin.com\/en\/wp-json\/wp\/v2\/media?parent=30910"}],"wp:term":[{"taxonomy":"product_cat","embeddable":true,"href":"https:\/\/staging.pepiniereezavin.com\/en\/wp-json\/wp\/v2\/product_cat?post=30910"},{"taxonomy":"product_tag","embeddable":true,"href":"https:\/\/staging.pepiniereezavin.com\/en\/wp-json\/wp\/v2\/product_tag?post=30910"}],"curies":[{"name":"wp","href":"https:\/\/api.w.org\/{rel}","templated":true}]}}