{"id":30912,"date":"2021-12-09T22:52:49","date_gmt":"2021-12-09T21:52:49","guid":{"rendered":"https:\/\/pepiniereezavin.fr\/?post_type=product&#038;p=30912"},"modified":"2022-09-07T21:31:08","modified_gmt":"2022-09-07T19:31:08","slug":"arthropodium-candidum-purpureum","status":"publish","type":"product","link":"https:\/\/staging.pepiniereezavin.com\/en\/product\/arthropodium-candidum-purpureum\/","title":{"rendered":"Arthropodium candidum &lsquo;Purpureum&rsquo;"},"content":{"rendered":"<p>Voici une curieuse vivace pour le soleil (au Nord de la Loire) ou la mi-ombre (dans le Sud). Etonnante plante, par la couleur de ses feuilles d&rsquo;abord, marron clair mouchet\u00e9es de minuscules taches marron fonc\u00e9 ; puis par sa rusticit\u00e9 surprenante pour une plante n\u00e9o-z\u00e9landaise. La floraison printani\u00e8re et estivale est discr\u00e8te, compos\u00e9e d&rsquo;une multitude de petites fleurs blanches port\u00e9es en grappes l\u00e2ches. Sa\u00a0coloration inhabituelle\u00a0fait qu&rsquo;elle passe souvent inaper\u00e7u au jardin, alors qu&rsquo;en pot\u00e9e, elle brille de son originalit\u00e9.<\/p>\n<p><span style=\"text-decoration: underline;\">Hauteur adulte<\/span>\u00a0: 20\/40.\u00a0<span style=\"text-decoration: underline;\">Origine g\u00e9ographique<\/span>\u00a0: Nouvelle-Z\u00e9lande.\u00a0<span style=\"text-decoration: underline;\">Persistance hiver<\/span>\u00a0: Caduque.\u00a0<span style=\"text-decoration: underline;\">Rusticit\u00e9 USDA<\/span>\u00a0: Zone 7\/8.<\/p>","protected":false},"excerpt":{"rendered":"<p>Voici une curieuse vivace pour le soleil (au Nord de la Loire) ou la mi-ombre (dans le Sud). Etonnante plante, par la couleur de ses feuilles d&rsquo;abord, marron clair mouchet\u00e9es de minuscules taches marron fonc\u00e9 ; puis par sa rusticit\u00e9 surprenante pour une plante n\u00e9o-z\u00e9landaise. La floraison printani\u00e8re et estivale est discr\u00e8te, compos\u00e9e d&rsquo;une multitude de petites fleurs blanches port\u00e9es en grappes l\u00e2ches. Sa\u00a0coloration inhabituelle fait qu&rsquo;elle passe souvent inaper\u00e7u au jardin, alors qu&rsquo;en pot\u00e9e, elle brille de son originalit\u00e9.<\/p>\n<p><span style=\"text-decoration: underline;\">Hauteur adulte<\/span>\u00a0: 20\/40.\u00a0<span style=\"text-decoration: underline;\">Origine g\u00e9ographique<\/span>\u00a0: Nouvelle-Z\u00e9lande.\u00a0<span style=\"text-decoration: underline;\">Persistance hiver<\/span>\u00a0: Caduque.\u00a0<span style=\"text-decoration: underline;\">Rusticit\u00e9 USDA<\/span>\u00a0: Zone 7\/8.<\/p>","protected":false},"featured_media":30940,"template":"","meta":{"site-sidebar-layout":"default","site-content-layout":"default","ast-global-header-display":"","ast-main-header-display":"","ast-hfb-above-header-display":"","ast-hfb-below-header-display":"","ast-hfb-mobile-header-display":"","site-post-title":"","ast-breadcrumbs-content":"","ast-featured-img":"","footer-sml-layout":"","theme-transparent-header-meta":"","adv-header-id-meta":"","stick-header-meta":"","header-above-stick-meta":"","header-main-stick-meta":"","header-below-stick-meta":""},"product_cat":[537,551,552],"product_tag":[531,556,558],"class_list":["post-30912","product","type-product","status-publish","has-post-thumbnail","hentry","product_cat-autres-plantes","product_cat-autres-plantes-d-interieur","product_cat-autres-plantes-pour-climat-doux","product_tag-plantes-origine-oceanienne","product_tag-plantes-pour-interieur","product_tag-plantes-pour-climats-doux","pa_taille-du-pot-pot-10-12-cm-diametre","desktop-align-center","tablet-align-center","mobile-align-center","ast-product-gallery-layout-horizontal","ast-product-single-variable","ast-product-tabs-layout-horizontal","ast-qv-on-image"],"_links":{"self":[{"href":"https:\/\/staging.pepiniereezavin.com\/en\/wp-json\/wp\/v2\/product\/30912","targetHints":{"allow":["GET"]}}],"collection":[{"href":"https:\/\/staging.pepiniereezavin.com\/en\/wp-json\/wp\/v2\/product"}],"about":[{"href":"https:\/\/staging.pepiniereezavin.com\/en\/wp-json\/wp\/v2\/types\/product"}],"wp:featuredmedia":[{"embeddable":true,"href":"https:\/\/staging.pepiniereezavin.com\/en\/wp-json\/wp\/v2\/media\/30940"}],"wp:attachment":[{"href":"https:\/\/staging.pepiniereezavin.com\/en\/wp-json\/wp\/v2\/media?parent=30912"}],"wp:term":[{"taxonomy":"product_cat","embeddable":true,"href":"https:\/\/staging.pepiniereezavin.com\/en\/wp-json\/wp\/v2\/product_cat?post=30912"},{"taxonomy":"product_tag","embeddable":true,"href":"https:\/\/staging.pepiniereezavin.com\/en\/wp-json\/wp\/v2\/product_tag?post=30912"}],"curies":[{"name":"wp","href":"https:\/\/api.w.org\/{rel}","templated":true}]}}