{"id":30917,"date":"2021-12-09T22:52:49","date_gmt":"2021-12-09T21:52:49","guid":{"rendered":"https:\/\/pepiniereezavin.fr\/?post_type=product&#038;p=30917"},"modified":"2022-11-08T22:31:21","modified_gmt":"2022-11-08T21:31:21","slug":"dioscorea-bulbifera","status":"publish","type":"product","link":"https:\/\/staging.pepiniereezavin.com\/en\/product\/dioscorea-bulbifera\/","title":{"rendered":"Dioscorea bulbifera"},"content":{"rendered":"<p><strong>L&rsquo;igname bulbif\u00e8re<\/strong> est originaire d&rsquo;Afrique orientale, mais est cultiv\u00e9e partout dans le monde. Cette plante tub\u00e9reuse est une <strong>liane<\/strong> tr\u00e8s d\u00e9corative en int\u00e9rieur, ou en ext\u00e9rieur en la rentrant en hiver (le tubercule est g\u00e9lif). Ses tiges peuvent atteindre une dizaine de m\u00e8tres de long. Elles portent, en fin de saison, \u00e0 l&rsquo;aisselle des feuilles, des <strong>bulbilles<\/strong> marron qui servent \u00e0 la propagation de l&rsquo;esp\u00e8ce. Ce sont les <strong>feuilles<\/strong>, avec leur <strong>nervation<\/strong> <strong>caract\u00e9ristique<\/strong>, qui sont tr\u00e8s d\u00e9coratives. Croissance tr\u00e8s rapide dans la saison.<\/p>\n<p><span style=\"text-decoration: underline;\">Hauteur adulte<\/span> : 5\/10 m selon la taille du pot. <span style=\"text-decoration: underline;\">Origine g\u00e9ographique<\/span>\u00a0: Afrique orientale.\u00a0<span style=\"text-decoration: underline;\">Persistance hiver<\/span>\u00a0: Caduque.\u00a0<span style=\"text-decoration: underline;\">Rusticit\u00e9 USDA<\/span> : Zone 10 (-1.1\u00b0C\/+4.4\u00b0C).<\/p>","protected":false},"excerpt":{"rendered":"<p><strong>L&rsquo;igname bulbif\u00e8re<\/strong> est originaire d&rsquo;Afrique orientale, mais est cultiv\u00e9e partout dans le monde. Cette plante tub\u00e9reuse est une <strong>liane<\/strong> tr\u00e8s d\u00e9corative en int\u00e9rieur, ou en ext\u00e9rieur en la rentrant en hiver (le tubercule est g\u00e9lif). Ses tiges peuvent atteindre une dizaine de m\u00e8tres de long. Elles portent, en fin de saison, \u00e0 l&rsquo;aisselle des feuilles, des <strong>bulbilles<\/strong> marron qui servent \u00e0 la propagation de l&rsquo;esp\u00e8ce. Ce sont les <strong>feuilles<\/strong>, avec leur <strong>nervation<\/strong> <strong>caract\u00e9ristique<\/strong>, qui sont tr\u00e8s d\u00e9coratives. Croissance tr\u00e8s rapide dans la saison.<\/p>\n<p><span style=\"text-decoration: underline;\">Hauteur adulte<\/span> : 5\/10 m selon la taille du pot. <span style=\"text-decoration: underline;\">Origine g\u00e9ographique<\/span>\u00a0: Afrique orientale.\u00a0<span style=\"text-decoration: underline;\">Persistance hiver<\/span>\u00a0: Caduque.\u00a0<span style=\"text-decoration: underline;\">Rusticit\u00e9 USDA<\/span> : Zone 10 (-1.1\u00b0C\/+4.4\u00b0C).<\/p>","protected":false},"featured_media":30945,"template":"","meta":{"site-sidebar-layout":"default","site-content-layout":"default","ast-global-header-display":"","ast-main-header-display":"","ast-hfb-above-header-display":"","ast-hfb-below-header-display":"","ast-hfb-mobile-header-display":"","site-post-title":"","ast-breadcrumbs-content":"","ast-featured-img":"","footer-sml-layout":"","theme-transparent-header-meta":"default","adv-header-id-meta":"","stick-header-meta":"default","header-above-stick-meta":"","header-main-stick-meta":"","header-below-stick-meta":""},"product_cat":[537,551],"product_tag":[527,556],"class_list":["post-30917","product","type-product","status-publish","has-post-thumbnail","hentry","product_cat-autres-plantes","product_cat-autres-plantes-d-interieur","product_tag-plantes-origine-africaine","product_tag-plantes-pour-interieur","pa_taille-du-pot-pot-12-14-cm-diametre","desktop-align-center","tablet-align-center","mobile-align-center","ast-product-gallery-layout-horizontal","ast-product-single-variable","ast-product-tabs-layout-horizontal","ast-qv-on-image"],"_links":{"self":[{"href":"https:\/\/staging.pepiniereezavin.com\/en\/wp-json\/wp\/v2\/product\/30917","targetHints":{"allow":["GET"]}}],"collection":[{"href":"https:\/\/staging.pepiniereezavin.com\/en\/wp-json\/wp\/v2\/product"}],"about":[{"href":"https:\/\/staging.pepiniereezavin.com\/en\/wp-json\/wp\/v2\/types\/product"}],"wp:featuredmedia":[{"embeddable":true,"href":"https:\/\/staging.pepiniereezavin.com\/en\/wp-json\/wp\/v2\/media\/30945"}],"wp:attachment":[{"href":"https:\/\/staging.pepiniereezavin.com\/en\/wp-json\/wp\/v2\/media?parent=30917"}],"wp:term":[{"taxonomy":"product_cat","embeddable":true,"href":"https:\/\/staging.pepiniereezavin.com\/en\/wp-json\/wp\/v2\/product_cat?post=30917"},{"taxonomy":"product_tag","embeddable":true,"href":"https:\/\/staging.pepiniereezavin.com\/en\/wp-json\/wp\/v2\/product_tag?post=30917"}],"curies":[{"name":"wp","href":"https:\/\/api.w.org\/{rel}","templated":true}]}}