{"id":30919,"date":"2021-12-09T22:52:49","date_gmt":"2021-12-09T21:52:49","guid":{"rendered":"https:\/\/pepiniereezavin.fr\/?post_type=product&#038;p=30919"},"modified":"2022-12-07T19:11:13","modified_gmt":"2022-12-07T18:11:13","slug":"begonia-coccinea-speciosa","status":"publish","type":"product","link":"https:\/\/staging.pepiniereezavin.com\/en\/product\/begonia-coccinea-speciosa\/","title":{"rendered":"Begonia coccinea speciosa"},"content":{"rendered":"<p>B\u00e9gonia coccinea est un b\u00e9gonia\u00a0<strong>bambusiforme<\/strong>\u00a0de taille moyenne (60\/80). La forme speciosa arbore des grappes de\u00a0<strong>fleurs blanches<\/strong>\u00a0en \u00e9t\u00e9. Les feuilles effil\u00e9es font environ 10\/15 cm de long, mouchet\u00e9es de taches blanches. Son port pleureur convient tr\u00e8s bien sur un mur de plantes. S&rsquo;il est cultiv\u00e9 en pot, tuteurer quand jeune. Ce Begonia est celui utilis\u00e9 pour les Begonia Tamaya \u00e0 fleurs blanches!<\/p>\n<p><span style=\"text-decoration: underline;\">Hauteur adulte<\/span>\u00a0: 60\/80 cm.\u00a0<span style=\"text-decoration: underline;\">Origine g\u00e9ographique<\/span>\u00a0: origine horticole.\u00a0<span style=\"text-decoration: underline;\">Persistance hiver<\/span>\u00a0: Persistant .\u00a0<span style=\"text-decoration: underline;\">Rusticit\u00e9 USDA<\/span>\u00a0: Zone 9.<\/p>","protected":false},"excerpt":{"rendered":"<p>B\u00e9gonia coccinea est un b\u00e9gonia <strong>bambusiforme<\/strong> de taille moyenne (60\/80). La forme speciosa arbore des grappes de <strong>fleurs blanches<\/strong> en \u00e9t\u00e9. Les feuilles effil\u00e9es font environ 10\/15 cm de long, mouchet\u00e9es de taches blanches. Son port pleureur convient tr\u00e8s bien sur un mur de plantes. S&rsquo;il est cultiv\u00e9 en pot, tuteurer quand jeune. Ce Begonia est celui utilis\u00e9 pour les Begonia Tamaya \u00e0 fleurs blanches!<\/p>\n<p><span style=\"text-decoration: underline;\">Hauteur adulte<\/span>\u00a0: 60\/80 cm.\u00a0<span style=\"text-decoration: underline;\">Origine g\u00e9ographique<\/span>\u00a0: origine horticole.\u00a0<span style=\"text-decoration: underline;\">Persistance hiver<\/span>\u00a0: Persistant .\u00a0<span style=\"text-decoration: underline;\">Rusticit\u00e9 USDA<\/span>\u00a0: Zone 9.<\/p>","protected":false},"featured_media":30948,"template":"","meta":{"site-sidebar-layout":"default","site-content-layout":"default","ast-global-header-display":"","ast-main-header-display":"","ast-hfb-above-header-display":"","ast-hfb-below-header-display":"","ast-hfb-mobile-header-display":"","site-post-title":"","ast-breadcrumbs-content":"","ast-featured-img":"","footer-sml-layout":"","theme-transparent-header-meta":"default","adv-header-id-meta":"","stick-header-meta":"default","header-above-stick-meta":"","header-main-stick-meta":"","header-below-stick-meta":""},"product_cat":[536,547],"product_tag":[520,556],"class_list":["post-30919","product","type-product","status-publish","has-post-thumbnail","hentry","product_cat-begonias","product_cat-begonias-interieur","product_tag-begonias-botaniques","product_tag-plantes-pour-interieur","pa_taille-du-pot-pot-12-14-cm-diametre","desktop-align-center","tablet-align-center","mobile-align-center","ast-product-gallery-layout-horizontal","ast-product-single-variable","ast-product-tabs-layout-horizontal","ast-qv-on-image"],"_links":{"self":[{"href":"https:\/\/staging.pepiniereezavin.com\/en\/wp-json\/wp\/v2\/product\/30919","targetHints":{"allow":["GET"]}}],"collection":[{"href":"https:\/\/staging.pepiniereezavin.com\/en\/wp-json\/wp\/v2\/product"}],"about":[{"href":"https:\/\/staging.pepiniereezavin.com\/en\/wp-json\/wp\/v2\/types\/product"}],"wp:featuredmedia":[{"embeddable":true,"href":"https:\/\/staging.pepiniereezavin.com\/en\/wp-json\/wp\/v2\/media\/30948"}],"wp:attachment":[{"href":"https:\/\/staging.pepiniereezavin.com\/en\/wp-json\/wp\/v2\/media?parent=30919"}],"wp:term":[{"taxonomy":"product_cat","embeddable":true,"href":"https:\/\/staging.pepiniereezavin.com\/en\/wp-json\/wp\/v2\/product_cat?post=30919"},{"taxonomy":"product_tag","embeddable":true,"href":"https:\/\/staging.pepiniereezavin.com\/en\/wp-json\/wp\/v2\/product_tag?post=30919"}],"curies":[{"name":"wp","href":"https:\/\/api.w.org\/{rel}","templated":true}]}}