{"id":30931,"date":"2021-12-09T22:52:51","date_gmt":"2021-12-09T21:52:51","guid":{"rendered":"https:\/\/pepiniereezavin.fr\/?post_type=product&#038;p=30931"},"modified":"2022-10-10T13:29:36","modified_gmt":"2022-10-10T11:29:36","slug":"begonia-brevirimosa","status":"publish","type":"product","link":"https:\/\/staging.pepiniereezavin.com\/en\/product\/begonia-brevirimosa\/","title":{"rendered":"Begonia brevirimosa"},"content":{"rendered":"<p>Et voici une beaut\u00e9 de Nouvelle Guin\u00e9e. Ce Begonia bambusiforme fait de grandes feuilles (20 cm de long) au coloris formidablement attrayant, avec de larges macules rouge ros\u00e9 ne laissant que peu de place au vert! Il appr\u00e9cie la chaleur et l&rsquo;humidit\u00e9. Ses couleurs chatoyantes et son gabarit sont ses atouts principaux. Culture facile si cultiv\u00e9 en\u00a0<strong><span style=\"text-decoration: underline;\">terrarium<\/span>\u00a0<\/strong>ou en\u00a0<strong><span style=\"text-decoration: underline;\">int\u00e9rieur chaud humide<\/span><\/strong>.<\/p>\n<p><span style=\"text-decoration: underline;\">Hauteur adulte<\/span>\u00a0: 100\/200 cm. dans la nature. \u00a0<span style=\"text-decoration: underline;\">Origine g\u00e9ographique<\/span>\u00a0: Nouvelle Guin\u00e9e.\u00a0<span style=\"text-decoration: underline;\">Persistance hiver<\/span>\u00a0: Persistant (garder les\u00a0T\u00b0&gt;18\u00b0C). \u00a0<span style=\"text-decoration: underline;\">Rusticit\u00e9 USDA<\/span>\u00a0: Zone 11.<\/p>","protected":false},"excerpt":{"rendered":"<p>Et voici une beaut\u00e9 de Nouvelle Guin\u00e9e. Ce Begonia bambusiforme fait de grandes feuilles (20 cm de long) au coloris formidablement attrayant, avec de larges macules rouge ros\u00e9 ne laissant que peu de place au vert! Il appr\u00e9cie la chaleur et l&rsquo;humidit\u00e9. Ses couleurs chatoyantes et son gabarit sont ses atouts principaux. Culture facile si cultiv\u00e9 en <strong><span style=\"text-decoration: underline;\">terrarium<\/span> <\/strong>ou en <strong><span style=\"text-decoration: underline;\">int\u00e9rieur chaud humide<\/span><\/strong>.<\/p>\n<p><span style=\"text-decoration: underline;\">Hauteur adulte<\/span>\u00a0: 100\/200 cm. dans la nature. \u00a0<span style=\"text-decoration: underline;\">Origine g\u00e9ographique<\/span>\u00a0: Nouvelle Guin\u00e9e.\u00a0<span style=\"text-decoration: underline;\">Persistance hiver<\/span>\u00a0: Persistant (garder les\u00a0T\u00b0&gt;18\u00b0C). \u00a0<span style=\"text-decoration: underline;\">Rusticit\u00e9 USDA<\/span>\u00a0: Zone 11.<\/p>","protected":false},"featured_media":30959,"template":"","meta":{"site-sidebar-layout":"default","site-content-layout":"default","ast-global-header-display":"","ast-main-header-display":"","ast-hfb-above-header-display":"","ast-hfb-below-header-display":"","ast-hfb-mobile-header-display":"","site-post-title":"","ast-breadcrumbs-content":"","ast-featured-img":"","footer-sml-layout":"","theme-transparent-header-meta":"default","adv-header-id-meta":"","stick-header-meta":"default","header-above-stick-meta":"","header-main-stick-meta":"","header-below-stick-meta":""},"product_cat":[536,547,548],"product_tag":[520,529,556,533,557],"class_list":["post-30931","product","type-product","status-publish","has-post-thumbnail","hentry","product_cat-begonias","product_cat-begonias-interieur","product_cat-begonias-terrarium","product_tag-begonias-botaniques","product_tag-plantes-origine-asiatique","product_tag-plantes-pour-interieur","product_tag-plantes-pour-mur-vegetaux","product_tag-plantes-pour-terrarium","pa_taille-du-pot-pot-12-14-cm-diametre","desktop-align-center","tablet-align-center","mobile-align-center","ast-product-gallery-layout-horizontal","ast-product-single-variable","ast-product-tabs-layout-horizontal","ast-qv-on-image"],"_links":{"self":[{"href":"https:\/\/staging.pepiniereezavin.com\/en\/wp-json\/wp\/v2\/product\/30931","targetHints":{"allow":["GET"]}}],"collection":[{"href":"https:\/\/staging.pepiniereezavin.com\/en\/wp-json\/wp\/v2\/product"}],"about":[{"href":"https:\/\/staging.pepiniereezavin.com\/en\/wp-json\/wp\/v2\/types\/product"}],"wp:featuredmedia":[{"embeddable":true,"href":"https:\/\/staging.pepiniereezavin.com\/en\/wp-json\/wp\/v2\/media\/30959"}],"wp:attachment":[{"href":"https:\/\/staging.pepiniereezavin.com\/en\/wp-json\/wp\/v2\/media?parent=30931"}],"wp:term":[{"taxonomy":"product_cat","embeddable":true,"href":"https:\/\/staging.pepiniereezavin.com\/en\/wp-json\/wp\/v2\/product_cat?post=30931"},{"taxonomy":"product_tag","embeddable":true,"href":"https:\/\/staging.pepiniereezavin.com\/en\/wp-json\/wp\/v2\/product_tag?post=30931"}],"curies":[{"name":"wp","href":"https:\/\/api.w.org\/{rel}","templated":true}]}}