{"id":30972,"date":"2021-12-09T22:53:12","date_gmt":"2021-12-09T21:53:12","guid":{"rendered":"https:\/\/pepiniereezavin.fr\/?post_type=product&#038;p=30972"},"modified":"2022-11-13T22:13:24","modified_gmt":"2022-11-13T21:13:24","slug":"dennstaedtia-adiantoides","status":"publish","type":"product","link":"https:\/\/staging.pepiniereezavin.com\/en\/product\/dennstaedtia-adiantoides\/","title":{"rendered":"Dennstaedtia adiantoides"},"content":{"rendered":"<p>(= <em>D. bipinnata<\/em>) Esp\u00e8ce \u00a0couvre-sol (rhizome tra\u00e7ant juste sous la surface du sol) \u00e0 croissance tr\u00e8s rapide gr\u00e2ce \u00e0 un rhizome ramifi\u00e9. Excellente plante de v\u00e9randa, <strong>luxuriance assur\u00e9e<\/strong> ! Les segments terminaux des frondes bipenn\u00e9es sont presque triangulaires et rappellent ceux d&rsquo;un Adiantum g\u00e9ant (dans un bon environnement, chaque fronde atteint 2 m de long). Vert vif satin\u00e9.\u00a0A maintenir hors gel.<\/p>\n<p><span style=\"text-decoration: underline;\">Hauteur adulte<\/span>\u00a0: 80\/100 (200) cm.\u00a0<span style=\"text-decoration: underline;\">Origine g\u00e9ographique<\/span>\u00a0: Am\u00e9rique du nord.\u00a0<span style=\"text-decoration: underline;\">Persistance hiver<\/span>\u00a0: Persistant. \u00a0<span style=\"text-decoration: underline;\">Rusticit\u00e9 USDA<\/span>\u00a0: Zone 9.<\/p>","protected":false},"excerpt":{"rendered":"<p>(= <em>D. bipinnata<\/em>) Esp\u00e8ce \u00a0couvre-sol (rhizome tra\u00e7ant juste sous la surface du sol) \u00e0 croissance tr\u00e8s rapide gr\u00e2ce \u00e0 un rhizome ramifi\u00e9. Excellente plante de v\u00e9randa,\u00a0<strong>luxuriance assur\u00e9e<\/strong>\u00a0! Les segments terminaux des frondes bipenn\u00e9es sont presque triangulaires et rappellent ceux d&rsquo;un Adiantum g\u00e9ant (dans un bon environnement, chaque fronde atteint 2 m de long). Vert vif satin\u00e9.\u00a0A maintenir hors gel.<\/p>\n<p><span style=\"text-decoration: underline;\">Hauteur adulte<\/span>\u00a0: 80\/100 (200) cm.\u00a0<span style=\"text-decoration: underline;\">Origine g\u00e9ographique<\/span>\u00a0: Am\u00e9rique du nord.\u00a0<span style=\"text-decoration: underline;\">Persistance hiver<\/span>\u00a0: Persistant. \u00a0<span style=\"text-decoration: underline;\">Rusticit\u00e9 USDA<\/span>\u00a0: Zone 9.<\/p>","protected":false},"featured_media":31000,"template":"","meta":{"site-sidebar-layout":"default","site-content-layout":"default","ast-global-header-display":"","ast-main-header-display":"","ast-hfb-above-header-display":"","ast-hfb-below-header-display":"","ast-hfb-mobile-header-display":"","site-post-title":"","ast-breadcrumbs-content":"","ast-featured-img":"","footer-sml-layout":"","theme-transparent-header-meta":"default","adv-header-id-meta":"","stick-header-meta":"default","header-above-stick-meta":"","header-main-stick-meta":"","header-below-stick-meta":""},"product_cat":[535,543,545],"product_tag":[526,528,556,558],"class_list":["post-30972","product","type-product","status-publish","has-post-thumbnail","hentry","product_cat-fougeres","product_cat-fougeres-interieur","product_cat-fougeres-climat-doux","product_tag-plantes-couvre-sol","product_tag-plantes-origine-americaine","product_tag-plantes-pour-interieur","product_tag-plantes-pour-climats-doux","pa_taille-du-pot-pot-15-18-cm-diametre","desktop-align-center","tablet-align-center","mobile-align-center","ast-product-gallery-layout-horizontal","ast-product-single-variable","ast-product-tabs-layout-horizontal","ast-qv-on-image"],"_links":{"self":[{"href":"https:\/\/staging.pepiniereezavin.com\/en\/wp-json\/wp\/v2\/product\/30972","targetHints":{"allow":["GET"]}}],"collection":[{"href":"https:\/\/staging.pepiniereezavin.com\/en\/wp-json\/wp\/v2\/product"}],"about":[{"href":"https:\/\/staging.pepiniereezavin.com\/en\/wp-json\/wp\/v2\/types\/product"}],"wp:featuredmedia":[{"embeddable":true,"href":"https:\/\/staging.pepiniereezavin.com\/en\/wp-json\/wp\/v2\/media\/31000"}],"wp:attachment":[{"href":"https:\/\/staging.pepiniereezavin.com\/en\/wp-json\/wp\/v2\/media?parent=30972"}],"wp:term":[{"taxonomy":"product_cat","embeddable":true,"href":"https:\/\/staging.pepiniereezavin.com\/en\/wp-json\/wp\/v2\/product_cat?post=30972"},{"taxonomy":"product_tag","embeddable":true,"href":"https:\/\/staging.pepiniereezavin.com\/en\/wp-json\/wp\/v2\/product_tag?post=30972"}],"curies":[{"name":"wp","href":"https:\/\/api.w.org\/{rel}","templated":true}]}}