{"id":30985,"date":"2021-12-09T22:53:13","date_gmt":"2021-12-09T21:53:13","guid":{"rendered":"https:\/\/pepiniereezavin.fr\/?post_type=product&#038;p=30985"},"modified":"2023-01-05T07:11:05","modified_gmt":"2023-01-05T06:11:05","slug":"pyrrosia-lingua-kei-kan","status":"publish","type":"product","link":"https:\/\/staging.pepiniereezavin.com\/en\/product\/pyrrosia-lingua-kei-kan\/","title":{"rendered":"Pyrrosia lingua &lsquo;Kei Kan&rsquo;"},"content":{"rendered":"<p>Ce cultivar d&rsquo;<strong>origine japonaise<\/strong>\u00a0est aussi appel\u00e9 forme &lsquo;<strong>Monstruosa<\/strong>&lsquo;&#8230; peut-\u00eatre \u00e0 cause de l&rsquo;aspect\u00a0irr\u00e9gulier des marges des frondes. Les frondes sont\u00a0<strong>profond\u00e9ment lacini\u00e9es<\/strong>\u00a0sur les marges (plus la plante est grande, plus les \u00ab\u00a0franges\u00a0\u00bb sont longues), et la teinte vert velout\u00e9 blanc, avec le revers des frondes argent\u00e9es et\/ou dor\u00e9, en font un cultivar tr\u00e8s original! Culture facile, mais croissance lente. Pousse tr\u00e8s bien aussi en int\u00e9rieur, en v\u00e9randa, et sur mur v\u00e9g\u00e9tal.<\/p>\n<p><span style=\"text-decoration: underline;\">Hauteur adulte<\/span>\u00a0: 20\/40 (60)\u00a0cm.\u00a0<span style=\"text-decoration: underline;\">Origine g\u00e9ographique<\/span>\u00a0: Japon \/ Horticole.\u00a0<span style=\"text-decoration: underline;\">Persistance hiver<\/span>\u00a0: Persistant.\u00a0<span style=\"text-decoration: underline;\">Rusticit\u00e9 USDA<\/span>\u00a0:\u00a0Zone 8 (-12.2\u00b0C\/-6.7\u00b0C).<\/p>","protected":false},"excerpt":{"rendered":"<p>Ce cultivar d&rsquo;<strong>origine japonaise<\/strong>\u00a0est aussi appel\u00e9 forme &lsquo;<strong>Monstruosa<\/strong>&lsquo;&#8230; peut-\u00eatre \u00e0 cause de l&rsquo;aspect\u00a0irr\u00e9gulier des marges des frondes. Les frondes sont\u00a0<strong>profond\u00e9ment lacini\u00e9es<\/strong>\u00a0sur les marges (plus la plante est grande, plus les \u00ab\u00a0franges\u00a0\u00bb sont longues), et la teinte vert velout\u00e9 blanc, avec le revers des frondes argent\u00e9es et\/ou dor\u00e9, en font un cultivar tr\u00e8s original! Culture facile, mais croissance lente. Pousse tr\u00e8s bien aussi en int\u00e9rieur, en v\u00e9randa, et sur mur v\u00e9g\u00e9tal.<\/p>\n<p><span style=\"text-decoration: underline;\">Hauteur adulte<\/span>\u00a0: 20\/40 (60)\u00a0cm.\u00a0<span style=\"text-decoration: underline;\">Origine g\u00e9ographique<\/span>\u00a0: Japon \/ Horticole.\u00a0<span style=\"text-decoration: underline;\">Persistance hiver<\/span>\u00a0: Persistant.\u00a0<span style=\"text-decoration: underline;\">Rusticit\u00e9 USDA<\/span>\u00a0:\u00a0Zone 8 (-12.2\u00b0C\/-6.7\u00b0C).<\/p>","protected":false},"featured_media":31018,"template":"","meta":{"site-sidebar-layout":"default","site-content-layout":"default","ast-global-header-display":"","ast-main-header-display":"","ast-hfb-above-header-display":"","ast-hfb-below-header-display":"","ast-hfb-mobile-header-display":"","site-post-title":"","ast-breadcrumbs-content":"","ast-featured-img":"","footer-sml-layout":"","theme-transparent-header-meta":"default","adv-header-id-meta":"","stick-header-meta":"default","header-above-stick-meta":"","header-main-stick-meta":"","header-below-stick-meta":""},"product_cat":[535,543,545,537],"product_tag":[525,529,556,558,533],"class_list":["post-30985","product","type-product","status-publish","has-post-thumbnail","hentry","product_cat-fougeres","product_cat-fougeres-interieur","product_cat-fougeres-climat-doux","product_cat-autres-plantes","product_tag-plantes-a-feuillage-coriace","product_tag-plantes-origine-asiatique","product_tag-plantes-pour-interieur","product_tag-plantes-pour-climats-doux","product_tag-plantes-pour-mur-vegetaux","pa_taille-du-pot-pot-12-14-cm-diametre","desktop-align-center","tablet-align-center","mobile-align-center","ast-product-gallery-layout-horizontal","ast-product-single-variable","ast-product-tabs-layout-horizontal","ast-qv-on-image"],"_links":{"self":[{"href":"https:\/\/staging.pepiniereezavin.com\/en\/wp-json\/wp\/v2\/product\/30985","targetHints":{"allow":["GET"]}}],"collection":[{"href":"https:\/\/staging.pepiniereezavin.com\/en\/wp-json\/wp\/v2\/product"}],"about":[{"href":"https:\/\/staging.pepiniereezavin.com\/en\/wp-json\/wp\/v2\/types\/product"}],"wp:featuredmedia":[{"embeddable":true,"href":"https:\/\/staging.pepiniereezavin.com\/en\/wp-json\/wp\/v2\/media\/31018"}],"wp:attachment":[{"href":"https:\/\/staging.pepiniereezavin.com\/en\/wp-json\/wp\/v2\/media?parent=30985"}],"wp:term":[{"taxonomy":"product_cat","embeddable":true,"href":"https:\/\/staging.pepiniereezavin.com\/en\/wp-json\/wp\/v2\/product_cat?post=30985"},{"taxonomy":"product_tag","embeddable":true,"href":"https:\/\/staging.pepiniereezavin.com\/en\/wp-json\/wp\/v2\/product_tag?post=30985"}],"curies":[{"name":"wp","href":"https:\/\/api.w.org\/{rel}","templated":true}]}}