{"id":30989,"date":"2021-12-09T22:53:13","date_gmt":"2021-12-09T21:53:13","guid":{"rendered":"https:\/\/pepiniereezavin.fr\/?post_type=product&#038;p=30989"},"modified":"2022-12-03T10:49:07","modified_gmt":"2022-12-03T09:49:07","slug":"begonia-carolineifolia","status":"publish","type":"product","link":"https:\/\/staging.pepiniereezavin.com\/en\/product\/begonia-carolineifolia\/","title":{"rendered":"Begonia carolineifolia"},"content":{"rendered":"<p><em>Begonia carolineifolia<\/em> a des <strong>feuilles palm\u00e9es<\/strong>\u00a0port\u00e9es par des <strong>tiges \u00e9paisses,<\/strong> jusqu&rsquo;\u00e0 3 cm de diam\u00e8tre. La plante garde un port assez compact, et, surtout, pr\u00e9sente, malgr\u00e9 ses origines tropicales humides, une excellente r\u00e9sistance \u00e0 des p\u00e9riodes s\u00e8ches. Lors de <strong>s\u00e9cheresses<\/strong> prolong\u00e9es, les feuilles peuvent tomber, et la plante passe en repos, puis red\u00e9marre quand les arrosages reprennent&#8230;pas de probl\u00e8me pour les vacances! Culture facile en int\u00e9rieur. La tige peut devenir retombante lorsque la plante est cultiv\u00e9e pendant longtemps dans son pot.<\/p>\n<p><span style=\"text-decoration: underline;\">Hauteur adulte<\/span>\u00a0: 40\/60.\u00a0<span style=\"text-decoration: underline;\">Origine g\u00e9ographique<\/span>\u00a0:\u00a0Am\u00e9rique centrale.\u00a0<span style=\"text-decoration: underline;\">Persistance hiver<\/span>\u00a0: Persistant.\u00a0<span style=\"text-decoration: underline;\">Rusticit\u00e9 USDA<\/span>\u00a0: Zone 10.<\/p>","protected":false},"excerpt":{"rendered":"<p><em>Begonia carolineifolia<\/em> a des <strong>feuilles palm\u00e9es<\/strong>\u00a0port\u00e9es par des <strong>tiges \u00e9paisses,<\/strong> jusqu&rsquo;\u00e0 3 cm de diam\u00e8tre. La plante garde un port assez compact, et, surtout, pr\u00e9sente, malgr\u00e9 ses origines tropicales humides, une excellente r\u00e9sistance \u00e0 des p\u00e9riodes s\u00e8ches. Lors de <strong>s\u00e9cheresses<\/strong> prolong\u00e9es, les feuilles peuvent tomber, et la plante passe en repos, puis red\u00e9marre quand les arrosages reprennent&#8230;pas de probl\u00e8me pour les vacances! Culture facile en int\u00e9rieur. La tige peut devenir retombante lorsque la plante est cultiv\u00e9e pendant longtemps dans son pot.<\/p>\n<p><span style=\"text-decoration: underline;\">Hauteur adulte<\/span>\u00a0: 40\/60.\u00a0<span style=\"text-decoration: underline;\">Origine g\u00e9ographique<\/span>\u00a0:\u00a0Am\u00e9rique centrale.\u00a0<span style=\"text-decoration: underline;\">Persistance hiver<\/span>\u00a0: Persistant.\u00a0<span style=\"text-decoration: underline;\">Rusticit\u00e9 USDA<\/span>\u00a0: Zone 10.<\/p>","protected":false},"featured_media":31027,"template":"","meta":{"site-sidebar-layout":"default","site-content-layout":"default","ast-global-header-display":"","ast-main-header-display":"","ast-hfb-above-header-display":"","ast-hfb-below-header-display":"","ast-hfb-mobile-header-display":"","site-post-title":"","ast-breadcrumbs-content":"","ast-featured-img":"","footer-sml-layout":"","theme-transparent-header-meta":"default","adv-header-id-meta":"","stick-header-meta":"default","header-above-stick-meta":"","header-main-stick-meta":"","header-below-stick-meta":""},"product_cat":[536,547],"product_tag":[520,528,556],"class_list":["post-30989","product","type-product","status-publish","has-post-thumbnail","hentry","product_cat-begonias","product_cat-begonias-interieur","product_tag-begonias-botaniques","product_tag-plantes-origine-americaine","product_tag-plantes-pour-interieur","pa_taille-du-pot-pot-12-14-cm-diametre","desktop-align-center","tablet-align-center","mobile-align-center","ast-product-gallery-layout-horizontal","ast-product-single-variable","ast-product-tabs-layout-horizontal","ast-qv-on-image"],"_links":{"self":[{"href":"https:\/\/staging.pepiniereezavin.com\/en\/wp-json\/wp\/v2\/product\/30989","targetHints":{"allow":["GET"]}}],"collection":[{"href":"https:\/\/staging.pepiniereezavin.com\/en\/wp-json\/wp\/v2\/product"}],"about":[{"href":"https:\/\/staging.pepiniereezavin.com\/en\/wp-json\/wp\/v2\/types\/product"}],"wp:featuredmedia":[{"embeddable":true,"href":"https:\/\/staging.pepiniereezavin.com\/en\/wp-json\/wp\/v2\/media\/31027"}],"wp:attachment":[{"href":"https:\/\/staging.pepiniereezavin.com\/en\/wp-json\/wp\/v2\/media?parent=30989"}],"wp:term":[{"taxonomy":"product_cat","embeddable":true,"href":"https:\/\/staging.pepiniereezavin.com\/en\/wp-json\/wp\/v2\/product_cat?post=30989"},{"taxonomy":"product_tag","embeddable":true,"href":"https:\/\/staging.pepiniereezavin.com\/en\/wp-json\/wp\/v2\/product_tag?post=30989"}],"curies":[{"name":"wp","href":"https:\/\/api.w.org\/{rel}","templated":true}]}}