{"id":31038,"date":"2021-12-09T23:09:50","date_gmt":"2021-12-09T22:09:50","guid":{"rendered":"https:\/\/pepiniereezavin.fr\/?post_type=product&#038;p=31038"},"modified":"2022-09-28T09:50:28","modified_gmt":"2022-09-28T07:50:28","slug":"begonia-burkilii","status":"publish","type":"product","link":"https:\/\/staging.pepiniereezavin.com\/en\/product\/begonia-burkilii\/","title":{"rendered":"Begonia burkilii"},"content":{"rendered":"<p>Ce Begonia indien est \u00a0surprenant par ses couleurs de feuillage : <strong>vert pistache et marron chocolat<\/strong>, le tout iris\u00e9 ! Aussi bien en pot que sur notre mur v\u00e9g\u00e9tal, il donne de tr\u00e8s bons r\u00e9sultats. Son <strong>port compact<\/strong> le rend attractif pour une culture en int\u00e9rieur humide, ou en terrarium, ou encore sur un<strong> mur v\u00e9g\u00e9tal<\/strong>. L&rsquo;hiver, il peut \u00eatre conserv\u00e9 en terrarium, il reste alors en v\u00e9g\u00e9tation et fleurit en hiver. Ou alors en serre froide (5\u00b0C mini la nuit, 20\/25\u00b0C le jour), au sec. C&rsquo;est ce que nous faisons et ils fleurissent vers le mois de mars. Cette esp\u00e8ce est dio\u00efque (pieds m\u00e2les et femelles), nous vendons une souche femelle.<\/p>\n<p><span style=\"text-decoration: underline;\">Hauteur adulte<\/span>\u00a0: 20\/40.\u00a0<span style=\"text-decoration: underline;\">Origine g\u00e9ographique<\/span>\u00a0:Inde (Arunachal Pradesh).\u00a0<span style=\"text-decoration: underline;\">Persistance hiver<\/span>\u00a0: Persistant.\u00a0<span style=\"text-decoration: underline;\">Rusticit\u00e9 USDA<\/span>\u00a0:\u00a0Zone 11 (+4.4\u00b0C\/+10\u00b0C)<\/p>","protected":false},"excerpt":{"rendered":"<p>Ce Begonia indien est \u00a0surprenant par ses couleurs de feuillage :\u00a0<strong>vert pistache et marron chocolat<\/strong>, le tout iris\u00e9 ! Aussi bien en pot que sur notre mur v\u00e9g\u00e9tal, il donne de tr\u00e8s bons r\u00e9sultats. Son\u00a0<strong>port compact<\/strong>\u00a0le rend attractif pour une culture en int\u00e9rieur humide, ou en terrarium, ou encore sur un<strong>\u00a0mur v\u00e9g\u00e9tal<\/strong>. L&rsquo;hiver, il peut \u00eatre conserv\u00e9 en terrarium, il reste alors en v\u00e9g\u00e9tation et fleurit en hiver. Ou alors en serre froide (5\u00b0C mini la nuit, 20\/25\u00b0C le jour), au sec. C&rsquo;est ce que nous faisons et ils fleurissent vers le mois de mars. Cette esp\u00e8ce est dio\u00efque (pieds m\u00e2les et femelles), nous vendons une souche femelle.<\/p>\n<p><span style=\"text-decoration: underline;\">Hauteur adulte<\/span>\u00a0: 20\/40.\u00a0<span style=\"text-decoration: underline;\">Origine g\u00e9ographique<\/span>\u00a0:Inde (Arunachal Pradesh).\u00a0<span style=\"text-decoration: underline;\">Persistance hiver<\/span>\u00a0: Persistant.\u00a0<span style=\"text-decoration: underline;\">Rusticit\u00e9 USDA<\/span>\u00a0:\u00a0Zone 11 (+4.4\u00b0C\/+10\u00b0C)<\/p>","protected":false},"featured_media":31068,"template":"","meta":{"site-sidebar-layout":"default","site-content-layout":"default","ast-global-header-display":"","ast-main-header-display":"","ast-hfb-above-header-display":"","ast-hfb-below-header-display":"","ast-hfb-mobile-header-display":"","site-post-title":"","ast-breadcrumbs-content":"","ast-featured-img":"","footer-sml-layout":"","theme-transparent-header-meta":"","adv-header-id-meta":"","stick-header-meta":"","header-above-stick-meta":"","header-main-stick-meta":"","header-below-stick-meta":""},"product_cat":[536,547,548],"product_tag":[529,556,533,557],"class_list":["post-31038","product","type-product","status-publish","has-post-thumbnail","hentry","product_cat-begonias","product_cat-begonias-interieur","product_cat-begonias-terrarium","product_tag-plantes-origine-asiatique","product_tag-plantes-pour-interieur","product_tag-plantes-pour-mur-vegetaux","product_tag-plantes-pour-terrarium","pa_taille-du-pot-pot-10-12-cm-diametre","desktop-align-center","tablet-align-center","mobile-align-center","ast-product-gallery-layout-horizontal","ast-product-single-variable","ast-product-tabs-layout-horizontal","ast-qv-on-image"],"_links":{"self":[{"href":"https:\/\/staging.pepiniereezavin.com\/en\/wp-json\/wp\/v2\/product\/31038","targetHints":{"allow":["GET"]}}],"collection":[{"href":"https:\/\/staging.pepiniereezavin.com\/en\/wp-json\/wp\/v2\/product"}],"about":[{"href":"https:\/\/staging.pepiniereezavin.com\/en\/wp-json\/wp\/v2\/types\/product"}],"wp:featuredmedia":[{"embeddable":true,"href":"https:\/\/staging.pepiniereezavin.com\/en\/wp-json\/wp\/v2\/media\/31068"}],"wp:attachment":[{"href":"https:\/\/staging.pepiniereezavin.com\/en\/wp-json\/wp\/v2\/media?parent=31038"}],"wp:term":[{"taxonomy":"product_cat","embeddable":true,"href":"https:\/\/staging.pepiniereezavin.com\/en\/wp-json\/wp\/v2\/product_cat?post=31038"},{"taxonomy":"product_tag","embeddable":true,"href":"https:\/\/staging.pepiniereezavin.com\/en\/wp-json\/wp\/v2\/product_tag?post=31038"}],"curies":[{"name":"wp","href":"https:\/\/api.w.org\/{rel}","templated":true}]}}